{"id":56971,"date":"2017-05-05T11:55:57","date_gmt":"2017-05-05T09:55:57","guid":{"rendered":"https:\/\/undsgn.com\/uncode\/?page_id=56971"},"modified":"2022-09-07T23:13:37","modified_gmt":"2022-09-07T21:13:37","slug":"sobre-giraffe","status":"publish","type":"page","link":"https:\/\/www.giraffe-andorra.com\/es\/sobre-giraffe\/","title":{"rendered":"Sobre Giraffe"},"content":{"rendered":"<div class=\"wpb-content-wrapper\"><p>[vc_row row_height_percent=\u00bb0&#8243; override_padding=\u00bbyes\u00bb h_padding=\u00bb2&#8243; top_padding=\u00bb0&#8243; bottom_padding=\u00bb0&#8243; overlay_alpha=\u00bb50&#8243; gutter_size=\u00bb3&#8243; column_width_percent=\u00bb100&#8243; shift_y=\u00bb0&#8243; z_index=\u00bb0&#8243; uncode_shortcode_id=\u00bb127537&#8243;][vc_column column_width_percent=\u00bb\u00bb position_horizontal=\u00bbleft\u00bb gutter_size=\u00bb\u00bb override_padding=\u00bbyes\u00bb column_padding=\u00bb\u00bb overlay_alpha=\u00bb\u00bb shift_x=\u00bb\u00bb shift_y=\u00bb\u00bb shift_y_fixed=\u00bbyes\u00bb shift_y_down=\u00bb\u00bb z_index=\u00bb\u00bb medium_width=\u00bb\u00bb mobile_width=\u00bb\u00bb width=\u00bb1\/1&#8243; uncode_shortcode_id=\u00bb347738&#8243;][vc_row_inner row_inner_height_percent=\u00bb0&#8243; overlay_alpha=\u00bb50&#8243; equal_height=\u00bbyes\u00bb gutter_size=\u00bb0&#8243; shift_y=\u00bb0&#8243;][vc_column_inner column_width_percent=\u00bb100&#8243; position_vertical=\u00bbmiddle\u00bb align_horizontal=\u00bbalign_right\u00bb gutter_size=\u00bb3&#8243; override_padding=\u00bbyes\u00bb column_padding=\u00bb2&#8243; overlay_alpha=\u00bb50&#8243; border_color=\u00bbcolor-gyho\u00bb border_style=\u00bbsolid\u00bb shift_x=\u00bb0&#8243; shift_y=\u00bb0&#8243; shift_y_down=\u00bb0&#8243; z_index=\u00bb0&#8243; medium_width=\u00bb2&#8243; align_mobile=\u00bbalign_center_mobile\u00bb mobile_width=\u00bb0&#8243; width=\u00bb3\/12&#8243; css=\u00bb.vc_custom_1495102345881{border-right-width: 1px !important;}\u00bb][vc_custom_heading heading_semantic=\u00bbh3&#8243; text_font=\u00bbfont-202503&#8243; text_size=\u00bbh3&#8243; text_weight=\u00bb200&#8243; text_transform=\u00bbuppercase\u00bb text_space=\u00bbfontspace-781688&#8243; uncode_shortcode_id=\u00bb148024&#8243;]<\/p>\n<p class=\"vc_custom_heading\">Qui\u00e9n somos<\/p>\n<p>[\/vc_custom_heading][\/vc_column_inner][vc_column_inner column_width_percent=\u00bb100&#8243; position_vertical=\u00bbmiddle\u00bb gutter_size=\u00bb3&#8243; override_padding=\u00bbyes\u00bb column_padding=\u00bb2&#8243; font_family=\u00bbfont-175345&#8243; overlay_alpha=\u00bb50&#8243; shift_x=\u00bb0&#8243; shift_y=\u00bb0&#8243; shift_y_down=\u00bb0&#8243; z_index=\u00bb0&#8243; medium_width=\u00bb6&#8243; align_mobile=\u00bbalign_center_mobile\u00bb mobile_width=\u00bb0&#8243; width=\u00bb9\/12&#8243; uncode_shortcode_id=\u00bb187463&#8243;][vc_custom_heading text_font=\u00bbfont-175345&#8243; text_size=\u00bbfontsize-155944&#8243; text_weight=\u00bb200&#8243; text_space=\u00bbfontspace-781688&#8243; uncode_shortcode_id=\u00bb170867&#8243;]Un nuevo concepto de consultor\u00eda <em>boutique\u00a0<\/em> y gestor\u00eda para empresas y emprendedores.[\/vc_custom_heading][\/vc_column_inner][\/vc_row_inner][\/vc_column][\/vc_row][vc_row row_height_percent=\u00bb0&#8243; override_padding=\u00bbyes\u00bb h_padding=\u00bb2&#8243; top_padding=\u00bb0&#8243; bottom_padding=\u00bb0&#8243; overlay_alpha=\u00bb50&#8243; gutter_size=\u00bb3&#8243; column_width_percent=\u00bb100&#8243; shift_y=\u00bb0&#8243; z_index=\u00bb0&#8243;][vc_column column_width_use_pixel=\u00bbyes\u00bb gutter_size=\u00bb2&#8243; font_family=\u00bbfont-175345&#8243; overlay_alpha=\u00bb50&#8243; shift_x=\u00bb0&#8243; shift_y=\u00bb0&#8243; shift_y_down=\u00bb0&#8243; z_index=\u00bb0&#8243; medium_width=\u00bb0&#8243; align_mobile=\u00bbalign_center_mobile\u00bb mobile_width=\u00bb0&#8243; width=\u00bb1\/1&#8243; column_width_pixel=\u00bb800&#8243; uncode_shortcode_id=\u00bb209195&#8243;][vc_column_text text_lead=\u00bbyes\u00bb uncode_shortcode_id=\u00bb124735&#8243;]\u00bfY qu\u00e9 significa boutique? Significa que ning\u00fan proyecto en el que trabajamos se trata igual. Tendr\u00e1s en tu equipo a profesionales senior que abordar\u00e1n tu proyecto con el nivel de especializaci\u00f3n que requiere. No creemos en f\u00f3rmulas est\u00e1ndar. Somos Jordi, Josep Mar\u00eda, Jordi y Marcel, y en nuestros m\u00e1s de 20 a\u00f1os en el mundo empresarial, nos hemos formado para hoy poder ofrecer a nuestros clientes, un asesoramiento en diferentes \u00e1reas y \u00e1mbitos. Desde la estrategia empresarial, la gesti\u00f3n de negocios familiares hasta el desarrollo de nuevos negocios.[\/vc_column_text][\/vc_column][\/vc_row][vc_row row_height_percent=\u00bb0&#8243; override_padding=\u00bbyes\u00bb h_padding=\u00bb2&#8243; top_padding=\u00bb4&#8243; bottom_padding=\u00bb4&#8243; overlay_alpha=\u00bb50&#8243; gutter_size=\u00bb3&#8243; column_width_percent=\u00bb100&#8243; shift_y=\u00bb0&#8243; z_index=\u00bb0&#8243;][vc_column column_width_percent=\u00bb100&#8243; align_horizontal=\u00bbalign_center\u00bb gutter_size=\u00bb3&#8243; overlay_alpha=\u00bb50&#8243; shift_x=\u00bb0&#8243; shift_y=\u00bb0&#8243; shift_y_down=\u00bb0&#8243; z_index=\u00bb0&#8243; medium_width=\u00bb0&#8243; mobile_width=\u00bb0&#8243; width=\u00bb1\/1&#8243;][vc_custom_heading heading_semantic=\u00bbh1&#8243; text_font=\u00bbfont-175345&#8243; text_size=\u00bbh1&#8243; text_weight=\u00bb300&#8243; text_space=\u00bbfontspace-111509&#8243; uncode_shortcode_id=\u00bb976973&#8243;]Nosotros somos los socios[\/vc_custom_heading][vc_row_inner][vc_column_inner width=\u00bb1\/2&#8243;][vc_single_image media=\u00bb88006&#8243; media_width_percent=\u00bb51&#8243; alignment=\u00bbcenter\u00bb uncode_shortcode_id=\u00bb138806&#8243;][vc_column_text uncode_shortcode_id=\u00bb157924&#8243;]<\/p>\n<h3 class=\"t-entry-title font-202503 h3 font-weight-400 fontspace-781688\" style=\"text-align: center;\">JORDI CINCA<\/h3>\n<p class=\"t-entry-meta\" style=\"text-align: center;\">CEO Y SOCIO<\/p>\n<p class=\"t-entry-excerpt \" style=\"text-align: center;\">Especialista en estrategia y organizaci\u00f3n empresarial, y en sector p\u00fablico.<\/p>\n<p>[\/vc_column_text][\/vc_column_inner][vc_column_inner width=\u00bb1\/2&#8243;][vc_single_image media=\u00bb88005&#8243; media_width_percent=\u00bb50&#8243; alignment=\u00bbcenter\u00bb uncode_shortcode_id=\u00bb132375&#8243;][vc_column_text uncode_shortcode_id=\u00bb258660&#8243;]<\/p>\n<h3 class=\"t-entry-title font-202503 h3 font-weight-400 fontspace-781688\" style=\"text-align: center;\">JOSEP M\u00aa MISS\u00c9<\/h3>\n<p class=\"t-entry-meta\" style=\"text-align: center;\">SOCIO<\/p>\n<p class=\"t-entry-excerpt \" style=\"text-align: center;\">Especializado en diversificaci\u00f3n y desarrollo de nuevos negocios.<\/p>\n<p>[\/vc_column_text][\/vc_column_inner][\/vc_row_inner][\/vc_column][\/vc_row][vc_row row_height_percent=\u00bb0&#8243; back_color=\u00bbcolor-143431&#8243; overlay_alpha=\u00bb50&#8243; gutter_size=\u00bb3&#8243; column_width_percent=\u00bb100&#8243; shift_y=\u00bb0&#8243; z_index=\u00bb0&#8243; uncode_shortcode_id=\u00bb701382&#8243; back_color_type=\u00bbuncode-palette\u00bb][vc_column width=\u00bb1\/1&#8243;][vc_empty_space empty_h=\u00bb2&#8243;][vc_column_text uncode_shortcode_id=\u00bb320961&#8243;]<\/p>\n<h4 style=\"text-align: center;\">Si quieres conocernos, ll\u00e1manos o escr\u00edbenos<\/h4>\n<p>[\/vc_column_text][vc_column_text uncode_shortcode_id=\u00bb185192&#8243;]<\/p>\n<h2 style=\"text-align: center;\"><span class=\"font-175345\"><a href=\"tel: +376332007\">+376332007<\/a><\/span><\/h2>\n<h2 style=\"text-align: center;\"><span class=\"font-175345\" style=\"color: #000000;\"><a style=\"color: #000000;\" href=\"mailto:contact@giraffe-andorra.com\">contact@giraffe-andorra.com<\/a><\/span><\/h2>\n<p>[\/vc_column_text][vc_empty_space empty_h=\u00bb2&#8243;][\/vc_column][\/vc_row][vc_row row_height_percent=\u00bb0&#8243; override_padding=\u00bbyes\u00bb h_padding=\u00bb2&#8243; top_padding=\u00bb4&#8243; bottom_padding=\u00bb4&#8243; overlay_alpha=\u00bb50&#8243; gutter_size=\u00bb3&#8243; column_width_percent=\u00bb100&#8243; shift_y=\u00bb0&#8243; z_index=\u00bb0&#8243;][vc_column column_width_percent=\u00bb100&#8243; align_horizontal=\u00bbalign_center\u00bb gutter_size=\u00bb3&#8243; overlay_alpha=\u00bb50&#8243; shift_x=\u00bb0&#8243; shift_y=\u00bb0&#8243; shift_y_down=\u00bb0&#8243; z_index=\u00bb0&#8243; medium_width=\u00bb0&#8243; mobile_width=\u00bb0&#8243; width=\u00bb1\/1&#8243;][vc_custom_heading heading_semantic=\u00bbh1&#8243; text_font=\u00bbfont-175345&#8243; text_size=\u00bbh1&#8243; text_weight=\u00bb300&#8243; text_space=\u00bbfontspace-111509&#8243; uncode_shortcode_id=\u00bb101605&#8243;]Y estos son nuestros colaboradores[\/vc_custom_heading][vc_row_inner][vc_column_inner width=\u00bb1\/2&#8243;][vc_single_image media=\u00bb88015&#8243; media_width_percent=\u00bb50&#8243; alignment=\u00bbcenter\u00bb uncode_shortcode_id=\u00bb196753&#8243;][vc_column_text uncode_shortcode_id=\u00bb178629&#8243;]<\/p>\n<h3 class=\"t-entry-title font-202503 h3 font-weight-400 fontspace-781688\" style=\"text-align: center;\">JORDI MAR\u00cdN<\/h3>\n<p class=\"t-entry-meta\" style=\"text-align: center;\">COLABORADOR EXTERNO EN CONSULTOR\u00cdA<\/p>\n<p class=\"t-entry-excerpt \" style=\"text-align: center;\">Gur\u00fa de la innovaci\u00f3n y de la transformaci\u00f3n digital.<\/p>\n<p>[\/vc_column_text][\/vc_column_inner][vc_column_inner width=\u00bb1\/2&#8243;][vc_single_image media=\u00bb88008&#8243; media_width_percent=\u00bb50&#8243; alignment=\u00bbcenter\u00bb uncode_shortcode_id=\u00bb683730&#8243;][vc_column_text uncode_shortcode_id=\u00bb113775&#8243;]<\/p>\n<h3 class=\"t-entry-title font-202503 h3 font-weight-400 fontspace-781688\" style=\"text-align: center;\">MARCEL MU\u00d1OZ<\/h3>\n<p class=\"t-entry-meta\" style=\"text-align: center;\">COLABORADOR EN CONSULTOR\u00cdA<\/p>\n<p class=\"t-entry-excerpt \" style=\"text-align: center;\">Experto en finanzas corporativas.<\/p>\n<p>[\/vc_column_text][\/vc_column_inner][\/vc_row_inner][vc_empty_space empty_h=\u00bb2&#8243;][vc_separator sep_color=\u00bbcolor-jevc\u00bb uncode_shortcode_id=\u00bb174470&#8243; sep_color_type=\u00bbuncode-palette\u00bb][\/vc_column][\/vc_row][vc_row row_height_percent=\u00bb0&#8243; override_padding=\u00bbyes\u00bb h_padding=\u00bb2&#8243; top_padding=\u00bb0&#8243; bottom_padding=\u00bb4&#8243; overlay_alpha=\u00bb50&#8243; gutter_size=\u00bb3&#8243; column_width_percent=\u00bb100&#8243; shift_y=\u00bb0&#8243; z_index=\u00bb0&#8243;][vc_column column_width_use_pixel=\u00bbyes\u00bb gutter_size=\u00bb3&#8243; font_family=\u00bbfont-202503&#8243; overlay_alpha=\u00bb50&#8243; shift_x=\u00bb0&#8243; shift_y=\u00bb0&#8243; shift_y_down=\u00bb0&#8243; z_index=\u00bb0&#8243; medium_width=\u00bb0&#8243; align_mobile=\u00bbalign_center_mobile\u00bb mobile_width=\u00bb0&#8243; width=\u00bb1\/1&#8243; column_width_pixel=\u00bb800&#8243;][vc_row_inner][vc_column_inner column_width_percent=\u00bb100&#8243; align_horizontal=\u00bbalign_center\u00bb gutter_size=\u00bb2&#8243; overlay_alpha=\u00bb50&#8243; shift_x=\u00bb0&#8243; shift_y=\u00bb0&#8243; shift_y_down=\u00bb0&#8243; z_index=\u00bb0&#8243; medium_width=\u00bb0&#8243; mobile_width=\u00bb0&#8243; width=\u00bb1\/1&#8243; uncode_shortcode_id=\u00bb959590&#8243;][vc_custom_heading heading_semantic=\u00bbh4&#8243; text_font=\u00bbfont-175345&#8243; text_size=\u00bbh4&#8243; text_weight=\u00bb300&#8243; text_space=\u00bbfontspace-111509&#8243; uncode_shortcode_id=\u00bb324216&#8243;]<\/p>\n<h4 style=\"text-align: center;\">Tambi\u00e9n puedes visitarnos \ud83d\ude42<\/h4>\n<p>[\/vc_custom_heading][vc_single_image media=\u00bb87977&#8243; media_width_use_pixel=\u00bbyes\u00bb alignment=\u00bbcenter\u00bb uncode_shortcode_id=\u00bb665251&#8243; media_width_pixel=\u00bb300&#8243;][vc_column_text uncode_shortcode_id=\u00bb590704&#8243;]<\/p>\n<h4 style=\"text-align: center;\"><span class=\"font-377884\">C. Bonaventura Armengol, 10<br \/>\n<\/span><span class=\"font-377884\">Edificio Monclar<br \/>\nEscalera 2 &#8211; 6a planta &#8211; Despacho 3<br \/>\nAndorra la Vella<br \/>\nAD500 &#8211; ANDORRA<\/span><\/h4>\n<p>[\/vc_column_text][vc_empty_space empty_h=\u00bb2&#8243;][vc_button button_color=\u00bbcolor-143431&#8243; border_width=\u00bb0&#8243; link=\u00bburl:https%3A%2F%2Fgoo.gl%2Fmaps%2F3W7pHnboZVvPJunZ8|target:_blank\u00bb button_color_type=\u00bbuncode-palette\u00bb uncode_shortcode_id=\u00bb129708&#8243;]C\u00f3mo llegar[\/vc_button][vc_empty_space empty_h=\u00bb2&#8243;][\/vc_column_inner][\/vc_row_inner][\/vc_column][\/vc_row]<\/p>\n<\/div>","protected":false},"excerpt":{"rendered":"<p>[vc_row row_height_percent=\u00bb0&#8243; override_padding=\u00bbyes\u00bb h_padding=\u00bb2&#8243; top_padding=\u00bb0&#8243; bottom_padding=\u00bb0&#8243; overlay_alpha=\u00bb50&#8243; gutter_size=\u00bb3&#8243; column_width_percent=\u00bb100&#8243; shift_y=\u00bb0&#8243; z_index=\u00bb0&#8243; uncode_shortcode_id=\u00bb127537&#8243;][vc_column column_width_percent=\u00bb\u00bb position_horizontal=\u00bbleft\u00bb gutter_size=\u00bb\u00bb override_padding=\u00bbyes\u00bb column_padding=\u00bb\u00bb overlay_alpha=\u00bb\u00bb shift_x=\u00bb\u00bb shift_y=\u00bb\u00bb [&hellip;]<\/p>\n","protected":false},"author":1,"featured_media":88356,"parent":0,"menu_order":0,"comment_status":"closed","ping_status":"closed","template":"","meta":{"footnotes":""},"yoast_head":"<!-- This site is optimized with the Yoast SEO plugin v22.3 - https:\/\/yoast.com\/wordpress\/plugins\/seo\/ -->\n<title>Consultor\u00eda y gestor\u00eda para empresas y emprendedores Andorra<\/title>\n<meta name=\"description\" content=\"Un nuevo concepto de consultor\u00eda y gestor\u00eda para empresas y emprendedores en Andorra. Como iniciar negocio. Como ser autonomo Andorra\" \/>\n<meta name=\"robots\" content=\"index, follow, max-snippet:-1, max-image-preview:large, max-video-preview:-1\" \/>\n<link rel=\"canonical\" href=\"https:\/\/www.giraffe-andorra.com\/es\/sobre-giraffe\/\" \/>\n<meta property=\"og:locale\" content=\"es_ES\" \/>\n<meta property=\"og:type\" content=\"article\" \/>\n<meta property=\"og:title\" content=\"Consultor\u00eda y gestor\u00eda para empresas y emprendedores Andorra\" \/>\n<meta property=\"og:description\" content=\"Un nuevo concepto de consultor\u00eda y gestor\u00eda para empresas y emprendedores en Andorra. Como iniciar negocio. Como ser autonomo Andorra\" \/>\n<meta property=\"og:url\" content=\"https:\/\/www.giraffe-andorra.com\/es\/sobre-giraffe\/\" \/>\n<meta property=\"og:site_name\" content=\"Giraffe Strategy\" \/>\n<meta property=\"article:modified_time\" content=\"2022-09-07T21:13:37+00:00\" \/>\n<meta property=\"og:image\" content=\"https:\/\/www.giraffe-andorra.com\/wp-content\/uploads\/2021\/10\/giraffe-strategy_consultoria.jpg\" \/>\n\t<meta property=\"og:image:width\" content=\"1200\" \/>\n\t<meta property=\"og:image:height\" content=\"657\" \/>\n\t<meta property=\"og:image:type\" content=\"image\/jpeg\" \/>\n<meta name=\"twitter:card\" content=\"summary_large_image\" \/>\n<meta name=\"twitter:label1\" content=\"Tiempo de lectura\" \/>\n\t<meta name=\"twitter:data1\" content=\"3 minutos\" \/>\n<script type=\"application\/ld+json\" class=\"yoast-schema-graph\">{\"@context\":\"https:\/\/schema.org\",\"@graph\":[{\"@type\":\"WebPage\",\"@id\":\"https:\/\/www.giraffe-andorra.com\/es\/sobre-giraffe\/\",\"url\":\"https:\/\/www.giraffe-andorra.com\/es\/sobre-giraffe\/\",\"name\":\"Consultor\u00eda y gestor\u00eda para empresas y emprendedores Andorra\",\"isPartOf\":{\"@id\":\"https:\/\/www.giraffe-andorra.com\/#website\"},\"primaryImageOfPage\":{\"@id\":\"https:\/\/www.giraffe-andorra.com\/es\/sobre-giraffe\/#primaryimage\"},\"image\":{\"@id\":\"https:\/\/www.giraffe-andorra.com\/es\/sobre-giraffe\/#primaryimage\"},\"thumbnailUrl\":\"https:\/\/www.giraffe-andorra.com\/wp-content\/uploads\/2021\/10\/giraffe-strategy_consultoria.jpg\",\"datePublished\":\"2017-05-05T09:55:57+00:00\",\"dateModified\":\"2022-09-07T21:13:37+00:00\",\"description\":\"Un nuevo concepto de consultor\u00eda y gestor\u00eda para empresas y emprendedores en Andorra. Como iniciar negocio. Como ser autonomo Andorra\",\"breadcrumb\":{\"@id\":\"https:\/\/www.giraffe-andorra.com\/es\/sobre-giraffe\/#breadcrumb\"},\"inLanguage\":\"es\",\"potentialAction\":[{\"@type\":\"ReadAction\",\"target\":[\"https:\/\/www.giraffe-andorra.com\/es\/sobre-giraffe\/\"]}]},{\"@type\":\"ImageObject\",\"inLanguage\":\"es\",\"@id\":\"https:\/\/www.giraffe-andorra.com\/es\/sobre-giraffe\/#primaryimage\",\"url\":\"https:\/\/www.giraffe-andorra.com\/wp-content\/uploads\/2021\/10\/giraffe-strategy_consultoria.jpg\",\"contentUrl\":\"https:\/\/www.giraffe-andorra.com\/wp-content\/uploads\/2021\/10\/giraffe-strategy_consultoria.jpg\",\"width\":1200,\"height\":657,\"caption\":\"sobre giraffe, giraffe andorra, consultoria andorra, gestoria Andorra\"},{\"@type\":\"BreadcrumbList\",\"@id\":\"https:\/\/www.giraffe-andorra.com\/es\/sobre-giraffe\/#breadcrumb\",\"itemListElement\":[{\"@type\":\"ListItem\",\"position\":1,\"name\":\"Inici\",\"item\":\"https:\/\/www.giraffe-andorra.com\/es\/\"},{\"@type\":\"ListItem\",\"position\":2,\"name\":\"Sobre Giraffe\"}]},{\"@type\":\"WebSite\",\"@id\":\"https:\/\/www.giraffe-andorra.com\/#website\",\"url\":\"https:\/\/www.giraffe-andorra.com\/\",\"name\":\"Giraffe Strategy\",\"description\":\"Consultoria y gestoria en Andorra\",\"publisher\":{\"@id\":\"https:\/\/www.giraffe-andorra.com\/#organization\"},\"potentialAction\":[{\"@type\":\"SearchAction\",\"target\":{\"@type\":\"EntryPoint\",\"urlTemplate\":\"https:\/\/www.giraffe-andorra.com\/?s={search_term_string}\"},\"query-input\":\"required name=search_term_string\"}],\"inLanguage\":\"es\"},{\"@type\":\"Organization\",\"@id\":\"https:\/\/www.giraffe-andorra.com\/#organization\",\"name\":\"Giraffe Andorra\",\"url\":\"https:\/\/www.giraffe-andorra.com\/\",\"logo\":{\"@type\":\"ImageObject\",\"inLanguage\":\"es\",\"@id\":\"https:\/\/www.giraffe-andorra.com\/#\/schema\/logo\/image\/\",\"url\":\"https:\/\/www.giraffe-andorra.com\/wp-content\/uploads\/2021\/05\/GIRAFFE-STRATEGY-Andorra.png\",\"contentUrl\":\"https:\/\/www.giraffe-andorra.com\/wp-content\/uploads\/2021\/05\/GIRAFFE-STRATEGY-Andorra.png\",\"width\":500,\"height\":188,\"caption\":\"Giraffe Andorra\"},\"image\":{\"@id\":\"https:\/\/www.giraffe-andorra.com\/#\/schema\/logo\/image\/\"},\"sameAs\":[\"https:\/\/es.linkedin.com\/company\/giraffe-strategy\"]}]}<\/script>\n<!-- \/ Yoast SEO plugin. -->","yoast_head_json":{"title":"Consultor\u00eda y gestor\u00eda para empresas y emprendedores Andorra","description":"Un nuevo concepto de consultor\u00eda y gestor\u00eda para empresas y emprendedores en Andorra. Como iniciar negocio. Como ser autonomo Andorra","robots":{"index":"index","follow":"follow","max-snippet":"max-snippet:-1","max-image-preview":"max-image-preview:large","max-video-preview":"max-video-preview:-1"},"canonical":"https:\/\/www.giraffe-andorra.com\/es\/sobre-giraffe\/","og_locale":"es_ES","og_type":"article","og_title":"Consultor\u00eda y gestor\u00eda para empresas y emprendedores Andorra","og_description":"Un nuevo concepto de consultor\u00eda y gestor\u00eda para empresas y emprendedores en Andorra. Como iniciar negocio. Como ser autonomo Andorra","og_url":"https:\/\/www.giraffe-andorra.com\/es\/sobre-giraffe\/","og_site_name":"Giraffe Strategy","article_modified_time":"2022-09-07T21:13:37+00:00","og_image":[{"width":1200,"height":657,"url":"https:\/\/www.giraffe-andorra.com\/wp-content\/uploads\/2021\/10\/giraffe-strategy_consultoria.jpg","type":"image\/jpeg"}],"twitter_card":"summary_large_image","twitter_misc":{"Tiempo de lectura":"3 minutos"},"schema":{"@context":"https:\/\/schema.org","@graph":[{"@type":"WebPage","@id":"https:\/\/www.giraffe-andorra.com\/es\/sobre-giraffe\/","url":"https:\/\/www.giraffe-andorra.com\/es\/sobre-giraffe\/","name":"Consultor\u00eda y gestor\u00eda para empresas y emprendedores Andorra","isPartOf":{"@id":"https:\/\/www.giraffe-andorra.com\/#website"},"primaryImageOfPage":{"@id":"https:\/\/www.giraffe-andorra.com\/es\/sobre-giraffe\/#primaryimage"},"image":{"@id":"https:\/\/www.giraffe-andorra.com\/es\/sobre-giraffe\/#primaryimage"},"thumbnailUrl":"https:\/\/www.giraffe-andorra.com\/wp-content\/uploads\/2021\/10\/giraffe-strategy_consultoria.jpg","datePublished":"2017-05-05T09:55:57+00:00","dateModified":"2022-09-07T21:13:37+00:00","description":"Un nuevo concepto de consultor\u00eda y gestor\u00eda para empresas y emprendedores en Andorra. Como iniciar negocio. Como ser autonomo Andorra","breadcrumb":{"@id":"https:\/\/www.giraffe-andorra.com\/es\/sobre-giraffe\/#breadcrumb"},"inLanguage":"es","potentialAction":[{"@type":"ReadAction","target":["https:\/\/www.giraffe-andorra.com\/es\/sobre-giraffe\/"]}]},{"@type":"ImageObject","inLanguage":"es","@id":"https:\/\/www.giraffe-andorra.com\/es\/sobre-giraffe\/#primaryimage","url":"https:\/\/www.giraffe-andorra.com\/wp-content\/uploads\/2021\/10\/giraffe-strategy_consultoria.jpg","contentUrl":"https:\/\/www.giraffe-andorra.com\/wp-content\/uploads\/2021\/10\/giraffe-strategy_consultoria.jpg","width":1200,"height":657,"caption":"sobre giraffe, giraffe andorra, consultoria andorra, gestoria Andorra"},{"@type":"BreadcrumbList","@id":"https:\/\/www.giraffe-andorra.com\/es\/sobre-giraffe\/#breadcrumb","itemListElement":[{"@type":"ListItem","position":1,"name":"Inici","item":"https:\/\/www.giraffe-andorra.com\/es\/"},{"@type":"ListItem","position":2,"name":"Sobre Giraffe"}]},{"@type":"WebSite","@id":"https:\/\/www.giraffe-andorra.com\/#website","url":"https:\/\/www.giraffe-andorra.com\/","name":"Giraffe Strategy","description":"Consultoria y gestoria en Andorra","publisher":{"@id":"https:\/\/www.giraffe-andorra.com\/#organization"},"potentialAction":[{"@type":"SearchAction","target":{"@type":"EntryPoint","urlTemplate":"https:\/\/www.giraffe-andorra.com\/?s={search_term_string}"},"query-input":"required name=search_term_string"}],"inLanguage":"es"},{"@type":"Organization","@id":"https:\/\/www.giraffe-andorra.com\/#organization","name":"Giraffe Andorra","url":"https:\/\/www.giraffe-andorra.com\/","logo":{"@type":"ImageObject","inLanguage":"es","@id":"https:\/\/www.giraffe-andorra.com\/#\/schema\/logo\/image\/","url":"https:\/\/www.giraffe-andorra.com\/wp-content\/uploads\/2021\/05\/GIRAFFE-STRATEGY-Andorra.png","contentUrl":"https:\/\/www.giraffe-andorra.com\/wp-content\/uploads\/2021\/05\/GIRAFFE-STRATEGY-Andorra.png","width":500,"height":188,"caption":"Giraffe Andorra"},"image":{"@id":"https:\/\/www.giraffe-andorra.com\/#\/schema\/logo\/image\/"},"sameAs":["https:\/\/es.linkedin.com\/company\/giraffe-strategy"]}]}},"_links":{"self":[{"href":"https:\/\/www.giraffe-andorra.com\/es\/wp-json\/wp\/v2\/pages\/56971"}],"collection":[{"href":"https:\/\/www.giraffe-andorra.com\/es\/wp-json\/wp\/v2\/pages"}],"about":[{"href":"https:\/\/www.giraffe-andorra.com\/es\/wp-json\/wp\/v2\/types\/page"}],"author":[{"embeddable":true,"href":"https:\/\/www.giraffe-andorra.com\/es\/wp-json\/wp\/v2\/users\/1"}],"replies":[{"embeddable":true,"href":"https:\/\/www.giraffe-andorra.com\/es\/wp-json\/wp\/v2\/comments?post=56971"}],"version-history":[{"count":36,"href":"https:\/\/www.giraffe-andorra.com\/es\/wp-json\/wp\/v2\/pages\/56971\/revisions"}],"predecessor-version":[{"id":89477,"href":"https:\/\/www.giraffe-andorra.com\/es\/wp-json\/wp\/v2\/pages\/56971\/revisions\/89477"}],"wp:featuredmedia":[{"embeddable":true,"href":"https:\/\/www.giraffe-andorra.com\/es\/wp-json\/wp\/v2\/media\/88356"}],"wp:attachment":[{"href":"https:\/\/www.giraffe-andorra.com\/es\/wp-json\/wp\/v2\/media?parent=56971"}],"curies":[{"name":"wp","href":"https:\/\/api.w.org\/{rel}","templated":true}]}}