{"id":57022,"date":"2017-05-05T12:18:22","date_gmt":"2017-05-05T10:18:22","guid":{"rendered":"https:\/\/undsgn.com\/uncode\/?page_id=57022"},"modified":"2022-03-02T23:50:08","modified_gmt":"2022-03-02T21:50:08","slug":"consultoria-andorra","status":"publish","type":"page","link":"https:\/\/www.giraffe-andorra.com\/es\/consultoria-andorra\/","title":{"rendered":"Giraffe Consultor\u00eda"},"content":{"rendered":"<div class=\"wpb-content-wrapper\"><p>[vc_row row_height_percent=\u00bb0&#8243; override_padding=\u00bbyes\u00bb h_padding=\u00bb2&#8243; top_padding=\u00bb0&#8243; bottom_padding=\u00bb0&#8243; overlay_alpha=\u00bb50&#8243; gutter_size=\u00bb3&#8243; column_width_percent=\u00bb100&#8243; shift_y=\u00bb0&#8243; z_index=\u00bb0&#8243;][vc_column column_width_use_pixel=\u00bbyes\u00bb gutter_size=\u00bb2&#8243; font_family=\u00bbfont-202503&#8243; overlay_alpha=\u00bb50&#8243; shift_x=\u00bb0&#8243; shift_y=\u00bb0&#8243; shift_y_down=\u00bb0&#8243; z_index=\u00bb0&#8243; medium_width=\u00bb0&#8243; align_mobile=\u00bbalign_center_mobile\u00bb mobile_width=\u00bb0&#8243; width=\u00bb1\/1&#8243; column_width_pixel=\u00bb800&#8243;][vc_empty_space empty_h=\u00bb2&#8243;][vc_single_image media=\u00bb88299&#8243; media_width_percent=\u00bb40&#8243; uncode_shortcode_id=\u00bb200923&#8243;][vc_custom_heading text_color=\u00bbcolor-105898&#8243; text_font=\u00bbfont-175345&#8243; text_size=\u00bbh1&#8243; text_weight=\u00bb200&#8243; text_space=\u00bbfontspace-781688&#8243; uncode_shortcode_id=\u00bb101825&#8243; text_color_type=\u00bbuncode-palette\u00bb]Para empezar a cambiar, primero hay que creer en el cambio. Y eso significa tener un equipo de personas dentro de tu empresa que apoye y promueva la transformaci\u00f3n, el desarrollo estrat\u00e9gico y la innovaci\u00f3n empresarial. Nosotros nos unimos a tu equipo para que esto suceda.[\/vc_custom_heading][vc_empty_space empty_h=\u00bb2&#8243;][\/vc_column][\/vc_row][vc_row][vc_column column_width_percent=\u00bb100&#8243; gutter_size=\u00bb3&#8243; overlay_alpha=\u00bb50&#8243; shift_x=\u00bb0&#8243; shift_y=\u00bb0&#8243; shift_y_down=\u00bb0&#8243; z_index=\u00bb0&#8243; medium_width=\u00bb0&#8243; mobile_width=\u00bb0&#8243; width=\u00bb1\/1&#8243; uncode_shortcode_id=\u00bb488341&#8243;][vc_column_text text_lead=\u00bbyes\u00bb text_color=\u00bbcolor-jevc\u00bb uncode_shortcode_id=\u00bb146350&#8243; text_color_type=\u00bbuncode-palette\u00bb]Somos una consultor\u00eda <em>boutique<\/em>. Trabajamos codo con codo con el equipo directivo de la organizaci\u00f3n para definir una estrategia, identificar potenciales l\u00edderes del cambio y trazar un plan de acci\u00f3n efectivo. Trabajamos para optimizar tus recursos y conseguir resultados a corto y largo plazo.<\/p>\n<p>Necesites ayuda para definir tu estrategia empresarial, potenciar la innovaci\u00f3n o diversificar tu actividad, aqu\u00ed estamos. \u00bfEn qu\u00e9 podemos ayudarte?[\/vc_column_text][vc_empty_space empty_h=\u00bb2&#8243;][\/vc_column][\/vc_row][vc_row row_height_percent=\u00bb0&#8243; override_padding=\u00bbyes\u00bb h_padding=\u00bb2&#8243; top_padding=\u00bb4&#8243; bottom_padding=\u00bb0&#8243; overlay_color=\u00bbcolor-105898&#8243; overlay_alpha=\u00bb25&#8243; equal_height=\u00bbyes\u00bb gutter_size=\u00bb0&#8243; column_width_percent=\u00bb100&#8243; shift_y=\u00bb0&#8243; z_index=\u00bb0&#8243; uncode_shortcode_id=\u00bb205914&#8243; overlay_color_type=\u00bbuncode-palette\u00bb][vc_column column_width_percent=\u00bb100&#8243; align_horizontal=\u00bbalign_center\u00bb gutter_size=\u00bb3&#8243; override_padding=\u00bbyes\u00bb column_padding=\u00bb3&#8243; font_family=\u00bbfont-377884&#8243; overlay_alpha=\u00bb26&#8243; shift_x=\u00bb0&#8243; shift_y=\u00bb0&#8243; shift_y_down=\u00bb0&#8243; z_index=\u00bb0&#8243; medium_width=\u00bb0&#8243; mobile_width=\u00bb0&#8243; width=\u00bb1\/2&#8243; link_to=\u00bburl:https%3A%2F%2Fwww.giraffe-andorra.com%2Fes%2Fconsultoria-andorra%2Fconsultoria-estrategica%2F|title:Consultor%C3%ADa%20estrat%C3%A9gica\u00bb uncode_shortcode_id=\u00bb383540&#8243;][vc_icon icon=\u00bbfa fa-comments-o\u00bb icon_color=\u00bbcolor-105898&#8243; size=\u00bbfa-3x\u00bb text_font=\u00bbfont-175345&#8243; text_size=\u00bbh2&#8243; text_weight=\u00bb400&#8243; text_space=\u00bbfontspace-111509&#8243; text_lead=\u00bbyes\u00bb title=\u00bbConsultor\u00eda estrat\u00e9gica\u00bb uncode_shortcode_id=\u00bb131302&#8243; icon_color_type=\u00bbuncode-palette\u00bb]Necesitas tiempo y ayuda para hacer evolucionar tu empresa. Nos unimos a tu equipo para definir, junto a ti, un plan empresarial que te permita enfocar tus recursos en la direcci\u00f3n que necesitas para alcanzar los resultados que esperas.[\/vc_icon][vc_button button_color=\u00bbcolor-105898&#8243; border_width=\u00bb0&#8243; link=\u00bburl:https%3A%2F%2Fwww.giraffe-andorra.com%2Fes%2Fconsultoria-andorra%2Fconsultoria-estrategica%2F|title:Consultoria%20Estrat%C3%A9gica\u00bb button_color_type=\u00bbuncode-palette\u00bb uncode_shortcode_id=\u00bb386112&#8243;]Me interesa[\/vc_button][\/vc_column][vc_column column_width_percent=\u00bb100&#8243; align_horizontal=\u00bbalign_center\u00bb gutter_size=\u00bb3&#8243; override_padding=\u00bbyes\u00bb column_padding=\u00bb3&#8243; font_family=\u00bbfont-377884&#8243; overlay_alpha=\u00bb50&#8243; border_color=\u00bbcolor-gyho\u00bb border_style=\u00bbsolid\u00bb shift_x=\u00bb0&#8243; shift_y=\u00bb0&#8243; shift_y_down=\u00bb0&#8243; z_index=\u00bb0&#8243; medium_width=\u00bb0&#8243; mobile_width=\u00bb0&#8243; width=\u00bb1\/2&#8243; uncode_shortcode_id=\u00bb752184&#8243; border_color_type=\u00bbuncode-palette\u00bb link_to=\u00bburl:https%3A%2F%2Fwww.giraffe-andorra.com%2Fes%2Fconsultoria-andorra%2Fcaptacion-inversion%2F|title:Captaci%C3%B3n%20de%20inversi%C3%B3n\u00bb][vc_icon icon=\u00bbfa fa-map-marker2&#8243; icon_color=\u00bbcolor-105898&#8243; size=\u00bbfa-3x\u00bb text_font=\u00bbfont-175345&#8243; text_size=\u00bbh2&#8243; text_weight=\u00bb400&#8243; text_space=\u00bbfontspace-111509&#8243; text_lead=\u00bbyes\u00bb title=\u00bbCaptaci\u00f3n de inversi\u00f3n\u00bb uncode_shortcode_id=\u00bb151531&#8243; icon_color_type=\u00bbuncode-palette\u00bb]Quieres lanzar un proyecto nuevo y necesitas encontrar capital. Tenemos una amplia red de inversores que quieren invertir en proyectos innovadores.[\/vc_icon][vc_button button_color=\u00bbcolor-105898&#8243; border_width=\u00bb0&#8243; link=\u00bburl:https%3A%2F%2Fwww.giraffe-andorra.com%2Fes%2Fconsultoria-andorra%2Fcaptacion-inversion%2F|title:Captaci%C3%B3n%20de%20inversi%C3%B3n\u00bb button_color_type=\u00bbuncode-palette\u00bb uncode_shortcode_id=\u00bb588708&#8243;]Quiero saber m\u00e1s[\/vc_button][\/vc_column][\/vc_row][vc_row row_height_percent=\u00bb0&#8243; override_padding=\u00bbyes\u00bb h_padding=\u00bb2&#8243; top_padding=\u00bb1&#8243; bottom_padding=\u00bb1&#8243; overlay_color=\u00bbcolor-105898&#8243; overlay_alpha=\u00bb25&#8243; equal_height=\u00bbyes\u00bb gutter_size=\u00bb0&#8243; column_width_percent=\u00bb100&#8243; shift_y=\u00bb0&#8243; z_index=\u00bb0&#8243; uncode_shortcode_id=\u00bb155118&#8243; overlay_color_type=\u00bbuncode-palette\u00bb][vc_column column_width_percent=\u00bb100&#8243; align_horizontal=\u00bbalign_center\u00bb gutter_size=\u00bb3&#8243; override_padding=\u00bbyes\u00bb column_padding=\u00bb3&#8243; font_family=\u00bbfont-377884&#8243; overlay_alpha=\u00bb50&#8243; shift_x=\u00bb0&#8243; shift_y=\u00bb0&#8243; shift_y_down=\u00bb0&#8243; z_index=\u00bb0&#8243; medium_width=\u00bb3&#8243; mobile_width=\u00bb0&#8243; width=\u00bb1\/3&#8243; uncode_shortcode_id=\u00bb883551&#8243; link_to=\u00bburl:https%3A%2F%2Fwww.giraffe-andorra.com%2Fes%2Fconsultoria-andorra%2Ffamily-office-advisors%2F|title:Family%20office%20advisors\u00bb][vc_icon icon=\u00bbfa fa-users2&#8243; icon_color=\u00bbcolor-105898&#8243; size=\u00bbfa-3x\u00bb text_font=\u00bbfont-175345&#8243; text_size=\u00bbh2&#8243; text_weight=\u00bb400&#8243; text_space=\u00bbfontspace-111509&#8243; text_lead=\u00bbyes\u00bb title=\u00bbFamily office advisors\u00bb uncode_shortcode_id=\u00bb169072&#8243; icon_color_type=\u00bbuncode-palette\u00bb]Tu empresa familiar ha crecido en los \u00faltimos a\u00f1os y te abruma gestionarla. Si sientes descontrol, es normal. Es momento de definir un nuevo modelo de organizaci\u00f3n.[\/vc_icon][vc_button button_color=\u00bbcolor-105898&#8243; border_width=\u00bb0&#8243; link=\u00bburl:https%3A%2F%2Fwww.giraffe-andorra.com%2Fes%2Fconsultoria-andorra%2Ffamily-office-advisors%2F|title:Family%20office%20advisors\u00bb button_color_type=\u00bbuncode-palette\u00bb uncode_shortcode_id=\u00bb401175&#8243;]Quiero saber m\u00e1s[\/vc_button][\/vc_column][vc_column column_width_percent=\u00bb100&#8243; align_horizontal=\u00bbalign_center\u00bb gutter_size=\u00bb3&#8243; override_padding=\u00bbyes\u00bb column_padding=\u00bb3&#8243; font_family=\u00bbfont-377884&#8243; overlay_alpha=\u00bb1&#8243; border_style=\u00bbsolid\u00bb shift_x=\u00bb0&#8243; shift_y=\u00bb0&#8243; shift_y_down=\u00bb0&#8243; z_index=\u00bb0&#8243; medium_width=\u00bb3&#8243; mobile_width=\u00bb0&#8243; width=\u00bb1\/3&#8243; uncode_shortcode_id=\u00bb203211&#8243; link_to=\u00bburl:https%3A%2F%2Fwww.giraffe-andorra.com%2Fes%2Fconsultoria-andorra%2Fvaloracion-empresas%2F|title:Valoraci%C3%B3n%20de%20empresas\u00bb][vc_icon icon=\u00bbfa fa-apartment\u00bb icon_color=\u00bbcolor-105898&#8243; size=\u00bbfa-3x\u00bb text_font=\u00bbfont-175345&#8243; text_size=\u00bbh2&#8243; text_weight=\u00bb400&#8243; text_space=\u00bbfontspace-111509&#8243; text_lead=\u00bbyes\u00bb title=\u00bbValoraci\u00f3n de empresas\u00bb uncode_shortcode_id=\u00bb134549&#8243; icon_color_type=\u00bbuncode-palette\u00bb]Quieres saber cuanto vale tu empresa. O te est\u00e1s planteando adquirir una sociedad. Nosotros te orientamos para que puedas tomar una buena decisi\u00f3n.[\/vc_icon][vc_button button_color=\u00bbcolor-105898&#8243; border_width=\u00bb0&#8243; link=\u00bburl:https%3A%2F%2Fwww.giraffe-andorra.com%2Fes%2Fconsultoria-andorra%2Fvaloracion-empresas%2F|title:Valoraci%C3%B3n%20de%20empresas\u00bb button_color_type=\u00bbuncode-palette\u00bb uncode_shortcode_id=\u00bb175071&#8243;]Quiero saber m\u00e1s[\/vc_button][\/vc_column][vc_column column_width_percent=\u00bb100&#8243; align_horizontal=\u00bbalign_center\u00bb gutter_size=\u00bb3&#8243; override_padding=\u00bbyes\u00bb column_padding=\u00bb3&#8243; font_family=\u00bbfont-377884&#8243; overlay_alpha=\u00bb50&#8243; shift_x=\u00bb0&#8243; shift_y=\u00bb0&#8243; shift_y_down=\u00bb0&#8243; z_index=\u00bb0&#8243; medium_width=\u00bb0&#8243; mobile_width=\u00bb0&#8243; width=\u00bb1\/3&#8243; uncode_shortcode_id=\u00bb914331&#8243; link_to=\u00bburl:https%3A%2F%2Fwww.giraffe-andorra.com%2Fes%2Fconsultoria-andorra%2Fexpertos-transformacion-digital%2F|title:Expertos%20en%20Transformaci%C3%B3n%20Digital\u00bb][vc_icon icon=\u00bbfa fa-mouse-pointer\u00bb icon_color=\u00bbcolor-105898&#8243; size=\u00bbfa-3x\u00bb text_font=\u00bbfont-175345&#8243; text_size=\u00bbh2&#8243; text_weight=\u00bb400&#8243; text_space=\u00bbfontspace-111509&#8243; text_lead=\u00bbyes\u00bb title=\u00bbExpertos en transformaci\u00f3n digital\u00bb uncode_shortcode_id=\u00bb241203&#8243; icon_color_type=\u00bbuncode-palette\u00bb]Escuchas hablar de Transformaci\u00f3n Digital y empiezas a pensar que tu negocio necesita adaptarse a esta nueva era, pero no sabes c\u00f3mo hacerlo. Este es un buen lugar para empezar.[\/vc_icon][vc_button button_color=\u00bbcolor-105898&#8243; border_width=\u00bb0&#8243; link=\u00bburl:https%3A%2F%2Fwww.giraffe-andorra.com%2Fes%2Fconsultoria-andorra%2Fexpertos-transformacion-digital%2F|title:Expertos%20en%20transformaci%C3%B3n%20digital\u00bb button_color_type=\u00bbuncode-palette\u00bb uncode_shortcode_id=\u00bb800945&#8243;]Quiero saber m\u00e1s[\/vc_button][\/vc_column][\/vc_row]<\/p>\n<\/div>","protected":false},"excerpt":{"rendered":"<p>[vc_row row_height_percent=\u00bb0&#8243; override_padding=\u00bbyes\u00bb h_padding=\u00bb2&#8243; top_padding=\u00bb0&#8243; bottom_padding=\u00bb0&#8243; overlay_alpha=\u00bb50&#8243; gutter_size=\u00bb3&#8243; column_width_percent=\u00bb100&#8243; shift_y=\u00bb0&#8243; z_index=\u00bb0&#8243;][vc_column column_width_use_pixel=\u00bbyes\u00bb gutter_size=\u00bb2&#8243; font_family=\u00bbfont-202503&#8243; overlay_alpha=\u00bb50&#8243; shift_x=\u00bb0&#8243; shift_y=\u00bb0&#8243; shift_y_down=\u00bb0&#8243; z_index=\u00bb0&#8243; medium_width=\u00bb0&#8243; [&hellip;]<\/p>\n","protected":false},"author":1,"featured_media":0,"parent":0,"menu_order":0,"comment_status":"closed","ping_status":"closed","template":"","meta":{"footnotes":""},"yoast_head":"<!-- This site is optimized with the Yoast SEO plugin v22.3 - https:\/\/yoast.com\/wordpress\/plugins\/seo\/ -->\n<title>Giraffe Consultor\u00eda - Giraffe Strategy<\/title>\n<meta name=\"description\" content=\"Somos una consultor\u00eda boutique. Trabajamos para optimizar tus recursos y conseguir resultados a corto y largo plazo.\" \/>\n<meta name=\"robots\" content=\"index, follow, max-snippet:-1, max-image-preview:large, max-video-preview:-1\" \/>\n<link rel=\"canonical\" href=\"https:\/\/www.giraffe-andorra.com\/es\/consultoria-andorra\/\" \/>\n<meta property=\"og:locale\" content=\"es_ES\" \/>\n<meta property=\"og:type\" content=\"article\" \/>\n<meta property=\"og:title\" content=\"Giraffe Consultor\u00eda - Giraffe Strategy\" \/>\n<meta property=\"og:description\" content=\"Somos una consultor\u00eda boutique. Trabajamos para optimizar tus recursos y conseguir resultados a corto y largo plazo.\" \/>\n<meta property=\"og:url\" content=\"https:\/\/www.giraffe-andorra.com\/es\/consultoria-andorra\/\" \/>\n<meta property=\"og:site_name\" content=\"Giraffe Strategy\" \/>\n<meta property=\"article:modified_time\" content=\"2022-03-02T21:50:08+00:00\" \/>\n<meta name=\"twitter:card\" content=\"summary_large_image\" \/>\n<meta name=\"twitter:label1\" content=\"Tiempo de lectura\" \/>\n\t<meta name=\"twitter:data1\" content=\"3 minutos\" \/>\n<script type=\"application\/ld+json\" class=\"yoast-schema-graph\">{\"@context\":\"https:\/\/schema.org\",\"@graph\":[{\"@type\":\"WebPage\",\"@id\":\"https:\/\/www.giraffe-andorra.com\/es\/consultoria-andorra\/\",\"url\":\"https:\/\/www.giraffe-andorra.com\/es\/consultoria-andorra\/\",\"name\":\"Giraffe Consultor\u00eda - Giraffe Strategy\",\"isPartOf\":{\"@id\":\"https:\/\/www.giraffe-andorra.com\/#website\"},\"datePublished\":\"2017-05-05T10:18:22+00:00\",\"dateModified\":\"2022-03-02T21:50:08+00:00\",\"description\":\"Somos una consultor\u00eda boutique. Trabajamos para optimizar tus recursos y conseguir resultados a corto y largo plazo.\",\"breadcrumb\":{\"@id\":\"https:\/\/www.giraffe-andorra.com\/es\/consultoria-andorra\/#breadcrumb\"},\"inLanguage\":\"es\",\"potentialAction\":[{\"@type\":\"ReadAction\",\"target\":[\"https:\/\/www.giraffe-andorra.com\/es\/consultoria-andorra\/\"]}]},{\"@type\":\"BreadcrumbList\",\"@id\":\"https:\/\/www.giraffe-andorra.com\/es\/consultoria-andorra\/#breadcrumb\",\"itemListElement\":[{\"@type\":\"ListItem\",\"position\":1,\"name\":\"Inici\",\"item\":\"https:\/\/www.giraffe-andorra.com\/es\/\"},{\"@type\":\"ListItem\",\"position\":2,\"name\":\"Giraffe Consultor\u00eda\"}]},{\"@type\":\"WebSite\",\"@id\":\"https:\/\/www.giraffe-andorra.com\/#website\",\"url\":\"https:\/\/www.giraffe-andorra.com\/\",\"name\":\"Giraffe Strategy\",\"description\":\"Consultoria y gestoria en Andorra\",\"publisher\":{\"@id\":\"https:\/\/www.giraffe-andorra.com\/#organization\"},\"potentialAction\":[{\"@type\":\"SearchAction\",\"target\":{\"@type\":\"EntryPoint\",\"urlTemplate\":\"https:\/\/www.giraffe-andorra.com\/?s={search_term_string}\"},\"query-input\":\"required name=search_term_string\"}],\"inLanguage\":\"es\"},{\"@type\":\"Organization\",\"@id\":\"https:\/\/www.giraffe-andorra.com\/#organization\",\"name\":\"Giraffe Andorra\",\"url\":\"https:\/\/www.giraffe-andorra.com\/\",\"logo\":{\"@type\":\"ImageObject\",\"inLanguage\":\"es\",\"@id\":\"https:\/\/www.giraffe-andorra.com\/#\/schema\/logo\/image\/\",\"url\":\"https:\/\/www.giraffe-andorra.com\/wp-content\/uploads\/2021\/05\/GIRAFFE-STRATEGY-Andorra.png\",\"contentUrl\":\"https:\/\/www.giraffe-andorra.com\/wp-content\/uploads\/2021\/05\/GIRAFFE-STRATEGY-Andorra.png\",\"width\":500,\"height\":188,\"caption\":\"Giraffe Andorra\"},\"image\":{\"@id\":\"https:\/\/www.giraffe-andorra.com\/#\/schema\/logo\/image\/\"},\"sameAs\":[\"https:\/\/es.linkedin.com\/company\/giraffe-strategy\"]}]}<\/script>\n<!-- \/ Yoast SEO plugin. -->","yoast_head_json":{"title":"Giraffe Consultor\u00eda - Giraffe Strategy","description":"Somos una consultor\u00eda boutique. Trabajamos para optimizar tus recursos y conseguir resultados a corto y largo plazo.","robots":{"index":"index","follow":"follow","max-snippet":"max-snippet:-1","max-image-preview":"max-image-preview:large","max-video-preview":"max-video-preview:-1"},"canonical":"https:\/\/www.giraffe-andorra.com\/es\/consultoria-andorra\/","og_locale":"es_ES","og_type":"article","og_title":"Giraffe Consultor\u00eda - Giraffe Strategy","og_description":"Somos una consultor\u00eda boutique. Trabajamos para optimizar tus recursos y conseguir resultados a corto y largo plazo.","og_url":"https:\/\/www.giraffe-andorra.com\/es\/consultoria-andorra\/","og_site_name":"Giraffe Strategy","article_modified_time":"2022-03-02T21:50:08+00:00","twitter_card":"summary_large_image","twitter_misc":{"Tiempo de lectura":"3 minutos"},"schema":{"@context":"https:\/\/schema.org","@graph":[{"@type":"WebPage","@id":"https:\/\/www.giraffe-andorra.com\/es\/consultoria-andorra\/","url":"https:\/\/www.giraffe-andorra.com\/es\/consultoria-andorra\/","name":"Giraffe Consultor\u00eda - Giraffe Strategy","isPartOf":{"@id":"https:\/\/www.giraffe-andorra.com\/#website"},"datePublished":"2017-05-05T10:18:22+00:00","dateModified":"2022-03-02T21:50:08+00:00","description":"Somos una consultor\u00eda boutique. Trabajamos para optimizar tus recursos y conseguir resultados a corto y largo plazo.","breadcrumb":{"@id":"https:\/\/www.giraffe-andorra.com\/es\/consultoria-andorra\/#breadcrumb"},"inLanguage":"es","potentialAction":[{"@type":"ReadAction","target":["https:\/\/www.giraffe-andorra.com\/es\/consultoria-andorra\/"]}]},{"@type":"BreadcrumbList","@id":"https:\/\/www.giraffe-andorra.com\/es\/consultoria-andorra\/#breadcrumb","itemListElement":[{"@type":"ListItem","position":1,"name":"Inici","item":"https:\/\/www.giraffe-andorra.com\/es\/"},{"@type":"ListItem","position":2,"name":"Giraffe Consultor\u00eda"}]},{"@type":"WebSite","@id":"https:\/\/www.giraffe-andorra.com\/#website","url":"https:\/\/www.giraffe-andorra.com\/","name":"Giraffe Strategy","description":"Consultoria y gestoria en Andorra","publisher":{"@id":"https:\/\/www.giraffe-andorra.com\/#organization"},"potentialAction":[{"@type":"SearchAction","target":{"@type":"EntryPoint","urlTemplate":"https:\/\/www.giraffe-andorra.com\/?s={search_term_string}"},"query-input":"required name=search_term_string"}],"inLanguage":"es"},{"@type":"Organization","@id":"https:\/\/www.giraffe-andorra.com\/#organization","name":"Giraffe Andorra","url":"https:\/\/www.giraffe-andorra.com\/","logo":{"@type":"ImageObject","inLanguage":"es","@id":"https:\/\/www.giraffe-andorra.com\/#\/schema\/logo\/image\/","url":"https:\/\/www.giraffe-andorra.com\/wp-content\/uploads\/2021\/05\/GIRAFFE-STRATEGY-Andorra.png","contentUrl":"https:\/\/www.giraffe-andorra.com\/wp-content\/uploads\/2021\/05\/GIRAFFE-STRATEGY-Andorra.png","width":500,"height":188,"caption":"Giraffe Andorra"},"image":{"@id":"https:\/\/www.giraffe-andorra.com\/#\/schema\/logo\/image\/"},"sameAs":["https:\/\/es.linkedin.com\/company\/giraffe-strategy"]}]}},"_links":{"self":[{"href":"https:\/\/www.giraffe-andorra.com\/es\/wp-json\/wp\/v2\/pages\/57022"}],"collection":[{"href":"https:\/\/www.giraffe-andorra.com\/es\/wp-json\/wp\/v2\/pages"}],"about":[{"href":"https:\/\/www.giraffe-andorra.com\/es\/wp-json\/wp\/v2\/types\/page"}],"author":[{"embeddable":true,"href":"https:\/\/www.giraffe-andorra.com\/es\/wp-json\/wp\/v2\/users\/1"}],"replies":[{"embeddable":true,"href":"https:\/\/www.giraffe-andorra.com\/es\/wp-json\/wp\/v2\/comments?post=57022"}],"version-history":[{"count":61,"href":"https:\/\/www.giraffe-andorra.com\/es\/wp-json\/wp\/v2\/pages\/57022\/revisions"}],"predecessor-version":[{"id":89309,"href":"https:\/\/www.giraffe-andorra.com\/es\/wp-json\/wp\/v2\/pages\/57022\/revisions\/89309"}],"wp:attachment":[{"href":"https:\/\/www.giraffe-andorra.com\/es\/wp-json\/wp\/v2\/media?parent=57022"}],"curies":[{"name":"wp","href":"https:\/\/api.w.org\/{rel}","templated":true}]}}