{"id":88082,"date":"2021-08-30T23:49:04","date_gmt":"2021-08-30T21:49:04","guid":{"rendered":"https:\/\/www.giraffe-andorra.com\/\/?page_id=88082"},"modified":"2022-09-07T23:26:22","modified_gmt":"2022-09-07T21:26:22","slug":"consultoria-estrategica","status":"publish","type":"page","link":"https:\/\/www.giraffe-andorra.com\/es\/consultoria-andorra\/consultoria-estrategica\/","title":{"rendered":"Consultoria Estrat\u00e9gica"},"content":{"rendered":"<div class=\"wpb-content-wrapper\"><p>[vc_row row_height_percent=\u00bb0&#8243; override_padding=\u00bbyes\u00bb h_padding=\u00bb2&#8243; top_padding=\u00bb0&#8243; bottom_padding=\u00bb0&#8243; overlay_alpha=\u00bb50&#8243; gutter_size=\u00bb3&#8243; column_width_percent=\u00bb100&#8243; shift_y=\u00bb0&#8243; z_index=\u00bb0&#8243;][vc_column column_width_use_pixel=\u00bbyes\u00bb gutter_size=\u00bb2&#8243; font_family=\u00bbfont-202503&#8243; overlay_alpha=\u00bb50&#8243; shift_x=\u00bb0&#8243; shift_y=\u00bb0&#8243; shift_y_down=\u00bb0&#8243; z_index=\u00bb0&#8243; medium_width=\u00bb0&#8243; align_mobile=\u00bbalign_center_mobile\u00bb mobile_width=\u00bb0&#8243; width=\u00bb1\/1&#8243; column_width_pixel=\u00bb800&#8243;][vc_empty_space empty_h=\u00bb2&#8243;][vc_custom_heading text_font=\u00bbfont-175345&#8243; text_size=\u00bbh1&#8243; text_weight=\u00bb200&#8243; text_space=\u00bbfontspace-781688&#8243; uncode_shortcode_id=\u00bb117323&#8243;]<strong>Consultor\u00eda estrat\u00e9gica<\/strong>[\/vc_custom_heading][vc_empty_space empty_h=\u00bb2&#8243;][\/vc_column][\/vc_row][vc_row row_height_percent=\u00bb0&#8243; override_padding=\u00bbyes\u00bb h_padding=\u00bb2&#8243; top_padding=\u00bb0&#8243; bottom_padding=\u00bb0&#8243; overlay_alpha=\u00bb50&#8243; gutter_size=\u00bb3&#8243; column_width_percent=\u00bb100&#8243; shift_y=\u00bb0&#8243; z_index=\u00bb0&#8243;][vc_column column_width_use_pixel=\u00bbyes\u00bb gutter_size=\u00bb2&#8243; font_family=\u00bbfont-377884&#8243; overlay_alpha=\u00bb50&#8243; shift_x=\u00bb0&#8243; shift_y=\u00bb0&#8243; shift_y_down=\u00bb0&#8243; z_index=\u00bb0&#8243; medium_width=\u00bb0&#8243; align_mobile=\u00bbalign_center_mobile\u00bb mobile_width=\u00bb0&#8243; width=\u00bb1\/1&#8243; column_width_pixel=\u00bb800&#8243; uncode_shortcode_id=\u00bb870483&#8243;][vc_column_text text_lead=\u00bbyes\u00bb uncode_shortcode_id=\u00bb198893&#8243;]<em>Cambiar<\/em>, <em>evolucionar<\/em>, <em>transformar<\/em> son conceptos que suenan muy bien, pero si no se traducen en estrategias y acciones, son solo eso: conceptos que suenan muy bien.<\/p>\n<p>Para que el cambio sea una realidad, hay que invertir tiempo y recursos. Y eso no solo significa elaborar una estrategia, definir objetivos a medio y largo plazo, calendarizar tareas y comunicar el plan a todos los niveles de la organizaci\u00f3n. Tambi\u00e9n hay que tener un equipo que crea en el futuro de la empresa tanto como t\u00fa.<\/p>\n<p>Por eso gran parte de nuestro trabajo es identificar las personas clave que guiaran tu empresa en la direcci\u00f3n que quieres. A partir de aqu\u00ed, elaboramos una estrategia, definimos un plan de acci\u00f3n y hacemos un seguimiento para que lo que empieza siendo un concepto sea tu realidad ma\u00f1ana.<\/p>\n<p>Estos son los servicios que ofrecemos:[\/vc_column_text][vc_empty_space empty_h=\u00bb3&#8243;][\/vc_column][\/vc_row][vc_row row_height_percent=\u00bb0&#8243; overlay_color=\u00bbcolor-lxmt\u00bb overlay_alpha=\u00bb76&#8243; gutter_size=\u00bb3&#8243; column_width_percent=\u00bb100&#8243; shift_y=\u00bb0&#8243; z_index=\u00bb0&#8243; uncode_shortcode_id=\u00bb181311&#8243; overlay_color_type=\u00bbuncode-palette\u00bb][vc_column column_width_percent=\u00bb100&#8243; align_horizontal=\u00bbalign_center\u00bb gutter_size=\u00bb3&#8243; overlay_alpha=\u00bb50&#8243; shift_x=\u00bb0&#8243; shift_y=\u00bb0&#8243; shift_y_down=\u00bb0&#8243; z_index=\u00bb0&#8243; medium_width=\u00bb0&#8243; mobile_width=\u00bb0&#8243; width=\u00bb1\/1&#8243; uncode_shortcode_id=\u00bb137378&#8243;][vc_empty_space empty_h=\u00bb1&#8243;][vc_row_inner][vc_column_inner column_width_percent=\u00bb100&#8243; gutter_size=\u00bb3&#8243; font_family=\u00bbfont-377884&#8243; overlay_alpha=\u00bb50&#8243; shift_x=\u00bb0&#8243; shift_y=\u00bb0&#8243; shift_y_down=\u00bb0&#8243; z_index=\u00bb0&#8243; medium_width=\u00bb0&#8243; mobile_width=\u00bb0&#8243; width=\u00bb1\/3&#8243; uncode_shortcode_id=\u00bb213826&#8243;][vc_custom_heading text_font=\u00bbfont-175345&#8243; uncode_shortcode_id=\u00bb124378&#8243;]<strong>Identificamos l\u00edderes potenciales<\/strong>[\/vc_custom_heading][vc_column_text uncode_shortcode_id=\u00bb738705&#8243;]Entrevistamos a directivos y personas clave dentro de tu organizaci\u00f3n para identificar potenciales promotores del cambio. Estas figuras son muy importantes porque son las que motivan al resto de equipos a alcanzar los objetivos marcados.[\/vc_column_text][\/vc_column_inner][vc_column_inner column_width_percent=\u00bb100&#8243; gutter_size=\u00bb3&#8243; font_family=\u00bbfont-377884&#8243; overlay_alpha=\u00bb50&#8243; shift_x=\u00bb0&#8243; shift_y=\u00bb0&#8243; shift_y_down=\u00bb0&#8243; z_index=\u00bb0&#8243; medium_width=\u00bb0&#8243; mobile_width=\u00bb0&#8243; width=\u00bb1\/3&#8243; uncode_shortcode_id=\u00bb104209&#8243;][vc_custom_heading text_font=\u00bbfont-175345&#8243; uncode_shortcode_id=\u00bb918795&#8243;]<strong>Elaboraci\u00f3n de planes estrat\u00e9gicos a medio y largo plazo<\/strong>[\/vc_custom_heading][vc_column_text uncode_shortcode_id=\u00bb189619&#8243;]Organizamos entrevistas y sesiones de trabajo con las personas clave de la empresa para definir una estrategia s\u00f3lida, es decir una estrategia que contemple la realidad interna y externa de tu[\/vc_column_text][\/vc_column_inner][vc_column_inner column_width_percent=\u00bb100&#8243; gutter_size=\u00bb3&#8243; font_family=\u00bbfont-377884&#8243; overlay_alpha=\u00bb50&#8243; shift_x=\u00bb0&#8243; shift_y=\u00bb0&#8243; shift_y_down=\u00bb0&#8243; z_index=\u00bb0&#8243; medium_width=\u00bb0&#8243; mobile_width=\u00bb0&#8243; width=\u00bb1\/3&#8243; uncode_shortcode_id=\u00bb960374&#8243;][vc_custom_heading text_font=\u00bbfont-175345&#8243; uncode_shortcode_id=\u00bb183536&#8243;]<strong>Project Management<\/strong>[\/vc_custom_heading][vc_column_text uncode_shortcode_id=\u00bb303136&#8243;]Hacemos un seguimiento de las acciones que vas realizando para asegurarnos de que el plan estrat\u00e9gico que hemos definido contigo se va cumpliendo.[\/vc_column_text][\/vc_column_inner][\/vc_row_inner][vc_empty_space empty_h=\u00bb2&#8243;][vc_button button_color=\u00bbcolor-105898&#8243; size=\u00bbbtn-lg\u00bb border_width=\u00bb0&#8243; link=\u00bburl:mailto%3Acontact%40giraffe-andorra.com\u00bb button_color_type=\u00bbuncode-palette\u00bb uncode_shortcode_id=\u00bb157302&#8243;]M\u00e1s informaci\u00f3n[\/vc_button][vc_empty_space empty_h=\u00bb2&#8243;][\/vc_column][\/vc_row][vc_row][vc_column column_width_percent=\u00bb100&#8243; gutter_size=\u00bb3&#8243; override_padding=\u00bbyes\u00bb column_padding=\u00bb3&#8243; font_family=\u00bbfont-202503&#8243; overlay_color=\u00bbcolor-105898&#8243; overlay_alpha=\u00bb7&#8243; shift_x=\u00bb0&#8243; shift_y=\u00bb0&#8243; shift_y_down=\u00bb0&#8243; z_index=\u00bb0&#8243; medium_width=\u00bb0&#8243; mobile_width=\u00bb0&#8243; width=\u00bb1\/2&#8243; uncode_shortcode_id=\u00bb112892&#8243; overlay_color_type=\u00bbuncode-palette\u00bb][vc_column_text uncode_shortcode_id=\u00bb398357&#8243;]<\/p>\n<h2><span class=\"font-175345\" style=\"color: #333333;\">Captaci\u00f3n de inversi\u00f3n<\/span><\/h2>\n<p>[\/vc_column_text][vc_button button_color=\u00bbcolor-105898&#8243; border_width=\u00bb0&#8243; uncode_shortcode_id=\u00bb163982&#8243; button_color_type=\u00bbuncode-palette\u00bb link=\u00bburl:https%3A%2F%2Fwww.giraffe-andorra.com%2Fes%2Fconsultoria-andorra%2Fcaptacion-inversion%2F|title:Captaci%C3%B3n%20de%20inversi%C3%B3n|target:_blank\u00bb]Leer m\u00e1s[\/vc_button][\/vc_column][vc_column column_width_percent=\u00bb100&#8243; gutter_size=\u00bb3&#8243; override_padding=\u00bbyes\u00bb column_padding=\u00bb3&#8243; overlay_color=\u00bbcolor-105898&#8243; overlay_alpha=\u00bb7&#8243; shift_x=\u00bb0&#8243; shift_y=\u00bb0&#8243; shift_y_down=\u00bb0&#8243; z_index=\u00bb0&#8243; medium_width=\u00bb0&#8243; mobile_width=\u00bb0&#8243; width=\u00bb1\/2&#8243; uncode_shortcode_id=\u00bb619279&#8243; overlay_color_type=\u00bbuncode-palette\u00bb][vc_column_text uncode_shortcode_id=\u00bb184257&#8243;]<\/p>\n<h2><span class=\"font-175345\" style=\"color: #333333;\">Family office advisors<\/span><\/h2>\n<p>[\/vc_column_text][vc_button button_color=\u00bbcolor-105898&#8243; border_width=\u00bb0&#8243; uncode_shortcode_id=\u00bb690900&#8243; button_color_type=\u00bbuncode-palette\u00bb link=\u00bburl:https%3A%2F%2Fwww.giraffe-andorra.com%2Fes%2Fconsultoria-andorra%2Ffamily-office-advisors%2F|title:Family%20office%20advisors\u00bb]Leer m\u00e1s[\/vc_button][\/vc_column][\/vc_row][vc_row][vc_column width=\u00bb1\/1&#8243;][vc_empty_space empty_h=\u00bb2&#8243;][\/vc_column][\/vc_row]<\/p>\n<\/div>","protected":false},"excerpt":{"rendered":"<p>[vc_row row_height_percent=\u00bb0&#8243; override_padding=\u00bbyes\u00bb h_padding=\u00bb2&#8243; top_padding=\u00bb0&#8243; bottom_padding=\u00bb0&#8243; overlay_alpha=\u00bb50&#8243; gutter_size=\u00bb3&#8243; column_width_percent=\u00bb100&#8243; shift_y=\u00bb0&#8243; z_index=\u00bb0&#8243;][vc_column column_width_use_pixel=\u00bbyes\u00bb gutter_size=\u00bb2&#8243; font_family=\u00bbfont-202503&#8243; overlay_alpha=\u00bb50&#8243; shift_x=\u00bb0&#8243; shift_y=\u00bb0&#8243; shift_y_down=\u00bb0&#8243; z_index=\u00bb0&#8243; medium_width=\u00bb0&#8243; [&hellip;]<\/p>\n","protected":false},"author":1,"featured_media":0,"parent":57022,"menu_order":0,"comment_status":"closed","ping_status":"closed","template":"","meta":{"footnotes":""},"yoast_head":"<!-- This site is optimized with the Yoast SEO plugin v22.3 - https:\/\/yoast.com\/wordpress\/plugins\/seo\/ -->\n<title>Consultoria Estrat\u00e9gica - Giraffe Strategy Andorra<\/title>\n<meta name=\"description\" content=\"Consultoria Estrat\u00e8gica. Hay que invertir tiempo y recursos. Hay que tener un equipo que crea en el futuro de la empresa tanto como t\u00fa.\" \/>\n<meta name=\"robots\" content=\"index, follow, max-snippet:-1, max-image-preview:large, max-video-preview:-1\" \/>\n<link rel=\"canonical\" href=\"https:\/\/www.giraffe-andorra.com\/es\/consultoria-andorra\/consultoria-estrategica\/\" \/>\n<meta property=\"og:locale\" content=\"es_ES\" \/>\n<meta property=\"og:type\" content=\"article\" \/>\n<meta property=\"og:title\" content=\"Consultoria Estrat\u00e9gica - Giraffe Strategy Andorra\" \/>\n<meta property=\"og:description\" content=\"Consultoria Estrat\u00e8gica. Hay que invertir tiempo y recursos. Hay que tener un equipo que crea en el futuro de la empresa tanto como t\u00fa.\" \/>\n<meta property=\"og:url\" content=\"https:\/\/www.giraffe-andorra.com\/es\/consultoria-andorra\/consultoria-estrategica\/\" \/>\n<meta property=\"og:site_name\" content=\"Giraffe Strategy\" \/>\n<meta property=\"article:modified_time\" content=\"2022-09-07T21:26:22+00:00\" \/>\n<meta name=\"twitter:card\" content=\"summary_large_image\" \/>\n<meta name=\"twitter:label1\" content=\"Tiempo de lectura\" \/>\n\t<meta name=\"twitter:data1\" content=\"2 minutos\" \/>\n<script type=\"application\/ld+json\" class=\"yoast-schema-graph\">{\"@context\":\"https:\/\/schema.org\",\"@graph\":[{\"@type\":\"WebPage\",\"@id\":\"https:\/\/www.giraffe-andorra.com\/es\/consultoria-andorra\/consultoria-estrategica\/\",\"url\":\"https:\/\/www.giraffe-andorra.com\/es\/consultoria-andorra\/consultoria-estrategica\/\",\"name\":\"Consultoria Estrat\u00e9gica - Giraffe Strategy Andorra\",\"isPartOf\":{\"@id\":\"https:\/\/www.giraffe-andorra.com\/#website\"},\"datePublished\":\"2021-08-30T21:49:04+00:00\",\"dateModified\":\"2022-09-07T21:26:22+00:00\",\"description\":\"Consultoria Estrat\u00e8gica. Hay que invertir tiempo y recursos. Hay que tener un equipo que crea en el futuro de la empresa tanto como t\u00fa.\",\"breadcrumb\":{\"@id\":\"https:\/\/www.giraffe-andorra.com\/es\/consultoria-andorra\/consultoria-estrategica\/#breadcrumb\"},\"inLanguage\":\"es\",\"potentialAction\":[{\"@type\":\"ReadAction\",\"target\":[\"https:\/\/www.giraffe-andorra.com\/es\/consultoria-andorra\/consultoria-estrategica\/\"]}]},{\"@type\":\"BreadcrumbList\",\"@id\":\"https:\/\/www.giraffe-andorra.com\/es\/consultoria-andorra\/consultoria-estrategica\/#breadcrumb\",\"itemListElement\":[{\"@type\":\"ListItem\",\"position\":1,\"name\":\"Inici\",\"item\":\"https:\/\/www.giraffe-andorra.com\/es\/\"},{\"@type\":\"ListItem\",\"position\":2,\"name\":\"Giraffe Consultor\u00eda\",\"item\":\"https:\/\/www.giraffe-andorra.com\/es\/consultoria-andorra\/\"},{\"@type\":\"ListItem\",\"position\":3,\"name\":\"Consultoria Estrat\u00e9gica\"}]},{\"@type\":\"WebSite\",\"@id\":\"https:\/\/www.giraffe-andorra.com\/#website\",\"url\":\"https:\/\/www.giraffe-andorra.com\/\",\"name\":\"Giraffe Strategy\",\"description\":\"Consultoria y gestoria en Andorra\",\"publisher\":{\"@id\":\"https:\/\/www.giraffe-andorra.com\/#organization\"},\"potentialAction\":[{\"@type\":\"SearchAction\",\"target\":{\"@type\":\"EntryPoint\",\"urlTemplate\":\"https:\/\/www.giraffe-andorra.com\/?s={search_term_string}\"},\"query-input\":\"required name=search_term_string\"}],\"inLanguage\":\"es\"},{\"@type\":\"Organization\",\"@id\":\"https:\/\/www.giraffe-andorra.com\/#organization\",\"name\":\"Giraffe Andorra\",\"url\":\"https:\/\/www.giraffe-andorra.com\/\",\"logo\":{\"@type\":\"ImageObject\",\"inLanguage\":\"es\",\"@id\":\"https:\/\/www.giraffe-andorra.com\/#\/schema\/logo\/image\/\",\"url\":\"https:\/\/www.giraffe-andorra.com\/wp-content\/uploads\/2021\/05\/GIRAFFE-STRATEGY-Andorra.png\",\"contentUrl\":\"https:\/\/www.giraffe-andorra.com\/wp-content\/uploads\/2021\/05\/GIRAFFE-STRATEGY-Andorra.png\",\"width\":500,\"height\":188,\"caption\":\"Giraffe Andorra\"},\"image\":{\"@id\":\"https:\/\/www.giraffe-andorra.com\/#\/schema\/logo\/image\/\"},\"sameAs\":[\"https:\/\/es.linkedin.com\/company\/giraffe-strategy\"]}]}<\/script>\n<!-- \/ Yoast SEO plugin. -->","yoast_head_json":{"title":"Consultoria Estrat\u00e9gica - Giraffe Strategy Andorra","description":"Consultoria Estrat\u00e8gica. Hay que invertir tiempo y recursos. Hay que tener un equipo que crea en el futuro de la empresa tanto como t\u00fa.","robots":{"index":"index","follow":"follow","max-snippet":"max-snippet:-1","max-image-preview":"max-image-preview:large","max-video-preview":"max-video-preview:-1"},"canonical":"https:\/\/www.giraffe-andorra.com\/es\/consultoria-andorra\/consultoria-estrategica\/","og_locale":"es_ES","og_type":"article","og_title":"Consultoria Estrat\u00e9gica - Giraffe Strategy Andorra","og_description":"Consultoria Estrat\u00e8gica. Hay que invertir tiempo y recursos. Hay que tener un equipo que crea en el futuro de la empresa tanto como t\u00fa.","og_url":"https:\/\/www.giraffe-andorra.com\/es\/consultoria-andorra\/consultoria-estrategica\/","og_site_name":"Giraffe Strategy","article_modified_time":"2022-09-07T21:26:22+00:00","twitter_card":"summary_large_image","twitter_misc":{"Tiempo de lectura":"2 minutos"},"schema":{"@context":"https:\/\/schema.org","@graph":[{"@type":"WebPage","@id":"https:\/\/www.giraffe-andorra.com\/es\/consultoria-andorra\/consultoria-estrategica\/","url":"https:\/\/www.giraffe-andorra.com\/es\/consultoria-andorra\/consultoria-estrategica\/","name":"Consultoria Estrat\u00e9gica - Giraffe Strategy Andorra","isPartOf":{"@id":"https:\/\/www.giraffe-andorra.com\/#website"},"datePublished":"2021-08-30T21:49:04+00:00","dateModified":"2022-09-07T21:26:22+00:00","description":"Consultoria Estrat\u00e8gica. Hay que invertir tiempo y recursos. Hay que tener un equipo que crea en el futuro de la empresa tanto como t\u00fa.","breadcrumb":{"@id":"https:\/\/www.giraffe-andorra.com\/es\/consultoria-andorra\/consultoria-estrategica\/#breadcrumb"},"inLanguage":"es","potentialAction":[{"@type":"ReadAction","target":["https:\/\/www.giraffe-andorra.com\/es\/consultoria-andorra\/consultoria-estrategica\/"]}]},{"@type":"BreadcrumbList","@id":"https:\/\/www.giraffe-andorra.com\/es\/consultoria-andorra\/consultoria-estrategica\/#breadcrumb","itemListElement":[{"@type":"ListItem","position":1,"name":"Inici","item":"https:\/\/www.giraffe-andorra.com\/es\/"},{"@type":"ListItem","position":2,"name":"Giraffe Consultor\u00eda","item":"https:\/\/www.giraffe-andorra.com\/es\/consultoria-andorra\/"},{"@type":"ListItem","position":3,"name":"Consultoria Estrat\u00e9gica"}]},{"@type":"WebSite","@id":"https:\/\/www.giraffe-andorra.com\/#website","url":"https:\/\/www.giraffe-andorra.com\/","name":"Giraffe Strategy","description":"Consultoria y gestoria en Andorra","publisher":{"@id":"https:\/\/www.giraffe-andorra.com\/#organization"},"potentialAction":[{"@type":"SearchAction","target":{"@type":"EntryPoint","urlTemplate":"https:\/\/www.giraffe-andorra.com\/?s={search_term_string}"},"query-input":"required name=search_term_string"}],"inLanguage":"es"},{"@type":"Organization","@id":"https:\/\/www.giraffe-andorra.com\/#organization","name":"Giraffe Andorra","url":"https:\/\/www.giraffe-andorra.com\/","logo":{"@type":"ImageObject","inLanguage":"es","@id":"https:\/\/www.giraffe-andorra.com\/#\/schema\/logo\/image\/","url":"https:\/\/www.giraffe-andorra.com\/wp-content\/uploads\/2021\/05\/GIRAFFE-STRATEGY-Andorra.png","contentUrl":"https:\/\/www.giraffe-andorra.com\/wp-content\/uploads\/2021\/05\/GIRAFFE-STRATEGY-Andorra.png","width":500,"height":188,"caption":"Giraffe Andorra"},"image":{"@id":"https:\/\/www.giraffe-andorra.com\/#\/schema\/logo\/image\/"},"sameAs":["https:\/\/es.linkedin.com\/company\/giraffe-strategy"]}]}},"_links":{"self":[{"href":"https:\/\/www.giraffe-andorra.com\/es\/wp-json\/wp\/v2\/pages\/88082"}],"collection":[{"href":"https:\/\/www.giraffe-andorra.com\/es\/wp-json\/wp\/v2\/pages"}],"about":[{"href":"https:\/\/www.giraffe-andorra.com\/es\/wp-json\/wp\/v2\/types\/page"}],"author":[{"embeddable":true,"href":"https:\/\/www.giraffe-andorra.com\/es\/wp-json\/wp\/v2\/users\/1"}],"replies":[{"embeddable":true,"href":"https:\/\/www.giraffe-andorra.com\/es\/wp-json\/wp\/v2\/comments?post=88082"}],"version-history":[{"count":31,"href":"https:\/\/www.giraffe-andorra.com\/es\/wp-json\/wp\/v2\/pages\/88082\/revisions"}],"predecessor-version":[{"id":89482,"href":"https:\/\/www.giraffe-andorra.com\/es\/wp-json\/wp\/v2\/pages\/88082\/revisions\/89482"}],"up":[{"embeddable":true,"href":"https:\/\/www.giraffe-andorra.com\/es\/wp-json\/wp\/v2\/pages\/57022"}],"wp:attachment":[{"href":"https:\/\/www.giraffe-andorra.com\/es\/wp-json\/wp\/v2\/media?parent=88082"}],"curies":[{"name":"wp","href":"https:\/\/api.w.org\/{rel}","templated":true}]}}