{"id":88109,"date":"2021-08-30T23:57:19","date_gmt":"2021-08-30T21:57:19","guid":{"rendered":"https:\/\/www.giraffe-andorra.com\/\/?page_id=88109"},"modified":"2022-09-07T23:27:55","modified_gmt":"2022-09-07T21:27:55","slug":"captacion-inversion","status":"publish","type":"page","link":"https:\/\/www.giraffe-andorra.com\/es\/consultoria-andorra\/captacion-inversion\/","title":{"rendered":"Captaci\u00f3n de inversi\u00f3n"},"content":{"rendered":"<div class=\"wpb-content-wrapper\"><p>[vc_row row_height_percent=\u00bb0&#8243; override_padding=\u00bbyes\u00bb h_padding=\u00bb2&#8243; top_padding=\u00bb0&#8243; bottom_padding=\u00bb0&#8243; overlay_alpha=\u00bb50&#8243; gutter_size=\u00bb3&#8243; column_width_percent=\u00bb100&#8243; shift_y=\u00bb0&#8243; z_index=\u00bb0&#8243;][vc_column column_width_use_pixel=\u00bbyes\u00bb gutter_size=\u00bb2&#8243; font_family=\u00bbfont-202503&#8243; overlay_alpha=\u00bb50&#8243; shift_x=\u00bb0&#8243; shift_y=\u00bb0&#8243; shift_y_down=\u00bb0&#8243; z_index=\u00bb0&#8243; medium_width=\u00bb0&#8243; align_mobile=\u00bbalign_center_mobile\u00bb mobile_width=\u00bb0&#8243; width=\u00bb1\/1&#8243; column_width_pixel=\u00bb800&#8243;][vc_empty_space empty_h=\u00bb2&#8243;][vc_custom_heading text_font=\u00bbfont-175345&#8243; text_size=\u00bbh1&#8243; text_weight=\u00bb200&#8243; text_space=\u00bbfontspace-781688&#8243; uncode_shortcode_id=\u00bb874751&#8243;]<strong>Captaci\u00f3n de inversi\u00f3n<\/strong>[\/vc_custom_heading][vc_empty_space empty_h=\u00bb2&#8243;][\/vc_column][\/vc_row][vc_row row_height_percent=\u00bb0&#8243; override_padding=\u00bbyes\u00bb h_padding=\u00bb2&#8243; top_padding=\u00bb0&#8243; bottom_padding=\u00bb0&#8243; overlay_alpha=\u00bb50&#8243; gutter_size=\u00bb3&#8243; column_width_percent=\u00bb100&#8243; shift_y=\u00bb0&#8243; z_index=\u00bb0&#8243;][vc_column column_width_use_pixel=\u00bbyes\u00bb gutter_size=\u00bb2&#8243; font_family=\u00bbfont-377884&#8243; overlay_alpha=\u00bb50&#8243; shift_x=\u00bb0&#8243; shift_y=\u00bb0&#8243; shift_y_down=\u00bb0&#8243; z_index=\u00bb0&#8243; medium_width=\u00bb0&#8243; align_mobile=\u00bbalign_center_mobile\u00bb mobile_width=\u00bb0&#8243; width=\u00bb1\/1&#8243; column_width_pixel=\u00bb800&#8243; uncode_shortcode_id=\u00bb870483&#8243;][vc_column_text text_lead=\u00bbyes\u00bb uncode_shortcode_id=\u00bb686472&#8243;]Un proyecto empresarial requiere inversi\u00f3n y una buena estrategia de captaci\u00f3n. Pero para saber a qui\u00e9n contactar, primero hay que tener una visi\u00f3n a largo plazo. Es decir, una estrategia de inversi\u00f3n. Porque en el momento que sabes hacia d\u00f3nde vas, es m\u00e1s f\u00e1cil captar a los inversores adecuados: inversores con un perfil de riesgo que se adapta tus necesidades.[\/vc_column_text][vc_custom_heading text_color=\u00bbcolor-105898&#8243; uncode_shortcode_id=\u00bb174141&#8243; text_color_type=\u00bbuncode-palette\u00bb]<\/p>\n<h3 style=\"text-align: center;\"><span style=\"color: #993366;\">Una vez definimos los objetivos a largo plazo de tu idea de negocio, compartimos contigo una amplia red de inversores interesados en financiar nuevos proyectos.<\/span><\/h3>\n<p>[\/vc_custom_heading][vc_empty_space empty_h=\u00bb2&#8243;][\/vc_column][\/vc_row][vc_row][vc_column column_width_percent=\u00bb100&#8243; align_horizontal=\u00bbalign_center\u00bb gutter_size=\u00bb3&#8243; overlay_alpha=\u00bb50&#8243; shift_x=\u00bb0&#8243; shift_y=\u00bb0&#8243; shift_y_down=\u00bb0&#8243; z_index=\u00bb0&#8243; medium_width=\u00bb0&#8243; mobile_width=\u00bb0&#8243; width=\u00bb1\/1&#8243; uncode_shortcode_id=\u00bb137378&#8243;][vc_empty_space empty_h=\u00bb1&#8243;][vc_button button_color=\u00bbcolor-105898&#8243; size=\u00bbbtn-lg\u00bb border_width=\u00bb0&#8243; link=\u00bburl:mailto%3Acontact%40giraffe-andorra.com\u00bb button_color_type=\u00bbuncode-palette\u00bb uncode_shortcode_id=\u00bb179985&#8243;]M\u00e1s informaci\u00f3n[\/vc_button][vc_empty_space empty_h=\u00bb1&#8243;][\/vc_column][\/vc_row][vc_row][vc_column column_width_percent=\u00bb100&#8243; gutter_size=\u00bb3&#8243; override_padding=\u00bbyes\u00bb column_padding=\u00bb3&#8243; font_family=\u00bbfont-202503&#8243; overlay_color=\u00bbcolor-105898&#8243; overlay_alpha=\u00bb7&#8243; shift_x=\u00bb0&#8243; shift_y=\u00bb0&#8243; shift_y_down=\u00bb0&#8243; z_index=\u00bb0&#8243; medium_width=\u00bb0&#8243; mobile_width=\u00bb0&#8243; width=\u00bb1\/2&#8243; uncode_shortcode_id=\u00bb123844&#8243; overlay_color_type=\u00bbuncode-palette\u00bb link_to=\u00bburl:https%3A%2F%2Fwww.giraffe-andorra.com%2Fes%2Fconsultoria-andorra%2Ffamily-office-advisors%2F|title:Family%20office%20advisors\u00bb][vc_column_text uncode_shortcode_id=\u00bb184257&#8243;]<\/p>\n<h2><span class=\"font-175345\" style=\"color: #333333;\">Family office advisors<\/span><\/h2>\n<p>[\/vc_column_text][vc_button button_color=\u00bbcolor-105898&#8243; border_width=\u00bb0&#8243; uncode_shortcode_id=\u00bb157581&#8243; button_color_type=\u00bbuncode-palette\u00bb link=\u00bburl:https%3A%2F%2Fwww.giraffe-andorra.com%2Fes%2Fconsultoria-andorra%2Ffamily-office-advisors%2F|title:Family%20office%20advisors\u00bb]Leer m\u00e1s[\/vc_button][\/vc_column][vc_column column_width_percent=\u00bb100&#8243; gutter_size=\u00bb3&#8243; override_padding=\u00bbyes\u00bb column_padding=\u00bb3&#8243; overlay_color=\u00bbcolor-105898&#8243; overlay_alpha=\u00bb7&#8243; shift_x=\u00bb0&#8243; shift_y=\u00bb0&#8243; shift_y_down=\u00bb0&#8243; z_index=\u00bb0&#8243; medium_width=\u00bb0&#8243; mobile_width=\u00bb0&#8243; width=\u00bb1\/2&#8243; uncode_shortcode_id=\u00bb205491&#8243; overlay_color_type=\u00bbuncode-palette\u00bb link_to=\u00bburl:https%3A%2F%2Fwww.giraffe-andorra.com%2Fes%2Fconsultoria-andorra%2Fconsultoria-estrategica%2F|title:Consultoria%20Estrat%C3%A9gica\u00bb][vc_column_text uncode_shortcode_id=\u00bb135559&#8243;]<\/p>\n<h2><span class=\"font-175345\" style=\"color: #333333;\">Consultor\u00eda estrat\u00e9gica<\/span><\/h2>\n<p>[\/vc_column_text][vc_button button_color=\u00bbcolor-105898&#8243; border_width=\u00bb0&#8243; uncode_shortcode_id=\u00bb214634&#8243; button_color_type=\u00bbuncode-palette\u00bb link=\u00bburl:https%3A%2F%2Fwww.giraffe-andorra.com%2Fes%2Fconsultoria-andorra%2Fconsultoria-estrategica%2F|title:Consultoria%20Estrat%C3%A9gica\u00bb]Leer m\u00e1s[\/vc_button][\/vc_column][\/vc_row][vc_row][vc_column width=\u00bb1\/1&#8243;][vc_empty_space empty_h=\u00bb2&#8243;][\/vc_column][\/vc_row]<\/p>\n<\/div>","protected":false},"excerpt":{"rendered":"<p>[vc_row row_height_percent=\u00bb0&#8243; override_padding=\u00bbyes\u00bb h_padding=\u00bb2&#8243; top_padding=\u00bb0&#8243; bottom_padding=\u00bb0&#8243; overlay_alpha=\u00bb50&#8243; gutter_size=\u00bb3&#8243; column_width_percent=\u00bb100&#8243; shift_y=\u00bb0&#8243; z_index=\u00bb0&#8243;][vc_column column_width_use_pixel=\u00bbyes\u00bb gutter_size=\u00bb2&#8243; font_family=\u00bbfont-202503&#8243; overlay_alpha=\u00bb50&#8243; shift_x=\u00bb0&#8243; shift_y=\u00bb0&#8243; shift_y_down=\u00bb0&#8243; z_index=\u00bb0&#8243; medium_width=\u00bb0&#8243; [&hellip;]<\/p>\n","protected":false},"author":1,"featured_media":0,"parent":57022,"menu_order":0,"comment_status":"closed","ping_status":"closed","template":"","meta":{"footnotes":""},"yoast_head":"<!-- This site is optimized with the Yoast SEO plugin v22.3 - https:\/\/yoast.com\/wordpress\/plugins\/seo\/ -->\n<title>Captaci\u00f3n de inversi\u00f3n - Giraffe Strategy Andorra<\/title>\n<meta name=\"description\" content=\"Un proyecto empresarial requiere inversi\u00f3n y una buena estrategia de captaci\u00f3n. Una buena estrategia de inversi\u00f3n. Te ayudamos\" \/>\n<meta name=\"robots\" content=\"index, follow, max-snippet:-1, max-image-preview:large, max-video-preview:-1\" \/>\n<link rel=\"canonical\" href=\"https:\/\/www.giraffe-andorra.com\/es\/consultoria-andorra\/captacion-inversion\/\" \/>\n<meta property=\"og:locale\" content=\"es_ES\" \/>\n<meta property=\"og:type\" content=\"article\" \/>\n<meta property=\"og:title\" content=\"Captaci\u00f3n de inversi\u00f3n - Giraffe Strategy Andorra\" \/>\n<meta property=\"og:description\" content=\"Un proyecto empresarial requiere inversi\u00f3n y una buena estrategia de captaci\u00f3n. Una buena estrategia de inversi\u00f3n. Te ayudamos\" \/>\n<meta property=\"og:url\" content=\"https:\/\/www.giraffe-andorra.com\/es\/consultoria-andorra\/captacion-inversion\/\" \/>\n<meta property=\"og:site_name\" content=\"Giraffe Strategy\" \/>\n<meta property=\"article:modified_time\" content=\"2022-09-07T21:27:55+00:00\" \/>\n<meta name=\"twitter:card\" content=\"summary_large_image\" \/>\n<meta name=\"twitter:label1\" content=\"Tiempo de lectura\" \/>\n\t<meta name=\"twitter:data1\" content=\"2 minutos\" \/>\n<script type=\"application\/ld+json\" class=\"yoast-schema-graph\">{\"@context\":\"https:\/\/schema.org\",\"@graph\":[{\"@type\":\"WebPage\",\"@id\":\"https:\/\/www.giraffe-andorra.com\/es\/consultoria-andorra\/captacion-inversion\/\",\"url\":\"https:\/\/www.giraffe-andorra.com\/es\/consultoria-andorra\/captacion-inversion\/\",\"name\":\"Captaci\u00f3n de inversi\u00f3n - Giraffe Strategy Andorra\",\"isPartOf\":{\"@id\":\"https:\/\/www.giraffe-andorra.com\/#website\"},\"datePublished\":\"2021-08-30T21:57:19+00:00\",\"dateModified\":\"2022-09-07T21:27:55+00:00\",\"description\":\"Un proyecto empresarial requiere inversi\u00f3n y una buena estrategia de captaci\u00f3n. Una buena estrategia de inversi\u00f3n. Te ayudamos\",\"breadcrumb\":{\"@id\":\"https:\/\/www.giraffe-andorra.com\/es\/consultoria-andorra\/captacion-inversion\/#breadcrumb\"},\"inLanguage\":\"es\",\"potentialAction\":[{\"@type\":\"ReadAction\",\"target\":[\"https:\/\/www.giraffe-andorra.com\/es\/consultoria-andorra\/captacion-inversion\/\"]}]},{\"@type\":\"BreadcrumbList\",\"@id\":\"https:\/\/www.giraffe-andorra.com\/es\/consultoria-andorra\/captacion-inversion\/#breadcrumb\",\"itemListElement\":[{\"@type\":\"ListItem\",\"position\":1,\"name\":\"Inici\",\"item\":\"https:\/\/www.giraffe-andorra.com\/es\/\"},{\"@type\":\"ListItem\",\"position\":2,\"name\":\"Giraffe Consultor\u00eda\",\"item\":\"https:\/\/www.giraffe-andorra.com\/es\/consultoria-andorra\/\"},{\"@type\":\"ListItem\",\"position\":3,\"name\":\"Captaci\u00f3n de inversi\u00f3n\"}]},{\"@type\":\"WebSite\",\"@id\":\"https:\/\/www.giraffe-andorra.com\/#website\",\"url\":\"https:\/\/www.giraffe-andorra.com\/\",\"name\":\"Giraffe Strategy\",\"description\":\"Consultoria y gestoria en Andorra\",\"publisher\":{\"@id\":\"https:\/\/www.giraffe-andorra.com\/#organization\"},\"potentialAction\":[{\"@type\":\"SearchAction\",\"target\":{\"@type\":\"EntryPoint\",\"urlTemplate\":\"https:\/\/www.giraffe-andorra.com\/?s={search_term_string}\"},\"query-input\":\"required name=search_term_string\"}],\"inLanguage\":\"es\"},{\"@type\":\"Organization\",\"@id\":\"https:\/\/www.giraffe-andorra.com\/#organization\",\"name\":\"Giraffe Andorra\",\"url\":\"https:\/\/www.giraffe-andorra.com\/\",\"logo\":{\"@type\":\"ImageObject\",\"inLanguage\":\"es\",\"@id\":\"https:\/\/www.giraffe-andorra.com\/#\/schema\/logo\/image\/\",\"url\":\"https:\/\/www.giraffe-andorra.com\/wp-content\/uploads\/2021\/05\/GIRAFFE-STRATEGY-Andorra.png\",\"contentUrl\":\"https:\/\/www.giraffe-andorra.com\/wp-content\/uploads\/2021\/05\/GIRAFFE-STRATEGY-Andorra.png\",\"width\":500,\"height\":188,\"caption\":\"Giraffe Andorra\"},\"image\":{\"@id\":\"https:\/\/www.giraffe-andorra.com\/#\/schema\/logo\/image\/\"},\"sameAs\":[\"https:\/\/es.linkedin.com\/company\/giraffe-strategy\"]}]}<\/script>\n<!-- \/ Yoast SEO plugin. -->","yoast_head_json":{"title":"Captaci\u00f3n de inversi\u00f3n - Giraffe Strategy Andorra","description":"Un proyecto empresarial requiere inversi\u00f3n y una buena estrategia de captaci\u00f3n. Una buena estrategia de inversi\u00f3n. Te ayudamos","robots":{"index":"index","follow":"follow","max-snippet":"max-snippet:-1","max-image-preview":"max-image-preview:large","max-video-preview":"max-video-preview:-1"},"canonical":"https:\/\/www.giraffe-andorra.com\/es\/consultoria-andorra\/captacion-inversion\/","og_locale":"es_ES","og_type":"article","og_title":"Captaci\u00f3n de inversi\u00f3n - Giraffe Strategy Andorra","og_description":"Un proyecto empresarial requiere inversi\u00f3n y una buena estrategia de captaci\u00f3n. Una buena estrategia de inversi\u00f3n. Te ayudamos","og_url":"https:\/\/www.giraffe-andorra.com\/es\/consultoria-andorra\/captacion-inversion\/","og_site_name":"Giraffe Strategy","article_modified_time":"2022-09-07T21:27:55+00:00","twitter_card":"summary_large_image","twitter_misc":{"Tiempo de lectura":"2 minutos"},"schema":{"@context":"https:\/\/schema.org","@graph":[{"@type":"WebPage","@id":"https:\/\/www.giraffe-andorra.com\/es\/consultoria-andorra\/captacion-inversion\/","url":"https:\/\/www.giraffe-andorra.com\/es\/consultoria-andorra\/captacion-inversion\/","name":"Captaci\u00f3n de inversi\u00f3n - Giraffe Strategy Andorra","isPartOf":{"@id":"https:\/\/www.giraffe-andorra.com\/#website"},"datePublished":"2021-08-30T21:57:19+00:00","dateModified":"2022-09-07T21:27:55+00:00","description":"Un proyecto empresarial requiere inversi\u00f3n y una buena estrategia de captaci\u00f3n. Una buena estrategia de inversi\u00f3n. Te ayudamos","breadcrumb":{"@id":"https:\/\/www.giraffe-andorra.com\/es\/consultoria-andorra\/captacion-inversion\/#breadcrumb"},"inLanguage":"es","potentialAction":[{"@type":"ReadAction","target":["https:\/\/www.giraffe-andorra.com\/es\/consultoria-andorra\/captacion-inversion\/"]}]},{"@type":"BreadcrumbList","@id":"https:\/\/www.giraffe-andorra.com\/es\/consultoria-andorra\/captacion-inversion\/#breadcrumb","itemListElement":[{"@type":"ListItem","position":1,"name":"Inici","item":"https:\/\/www.giraffe-andorra.com\/es\/"},{"@type":"ListItem","position":2,"name":"Giraffe Consultor\u00eda","item":"https:\/\/www.giraffe-andorra.com\/es\/consultoria-andorra\/"},{"@type":"ListItem","position":3,"name":"Captaci\u00f3n de inversi\u00f3n"}]},{"@type":"WebSite","@id":"https:\/\/www.giraffe-andorra.com\/#website","url":"https:\/\/www.giraffe-andorra.com\/","name":"Giraffe Strategy","description":"Consultoria y gestoria en Andorra","publisher":{"@id":"https:\/\/www.giraffe-andorra.com\/#organization"},"potentialAction":[{"@type":"SearchAction","target":{"@type":"EntryPoint","urlTemplate":"https:\/\/www.giraffe-andorra.com\/?s={search_term_string}"},"query-input":"required name=search_term_string"}],"inLanguage":"es"},{"@type":"Organization","@id":"https:\/\/www.giraffe-andorra.com\/#organization","name":"Giraffe Andorra","url":"https:\/\/www.giraffe-andorra.com\/","logo":{"@type":"ImageObject","inLanguage":"es","@id":"https:\/\/www.giraffe-andorra.com\/#\/schema\/logo\/image\/","url":"https:\/\/www.giraffe-andorra.com\/wp-content\/uploads\/2021\/05\/GIRAFFE-STRATEGY-Andorra.png","contentUrl":"https:\/\/www.giraffe-andorra.com\/wp-content\/uploads\/2021\/05\/GIRAFFE-STRATEGY-Andorra.png","width":500,"height":188,"caption":"Giraffe Andorra"},"image":{"@id":"https:\/\/www.giraffe-andorra.com\/#\/schema\/logo\/image\/"},"sameAs":["https:\/\/es.linkedin.com\/company\/giraffe-strategy"]}]}},"_links":{"self":[{"href":"https:\/\/www.giraffe-andorra.com\/es\/wp-json\/wp\/v2\/pages\/88109"}],"collection":[{"href":"https:\/\/www.giraffe-andorra.com\/es\/wp-json\/wp\/v2\/pages"}],"about":[{"href":"https:\/\/www.giraffe-andorra.com\/es\/wp-json\/wp\/v2\/types\/page"}],"author":[{"embeddable":true,"href":"https:\/\/www.giraffe-andorra.com\/es\/wp-json\/wp\/v2\/users\/1"}],"replies":[{"embeddable":true,"href":"https:\/\/www.giraffe-andorra.com\/es\/wp-json\/wp\/v2\/comments?post=88109"}],"version-history":[{"count":18,"href":"https:\/\/www.giraffe-andorra.com\/es\/wp-json\/wp\/v2\/pages\/88109\/revisions"}],"predecessor-version":[{"id":89483,"href":"https:\/\/www.giraffe-andorra.com\/es\/wp-json\/wp\/v2\/pages\/88109\/revisions\/89483"}],"up":[{"embeddable":true,"href":"https:\/\/www.giraffe-andorra.com\/es\/wp-json\/wp\/v2\/pages\/57022"}],"wp:attachment":[{"href":"https:\/\/www.giraffe-andorra.com\/es\/wp-json\/wp\/v2\/media?parent=88109"}],"curies":[{"name":"wp","href":"https:\/\/api.w.org\/{rel}","templated":true}]}}