{"id":88116,"date":"2021-09-05T22:03:58","date_gmt":"2021-09-05T20:03:58","guid":{"rendered":"https:\/\/www.giraffe-andorra.com\/\/?page_id=88116"},"modified":"2022-09-07T23:32:23","modified_gmt":"2022-09-07T21:32:23","slug":"family-office-advisors","status":"publish","type":"page","link":"https:\/\/www.giraffe-andorra.com\/es\/consultoria-andorra\/family-office-advisors\/","title":{"rendered":"Family office advisors"},"content":{"rendered":"<div class=\"wpb-content-wrapper\"><p>[vc_row row_height_percent=\u00bb0&#8243; override_padding=\u00bbyes\u00bb h_padding=\u00bb2&#8243; top_padding=\u00bb0&#8243; bottom_padding=\u00bb0&#8243; overlay_alpha=\u00bb50&#8243; gutter_size=\u00bb3&#8243; column_width_percent=\u00bb100&#8243; shift_y=\u00bb0&#8243; z_index=\u00bb0&#8243;][vc_column column_width_use_pixel=\u00bbyes\u00bb gutter_size=\u00bb2&#8243; font_family=\u00bbfont-202503&#8243; overlay_alpha=\u00bb50&#8243; shift_x=\u00bb0&#8243; shift_y=\u00bb0&#8243; shift_y_down=\u00bb0&#8243; z_index=\u00bb0&#8243; medium_width=\u00bb0&#8243; align_mobile=\u00bbalign_center_mobile\u00bb mobile_width=\u00bb0&#8243; width=\u00bb1\/1&#8243; column_width_pixel=\u00bb800&#8243;][vc_empty_space empty_h=\u00bb2&#8243;][vc_custom_heading text_font=\u00bbfont-175345&#8243; text_size=\u00bbh1&#8243; text_weight=\u00bb200&#8243; text_space=\u00bbfontspace-781688&#8243; uncode_shortcode_id=\u00bb264206&#8243;]<strong>Family office advisors<\/strong>[\/vc_custom_heading][vc_empty_space empty_h=\u00bb2&#8243;][\/vc_column][\/vc_row][vc_row row_height_percent=\u00bb0&#8243; override_padding=\u00bbyes\u00bb h_padding=\u00bb2&#8243; top_padding=\u00bb0&#8243; bottom_padding=\u00bb0&#8243; overlay_alpha=\u00bb50&#8243; gutter_size=\u00bb3&#8243; column_width_percent=\u00bb100&#8243; shift_y=\u00bb0&#8243; z_index=\u00bb0&#8243;][vc_column column_width_use_pixel=\u00bbyes\u00bb gutter_size=\u00bb2&#8243; font_family=\u00bbfont-377884&#8243; overlay_alpha=\u00bb50&#8243; shift_x=\u00bb0&#8243; shift_y=\u00bb0&#8243; shift_y_down=\u00bb0&#8243; z_index=\u00bb0&#8243; medium_width=\u00bb0&#8243; align_mobile=\u00bbalign_center_mobile\u00bb mobile_width=\u00bb0&#8243; width=\u00bb1\/1&#8243; column_width_pixel=\u00bb800&#8243; uncode_shortcode_id=\u00bb870483&#8243;][vc_column_text text_lead=\u00bbyes\u00bb uncode_shortcode_id=\u00bb437651&#8243;]Empiezas manejando un peque\u00f1o negocio familiar y con los a\u00f1os, tu empresa ha crecido tanto que las estructuras y las din\u00e1micas de trabajo que definisteis ya no funcionan.<\/p>\n<p>Pero si crees que preservar la tradici\u00f3n familiar y apostar por el crecimiento y la diversificaci\u00f3n son conceptos que no es compatible, tenemos buenas noticias:[\/vc_column_text][vc_empty_space empty_h=\u00bb3&#8243;][\/vc_column][\/vc_row][vc_row row_height_percent=\u00bb0&#8243; back_image=\u00bb88356&#8243; back_attachment=\u00bbscroll\u00bb back_position=\u00bbcenter center\u00bb parallax=\u00bbyes\u00bb overlay_color=\u00bbcolor-jevc\u00bb overlay_alpha=\u00bb80&#8243; gutter_size=\u00bb3&#8243; column_width_percent=\u00bb100&#8243; shift_y=\u00bb0&#8243; z_index=\u00bb0&#8243; uncode_shortcode_id=\u00bb199446&#8243; overlay_color_type=\u00bbuncode-palette\u00bb][vc_column column_width_percent=\u00bb100&#8243; align_horizontal=\u00bbalign_center\u00bb gutter_size=\u00bb3&#8243; override_padding=\u00bbyes\u00bb column_padding=\u00bb3&#8243; overlay_alpha=\u00bb50&#8243; shift_x=\u00bb0&#8243; shift_y=\u00bb0&#8243; shift_y_down=\u00bb0&#8243; z_index=\u00bb0&#8243; medium_width=\u00bb0&#8243; mobile_width=\u00bb0&#8243; width=\u00bb1\/1&#8243; uncode_shortcode_id=\u00bb201645&#8243;][vc_column_text text_color=\u00bbcolor-xsdn\u00bb uncode_shortcode_id=\u00bb812446&#8243; text_color_type=\u00bbuncode-palette\u00bb]<\/p>\n<h2><span class=\"font-175345\" style=\"color: #ffffff;\">con tiempo, dedicaci\u00f3n y un plan, adaptarse es posible.<\/span><\/h2>\n<p>[\/vc_column_text][\/vc_column][\/vc_row][vc_row row_height_percent=\u00bb0&#8243; override_padding=\u00bbyes\u00bb h_padding=\u00bb2&#8243; top_padding=\u00bb0&#8243; bottom_padding=\u00bb0&#8243; overlay_alpha=\u00bb50&#8243; gutter_size=\u00bb3&#8243; column_width_percent=\u00bb100&#8243; shift_y=\u00bb0&#8243; z_index=\u00bb0&#8243;][vc_column column_width_use_pixel=\u00bbyes\u00bb gutter_size=\u00bb2&#8243; font_family=\u00bbfont-377884&#8243; overlay_alpha=\u00bb50&#8243; shift_x=\u00bb0&#8243; shift_y=\u00bb0&#8243; shift_y_down=\u00bb0&#8243; z_index=\u00bb0&#8243; medium_width=\u00bb0&#8243; align_mobile=\u00bbalign_center_mobile\u00bb mobile_width=\u00bb0&#8243; width=\u00bb1\/1&#8243; column_width_pixel=\u00bb800&#8243; uncode_shortcode_id=\u00bb870483&#8243;][vc_empty_space empty_h=\u00bb2&#8243;][vc_column_text text_lead=\u00bbyes\u00bb uncode_shortcode_id=\u00bb164923&#8243;]En <a href=\"mailto:consultoria@giraffe-andorra.com\"><strong>Giraffe Andorra<\/strong><\/a> entendemos que cada negocio familiar es diferente. Y por eso no trabajamos con f\u00f3rmulas. Trabajamos contigo para conocer bien la realidad de tu empresa, tus necesidades, tu perfil de riesgo y ayudarte a profesionalizar m\u00e1s la gesti\u00f3n. Juntos construimos un modelo de organizaci\u00f3n eficiente y pr\u00e1ctico para ti.[\/vc_column_text][\/vc_column][\/vc_row][vc_row][vc_column column_width_percent=\u00bb100&#8243; align_horizontal=\u00bbalign_center\u00bb gutter_size=\u00bb3&#8243; overlay_alpha=\u00bb50&#8243; shift_x=\u00bb0&#8243; shift_y=\u00bb0&#8243; shift_y_down=\u00bb0&#8243; z_index=\u00bb0&#8243; medium_width=\u00bb0&#8243; mobile_width=\u00bb0&#8243; width=\u00bb1\/1&#8243; uncode_shortcode_id=\u00bb137378&#8243;][vc_empty_space empty_h=\u00bb0&#8243;][vc_button button_color=\u00bbcolor-105898&#8243; size=\u00bbbtn-lg\u00bb border_width=\u00bb0&#8243; link=\u00bburl:mailto%3Acontact%40giraffe-andorra.com\u00bb button_color_type=\u00bbuncode-palette\u00bb uncode_shortcode_id=\u00bb104116&#8243;]M\u00e1s informaci\u00f3n[\/vc_button][vc_empty_space empty_h=\u00bb1&#8243;][\/vc_column][\/vc_row][vc_row][vc_column column_width_percent=\u00bb100&#8243; gutter_size=\u00bb3&#8243; override_padding=\u00bbyes\u00bb column_padding=\u00bb3&#8243; font_family=\u00bbfont-202503&#8243; overlay_color=\u00bbcolor-105898&#8243; overlay_alpha=\u00bb7&#8243; shift_x=\u00bb0&#8243; shift_y=\u00bb0&#8243; shift_y_down=\u00bb0&#8243; z_index=\u00bb0&#8243; medium_width=\u00bb0&#8243; mobile_width=\u00bb0&#8243; width=\u00bb1\/2&#8243; uncode_shortcode_id=\u00bb999599&#8243; overlay_color_type=\u00bbuncode-palette\u00bb link_to=\u00bburl:https%3A%2F%2Fwww.giraffe-andorra.com%2Fes%2Fconsultoria-andorra%2Fexpertos-transformacion-digital%2F|title:Expertos%20en%20Transformaci%C3%B3n%20Digital\u00bb][vc_column_text uncode_shortcode_id=\u00bb733213&#8243;]<\/p>\n<h2><span class=\"font-175345\"><strong>Expertos en transformaci\u00f3n digital<\/strong><\/span><\/h2>\n<p>[\/vc_column_text][vc_button button_color=\u00bbcolor-105898&#8243; border_width=\u00bb0&#8243; uncode_shortcode_id=\u00bb207262&#8243; button_color_type=\u00bbuncode-palette\u00bb link=\u00bburl:https%3A%2F%2Fwww.giraffe-andorra.com%2Fes%2Fconsultoria-andorra%2Fexpertos-transformacion-digital%2F|title:Expertos%20en%20Transformaci%C3%B3n%20Digital\u00bb]Leer m\u00e1s[\/vc_button][\/vc_column][vc_column column_width_percent=\u00bb100&#8243; gutter_size=\u00bb3&#8243; override_padding=\u00bbyes\u00bb column_padding=\u00bb3&#8243; overlay_color=\u00bbcolor-105898&#8243; overlay_alpha=\u00bb7&#8243; shift_x=\u00bb0&#8243; shift_y=\u00bb0&#8243; shift_y_down=\u00bb0&#8243; z_index=\u00bb0&#8243; medium_width=\u00bb0&#8243; mobile_width=\u00bb0&#8243; width=\u00bb1\/2&#8243; uncode_shortcode_id=\u00bb990686&#8243; overlay_color_type=\u00bbuncode-palette\u00bb link_to=\u00bburl:https%3A%2F%2Fwww.giraffe-andorra.com%2Fes%2Fconsultoria-andorra%2Fconsultoria-estrategica%2F|title:Consultoria%20Estrat%C3%A9gica\u00bb][vc_column_text uncode_shortcode_id=\u00bb135559&#8243;]<\/p>\n<h2><span class=\"font-175345\" style=\"color: #333333;\">Consultor\u00eda estrat\u00e9gica<\/span><\/h2>\n<p>[\/vc_column_text][vc_button button_color=\u00bbcolor-105898&#8243; border_width=\u00bb0&#8243; uncode_shortcode_id=\u00bb254480&#8243; button_color_type=\u00bbuncode-palette\u00bb link=\u00bburl:https%3A%2F%2Fwww.giraffe-andorra.com%2Fes%2Fconsultoria-andorra%2Fconsultoria-estrategica%2F|title:Consultoria%20Estrat%C3%A9gica\u00bb]Leer m\u00e1s[\/vc_button][\/vc_column][\/vc_row][vc_row][vc_column width=\u00bb1\/1&#8243;][vc_empty_space empty_h=\u00bb2&#8243;][\/vc_column][\/vc_row]<\/p>\n<\/div>","protected":false},"excerpt":{"rendered":"<p>[vc_row row_height_percent=\u00bb0&#8243; override_padding=\u00bbyes\u00bb h_padding=\u00bb2&#8243; top_padding=\u00bb0&#8243; bottom_padding=\u00bb0&#8243; overlay_alpha=\u00bb50&#8243; gutter_size=\u00bb3&#8243; column_width_percent=\u00bb100&#8243; shift_y=\u00bb0&#8243; z_index=\u00bb0&#8243;][vc_column column_width_use_pixel=\u00bbyes\u00bb gutter_size=\u00bb2&#8243; font_family=\u00bbfont-202503&#8243; overlay_alpha=\u00bb50&#8243; shift_x=\u00bb0&#8243; shift_y=\u00bb0&#8243; shift_y_down=\u00bb0&#8243; z_index=\u00bb0&#8243; medium_width=\u00bb0&#8243; [&hellip;]<\/p>\n","protected":false},"author":1,"featured_media":0,"parent":57022,"menu_order":0,"comment_status":"closed","ping_status":"closed","template":"","meta":{"footnotes":""},"yoast_head":"<!-- This site is optimized with the Yoast SEO plugin v22.3 - https:\/\/yoast.com\/wordpress\/plugins\/seo\/ -->\n<title>Family office advisors - Hacemos crecer el negocio familiar<\/title>\n<meta name=\"description\" content=\"Ayudamos a tu negocio familiar a establecerse, situarse en Andorra y hacerlo crecer en el sector tecnol\u00f3gico. Desde dentro de la empresa.\" \/>\n<meta name=\"robots\" content=\"index, follow, max-snippet:-1, max-image-preview:large, max-video-preview:-1\" \/>\n<link rel=\"canonical\" href=\"https:\/\/www.giraffe-andorra.com\/es\/consultoria-andorra\/family-office-advisors\/\" \/>\n<meta property=\"og:locale\" content=\"es_ES\" \/>\n<meta property=\"og:type\" content=\"article\" \/>\n<meta property=\"og:title\" content=\"Family office advisors - Hacemos crecer el negocio familiar\" \/>\n<meta property=\"og:description\" content=\"Ayudamos a tu negocio familiar a establecerse, situarse en Andorra y hacerlo crecer en el sector tecnol\u00f3gico. Desde dentro de la empresa.\" \/>\n<meta property=\"og:url\" content=\"https:\/\/www.giraffe-andorra.com\/es\/consultoria-andorra\/family-office-advisors\/\" \/>\n<meta property=\"og:site_name\" content=\"Giraffe Strategy\" \/>\n<meta property=\"article:modified_time\" content=\"2022-09-07T21:32:23+00:00\" \/>\n<meta name=\"twitter:card\" content=\"summary_large_image\" \/>\n<meta name=\"twitter:label1\" content=\"Tiempo de lectura\" \/>\n\t<meta name=\"twitter:data1\" content=\"2 minutos\" \/>\n<script type=\"application\/ld+json\" class=\"yoast-schema-graph\">{\"@context\":\"https:\/\/schema.org\",\"@graph\":[{\"@type\":\"WebPage\",\"@id\":\"https:\/\/www.giraffe-andorra.com\/es\/consultoria-andorra\/family-office-advisors\/\",\"url\":\"https:\/\/www.giraffe-andorra.com\/es\/consultoria-andorra\/family-office-advisors\/\",\"name\":\"Family office advisors - Hacemos crecer el negocio familiar\",\"isPartOf\":{\"@id\":\"https:\/\/www.giraffe-andorra.com\/#website\"},\"datePublished\":\"2021-09-05T20:03:58+00:00\",\"dateModified\":\"2022-09-07T21:32:23+00:00\",\"description\":\"Ayudamos a tu negocio familiar a establecerse, situarse en Andorra y hacerlo crecer en el sector tecnol\u00f3gico. Desde dentro de la empresa.\",\"breadcrumb\":{\"@id\":\"https:\/\/www.giraffe-andorra.com\/es\/consultoria-andorra\/family-office-advisors\/#breadcrumb\"},\"inLanguage\":\"es\",\"potentialAction\":[{\"@type\":\"ReadAction\",\"target\":[\"https:\/\/www.giraffe-andorra.com\/es\/consultoria-andorra\/family-office-advisors\/\"]}]},{\"@type\":\"BreadcrumbList\",\"@id\":\"https:\/\/www.giraffe-andorra.com\/es\/consultoria-andorra\/family-office-advisors\/#breadcrumb\",\"itemListElement\":[{\"@type\":\"ListItem\",\"position\":1,\"name\":\"Inici\",\"item\":\"https:\/\/www.giraffe-andorra.com\/es\/\"},{\"@type\":\"ListItem\",\"position\":2,\"name\":\"Giraffe Consultor\u00eda\",\"item\":\"https:\/\/www.giraffe-andorra.com\/es\/consultoria-andorra\/\"},{\"@type\":\"ListItem\",\"position\":3,\"name\":\"Family office advisors\"}]},{\"@type\":\"WebSite\",\"@id\":\"https:\/\/www.giraffe-andorra.com\/#website\",\"url\":\"https:\/\/www.giraffe-andorra.com\/\",\"name\":\"Giraffe Strategy\",\"description\":\"Consultoria y gestoria en Andorra\",\"publisher\":{\"@id\":\"https:\/\/www.giraffe-andorra.com\/#organization\"},\"potentialAction\":[{\"@type\":\"SearchAction\",\"target\":{\"@type\":\"EntryPoint\",\"urlTemplate\":\"https:\/\/www.giraffe-andorra.com\/?s={search_term_string}\"},\"query-input\":\"required name=search_term_string\"}],\"inLanguage\":\"es\"},{\"@type\":\"Organization\",\"@id\":\"https:\/\/www.giraffe-andorra.com\/#organization\",\"name\":\"Giraffe Andorra\",\"url\":\"https:\/\/www.giraffe-andorra.com\/\",\"logo\":{\"@type\":\"ImageObject\",\"inLanguage\":\"es\",\"@id\":\"https:\/\/www.giraffe-andorra.com\/#\/schema\/logo\/image\/\",\"url\":\"https:\/\/www.giraffe-andorra.com\/wp-content\/uploads\/2021\/05\/GIRAFFE-STRATEGY-Andorra.png\",\"contentUrl\":\"https:\/\/www.giraffe-andorra.com\/wp-content\/uploads\/2021\/05\/GIRAFFE-STRATEGY-Andorra.png\",\"width\":500,\"height\":188,\"caption\":\"Giraffe Andorra\"},\"image\":{\"@id\":\"https:\/\/www.giraffe-andorra.com\/#\/schema\/logo\/image\/\"},\"sameAs\":[\"https:\/\/es.linkedin.com\/company\/giraffe-strategy\"]}]}<\/script>\n<!-- \/ Yoast SEO plugin. -->","yoast_head_json":{"title":"Family office advisors - Hacemos crecer el negocio familiar","description":"Ayudamos a tu negocio familiar a establecerse, situarse en Andorra y hacerlo crecer en el sector tecnol\u00f3gico. Desde dentro de la empresa.","robots":{"index":"index","follow":"follow","max-snippet":"max-snippet:-1","max-image-preview":"max-image-preview:large","max-video-preview":"max-video-preview:-1"},"canonical":"https:\/\/www.giraffe-andorra.com\/es\/consultoria-andorra\/family-office-advisors\/","og_locale":"es_ES","og_type":"article","og_title":"Family office advisors - Hacemos crecer el negocio familiar","og_description":"Ayudamos a tu negocio familiar a establecerse, situarse en Andorra y hacerlo crecer en el sector tecnol\u00f3gico. Desde dentro de la empresa.","og_url":"https:\/\/www.giraffe-andorra.com\/es\/consultoria-andorra\/family-office-advisors\/","og_site_name":"Giraffe Strategy","article_modified_time":"2022-09-07T21:32:23+00:00","twitter_card":"summary_large_image","twitter_misc":{"Tiempo de lectura":"2 minutos"},"schema":{"@context":"https:\/\/schema.org","@graph":[{"@type":"WebPage","@id":"https:\/\/www.giraffe-andorra.com\/es\/consultoria-andorra\/family-office-advisors\/","url":"https:\/\/www.giraffe-andorra.com\/es\/consultoria-andorra\/family-office-advisors\/","name":"Family office advisors - Hacemos crecer el negocio familiar","isPartOf":{"@id":"https:\/\/www.giraffe-andorra.com\/#website"},"datePublished":"2021-09-05T20:03:58+00:00","dateModified":"2022-09-07T21:32:23+00:00","description":"Ayudamos a tu negocio familiar a establecerse, situarse en Andorra y hacerlo crecer en el sector tecnol\u00f3gico. Desde dentro de la empresa.","breadcrumb":{"@id":"https:\/\/www.giraffe-andorra.com\/es\/consultoria-andorra\/family-office-advisors\/#breadcrumb"},"inLanguage":"es","potentialAction":[{"@type":"ReadAction","target":["https:\/\/www.giraffe-andorra.com\/es\/consultoria-andorra\/family-office-advisors\/"]}]},{"@type":"BreadcrumbList","@id":"https:\/\/www.giraffe-andorra.com\/es\/consultoria-andorra\/family-office-advisors\/#breadcrumb","itemListElement":[{"@type":"ListItem","position":1,"name":"Inici","item":"https:\/\/www.giraffe-andorra.com\/es\/"},{"@type":"ListItem","position":2,"name":"Giraffe Consultor\u00eda","item":"https:\/\/www.giraffe-andorra.com\/es\/consultoria-andorra\/"},{"@type":"ListItem","position":3,"name":"Family office advisors"}]},{"@type":"WebSite","@id":"https:\/\/www.giraffe-andorra.com\/#website","url":"https:\/\/www.giraffe-andorra.com\/","name":"Giraffe Strategy","description":"Consultoria y gestoria en Andorra","publisher":{"@id":"https:\/\/www.giraffe-andorra.com\/#organization"},"potentialAction":[{"@type":"SearchAction","target":{"@type":"EntryPoint","urlTemplate":"https:\/\/www.giraffe-andorra.com\/?s={search_term_string}"},"query-input":"required name=search_term_string"}],"inLanguage":"es"},{"@type":"Organization","@id":"https:\/\/www.giraffe-andorra.com\/#organization","name":"Giraffe Andorra","url":"https:\/\/www.giraffe-andorra.com\/","logo":{"@type":"ImageObject","inLanguage":"es","@id":"https:\/\/www.giraffe-andorra.com\/#\/schema\/logo\/image\/","url":"https:\/\/www.giraffe-andorra.com\/wp-content\/uploads\/2021\/05\/GIRAFFE-STRATEGY-Andorra.png","contentUrl":"https:\/\/www.giraffe-andorra.com\/wp-content\/uploads\/2021\/05\/GIRAFFE-STRATEGY-Andorra.png","width":500,"height":188,"caption":"Giraffe Andorra"},"image":{"@id":"https:\/\/www.giraffe-andorra.com\/#\/schema\/logo\/image\/"},"sameAs":["https:\/\/es.linkedin.com\/company\/giraffe-strategy"]}]}},"_links":{"self":[{"href":"https:\/\/www.giraffe-andorra.com\/es\/wp-json\/wp\/v2\/pages\/88116"}],"collection":[{"href":"https:\/\/www.giraffe-andorra.com\/es\/wp-json\/wp\/v2\/pages"}],"about":[{"href":"https:\/\/www.giraffe-andorra.com\/es\/wp-json\/wp\/v2\/types\/page"}],"author":[{"embeddable":true,"href":"https:\/\/www.giraffe-andorra.com\/es\/wp-json\/wp\/v2\/users\/1"}],"replies":[{"embeddable":true,"href":"https:\/\/www.giraffe-andorra.com\/es\/wp-json\/wp\/v2\/comments?post=88116"}],"version-history":[{"count":19,"href":"https:\/\/www.giraffe-andorra.com\/es\/wp-json\/wp\/v2\/pages\/88116\/revisions"}],"predecessor-version":[{"id":89486,"href":"https:\/\/www.giraffe-andorra.com\/es\/wp-json\/wp\/v2\/pages\/88116\/revisions\/89486"}],"up":[{"embeddable":true,"href":"https:\/\/www.giraffe-andorra.com\/es\/wp-json\/wp\/v2\/pages\/57022"}],"wp:attachment":[{"href":"https:\/\/www.giraffe-andorra.com\/es\/wp-json\/wp\/v2\/media?parent=88116"}],"curies":[{"name":"wp","href":"https:\/\/api.w.org\/{rel}","templated":true}]}}