{"id":88132,"date":"2021-09-05T22:56:10","date_gmt":"2021-09-05T20:56:10","guid":{"rendered":"https:\/\/www.giraffe-andorra.com\/\/?page_id=88132"},"modified":"2022-09-07T23:35:59","modified_gmt":"2022-09-07T21:35:59","slug":"expertos-transformacion-digital","status":"publish","type":"page","link":"https:\/\/www.giraffe-andorra.com\/es\/consultoria-andorra\/expertos-transformacion-digital\/","title":{"rendered":"Expertos en Transformaci\u00f3n Digital"},"content":{"rendered":"<div class=\"wpb-content-wrapper\"><p>[vc_row row_height_percent=\u00bb0&#8243; override_padding=\u00bbyes\u00bb h_padding=\u00bb2&#8243; top_padding=\u00bb0&#8243; bottom_padding=\u00bb0&#8243; overlay_alpha=\u00bb50&#8243; gutter_size=\u00bb3&#8243; column_width_percent=\u00bb100&#8243; shift_y=\u00bb0&#8243; z_index=\u00bb0&#8243;][vc_column column_width_use_pixel=\u00bbyes\u00bb gutter_size=\u00bb2&#8243; font_family=\u00bbfont-202503&#8243; overlay_alpha=\u00bb50&#8243; shift_x=\u00bb0&#8243; shift_y=\u00bb0&#8243; shift_y_down=\u00bb0&#8243; z_index=\u00bb0&#8243; medium_width=\u00bb0&#8243; align_mobile=\u00bbalign_center_mobile\u00bb mobile_width=\u00bb0&#8243; width=\u00bb1\/1&#8243; column_width_pixel=\u00bb800&#8243;][vc_empty_space empty_h=\u00bb2&#8243;][vc_custom_heading text_font=\u00bbfont-175345&#8243; text_size=\u00bbh1&#8243; text_weight=\u00bb200&#8243; text_space=\u00bbfontspace-781688&#8243; uncode_shortcode_id=\u00bb142950&#8243;]<strong>Expertos en Transformaci\u00f3n Digital<\/strong>[\/vc_custom_heading][vc_empty_space empty_h=\u00bb2&#8243;][\/vc_column][\/vc_row][vc_row row_height_percent=\u00bb0&#8243; override_padding=\u00bbyes\u00bb h_padding=\u00bb2&#8243; top_padding=\u00bb0&#8243; bottom_padding=\u00bb0&#8243; overlay_alpha=\u00bb50&#8243; gutter_size=\u00bb3&#8243; column_width_percent=\u00bb100&#8243; shift_y=\u00bb0&#8243; z_index=\u00bb0&#8243;][vc_column column_width_use_pixel=\u00bbyes\u00bb gutter_size=\u00bb2&#8243; font_family=\u00bbfont-377884&#8243; overlay_alpha=\u00bb50&#8243; shift_x=\u00bb0&#8243; shift_y=\u00bb0&#8243; shift_y_down=\u00bb0&#8243; z_index=\u00bb0&#8243; medium_width=\u00bb0&#8243; align_mobile=\u00bbalign_center_mobile\u00bb mobile_width=\u00bb0&#8243; width=\u00bb1\/1&#8243; column_width_pixel=\u00bb800&#8243; uncode_shortcode_id=\u00bb870483&#8243;][vc_column_text text_lead=\u00bbyes\u00bb uncode_shortcode_id=\u00bb425409&#8243;]Hoy, la Transformaci\u00f3n Digital parece ser la f\u00f3rmula m\u00e1gica para el \u00e9xito de una empresa de este siglo. Pero la realidad es que la Transformaci\u00f3n Digital ni es igual para todas las empresas ni significa que tienes que incorporar una soluci\u00f3n tecnol\u00f3gica.<\/p>\n<p>O al menos as\u00ed lo entendemos nosotros.[\/vc_column_text][vc_empty_space empty_h=\u00bb2&#8243;][\/vc_column][\/vc_row][vc_row row_height_percent=\u00bb0&#8243; back_color=\u00bbcolor-lxmt\u00bb overlay_color=\u00bbcolor-lxmt\u00bb overlay_alpha=\u00bb95&#8243; gutter_size=\u00bb3&#8243; column_width_percent=\u00bb100&#8243; shift_y=\u00bb0&#8243; z_index=\u00bb0&#8243; uncode_shortcode_id=\u00bb796644&#8243; overlay_color_type=\u00bbuncode-palette\u00bb back_color_type=\u00bbuncode-palette\u00bb][vc_column column_width_percent=\u00bb100&#8243; align_horizontal=\u00bbalign_center\u00bb gutter_size=\u00bb3&#8243; overlay_alpha=\u00bb50&#8243; shift_x=\u00bb0&#8243; shift_y=\u00bb0&#8243; shift_y_down=\u00bb0&#8243; z_index=\u00bb0&#8243; medium_width=\u00bb0&#8243; mobile_width=\u00bb0&#8243; width=\u00bb1\/2&#8243; uncode_shortcode_id=\u00bb120364&#8243;][vc_single_image media=\u00bb88384&#8243; media_width_percent=\u00bb100&#8243; media_ratio=\u00bbsixteen-nine\u00bb uncode_shortcode_id=\u00bb415031&#8243;][\/vc_column][vc_column column_width_percent=\u00bb100&#8243; position_vertical=\u00bbmiddle\u00bb gutter_size=\u00bb3&#8243; overlay_alpha=\u00bb50&#8243; shift_x=\u00bb0&#8243; shift_y=\u00bb0&#8243; shift_y_down=\u00bb0&#8243; z_index=\u00bb0&#8243; medium_width=\u00bb0&#8243; mobile_width=\u00bb0&#8243; width=\u00bb1\/2&#8243; uncode_shortcode_id=\u00bb903830&#8243;][vc_column_text text_lead=\u00bbyes\u00bb uncode_shortcode_id=\u00bb171010&#8243;]<\/p>\n<blockquote>\n<h2>Nosotros creemos que se trata de crear valor m\u00e1s all\u00e1 de la tecnolog\u00eda.<\/h2>\n<\/blockquote>\n<p>[\/vc_column_text][\/vc_column][\/vc_row][vc_row row_height_percent=\u00bb0&#8243; override_padding=\u00bbyes\u00bb h_padding=\u00bb2&#8243; top_padding=\u00bb0&#8243; bottom_padding=\u00bb0&#8243; overlay_alpha=\u00bb50&#8243; gutter_size=\u00bb3&#8243; column_width_percent=\u00bb100&#8243; shift_y=\u00bb0&#8243; z_index=\u00bb0&#8243;][vc_column column_width_use_pixel=\u00bbyes\u00bb gutter_size=\u00bb2&#8243; font_family=\u00bbfont-377884&#8243; overlay_alpha=\u00bb50&#8243; shift_x=\u00bb0&#8243; shift_y=\u00bb0&#8243; shift_y_down=\u00bb0&#8243; z_index=\u00bb0&#8243; medium_width=\u00bb0&#8243; align_mobile=\u00bbalign_center_mobile\u00bb mobile_width=\u00bb0&#8243; width=\u00bb1\/1&#8243; column_width_pixel=\u00bb800&#8243; uncode_shortcode_id=\u00bb870483&#8243;][vc_empty_space empty_h=\u00bb2&#8243;][vc_column_text text_lead=\u00bbyes\u00bb uncode_shortcode_id=\u00bb212131&#8243;]Porque la esencia de la digitalizaci\u00f3n es proporcionarte nuevas herramientas para que puedas construir un modelo de negocio sostenible en el tiempo y que te permita lanzar productos, servicios o sistemas que sean diferentes respecto a tus competidores.<\/p>\n<p>\u00bfQuieres descubrir lo lejos que puedes llegar con la tecnolog\u00eda digital? Te acompa\u00f1amos. Nuestro conocimiento y experiencia en innovaci\u00f3n empresarial, nos dicen que si integras la tecnolog\u00eda digital en tu modelo de negocio, acertar\u00e1s.[\/vc_column_text][\/vc_column][\/vc_row][vc_row][vc_column column_width_percent=\u00bb100&#8243; align_horizontal=\u00bbalign_center\u00bb gutter_size=\u00bb3&#8243; overlay_alpha=\u00bb50&#8243; shift_x=\u00bb0&#8243; shift_y=\u00bb0&#8243; shift_y_down=\u00bb0&#8243; z_index=\u00bb0&#8243; medium_width=\u00bb0&#8243; mobile_width=\u00bb0&#8243; width=\u00bb1\/1&#8243; uncode_shortcode_id=\u00bb137378&#8243;][vc_empty_space empty_h=\u00bb0&#8243;][vc_button button_color=\u00bbcolor-105898&#8243; size=\u00bbbtn-lg\u00bb border_width=\u00bb0&#8243; link=\u00bburl:mailto%3Acontact%40giraffe-andorra.com\u00bb button_color_type=\u00bbuncode-palette\u00bb uncode_shortcode_id=\u00bb129600&#8243;]M\u00e1s informaci\u00f3n[\/vc_button][vc_empty_space empty_h=\u00bb1&#8243;][\/vc_column][\/vc_row][vc_row][vc_column column_width_percent=\u00bb100&#8243; gutter_size=\u00bb3&#8243; override_padding=\u00bbyes\u00bb column_padding=\u00bb3&#8243; font_family=\u00bbfont-175345&#8243; overlay_color=\u00bbcolor-105898&#8243; overlay_alpha=\u00bb7&#8243; shift_x=\u00bb0&#8243; shift_y=\u00bb0&#8243; shift_y_down=\u00bb0&#8243; z_index=\u00bb0&#8243; medium_width=\u00bb0&#8243; mobile_width=\u00bb0&#8243; width=\u00bb1\/2&#8243; uncode_shortcode_id=\u00bb101656&#8243; overlay_color_type=\u00bbuncode-palette\u00bb][vc_column_text uncode_shortcode_id=\u00bb327398&#8243;]<\/p>\n<div class=\"vc_custom_heading_wrap \">\n<h2><strong>Consultor\u00eda estrat\u00e9gica<\/strong><\/h2>\n<\/div>\n<p>[\/vc_column_text][vc_button button_color=\u00bbcolor-105898&#8243; border_width=\u00bb0&#8243; uncode_shortcode_id=\u00bb105193&#8243; button_color_type=\u00bbuncode-palette\u00bb link=\u00bburl:https%3A%2F%2Fwww.giraffe-andorra.com%2Fes%2Fconsultoria-andorra%2Fconsultoria-estrategica%2F|title:Consultoria%20estrategica\u00bb]Leer m\u00e1s[\/vc_button][\/vc_column][vc_column column_width_percent=\u00bb100&#8243; gutter_size=\u00bb3&#8243; override_padding=\u00bbyes\u00bb column_padding=\u00bb3&#8243; overlay_color=\u00bbcolor-105898&#8243; overlay_alpha=\u00bb7&#8243; shift_x=\u00bb0&#8243; shift_y=\u00bb0&#8243; shift_y_down=\u00bb0&#8243; z_index=\u00bb0&#8243; medium_width=\u00bb0&#8243; mobile_width=\u00bb0&#8243; width=\u00bb1\/2&#8243; uncode_shortcode_id=\u00bb210829&#8243; overlay_color_type=\u00bbuncode-palette\u00bb][vc_column_text uncode_shortcode_id=\u00bb155297&#8243;]<\/p>\n<h2><span class=\"font-175345\"><strong>Valoraci\u00f3n de empresas<\/strong><\/span><\/h2>\n<p>[\/vc_column_text][vc_button button_color=\u00bbcolor-105898&#8243; border_width=\u00bb0&#8243; uncode_shortcode_id=\u00bb611534&#8243; button_color_type=\u00bbuncode-palette\u00bb link=\u00bburl:https%3A%2F%2Fwww.giraffe-andorra.com%2Fes%2Fconsultoria-andorra%2Fvaloracion-empresas%2F|title:Valoraci%C3%B3n%20de%20empresas\u00bb]Leer m\u00e1s[\/vc_button][\/vc_column][\/vc_row][vc_row][vc_column width=\u00bb1\/1&#8243;][vc_empty_space empty_h=\u00bb2&#8243;][\/vc_column][\/vc_row]<\/p>\n<\/div>","protected":false},"excerpt":{"rendered":"<p>[vc_row row_height_percent=\u00bb0&#8243; override_padding=\u00bbyes\u00bb h_padding=\u00bb2&#8243; top_padding=\u00bb0&#8243; bottom_padding=\u00bb0&#8243; overlay_alpha=\u00bb50&#8243; gutter_size=\u00bb3&#8243; column_width_percent=\u00bb100&#8243; shift_y=\u00bb0&#8243; z_index=\u00bb0&#8243;][vc_column column_width_use_pixel=\u00bbyes\u00bb gutter_size=\u00bb2&#8243; font_family=\u00bbfont-202503&#8243; overlay_alpha=\u00bb50&#8243; shift_x=\u00bb0&#8243; shift_y=\u00bb0&#8243; shift_y_down=\u00bb0&#8243; z_index=\u00bb0&#8243; medium_width=\u00bb0&#8243; [&hellip;]<\/p>\n","protected":false},"author":1,"featured_media":0,"parent":57022,"menu_order":0,"comment_status":"closed","ping_status":"closed","template":"","meta":{"footnotes":""},"yoast_head":"<!-- This site is optimized with the Yoast SEO plugin v22.3 - https:\/\/yoast.com\/wordpress\/plugins\/seo\/ -->\n<title>Expertos en Transformaci\u00f3n Digital - Giraffe Strategy<\/title>\n<meta name=\"description\" content=\"Expertos en Transformaci\u00f3n Digital de empresas. Somos un equipo de expertos que hemos trabajado en el Gobierno de Andorra\" \/>\n<meta name=\"robots\" content=\"index, follow, max-snippet:-1, max-image-preview:large, max-video-preview:-1\" \/>\n<link rel=\"canonical\" href=\"https:\/\/www.giraffe-andorra.com\/es\/consultoria-andorra\/expertos-transformacion-digital\/\" \/>\n<meta property=\"og:locale\" content=\"es_ES\" \/>\n<meta property=\"og:type\" content=\"article\" \/>\n<meta property=\"og:title\" content=\"Expertos en Transformaci\u00f3n Digital - Giraffe Strategy\" \/>\n<meta property=\"og:description\" content=\"Expertos en Transformaci\u00f3n Digital de empresas. Somos un equipo de expertos que hemos trabajado en el Gobierno de Andorra\" \/>\n<meta property=\"og:url\" content=\"https:\/\/www.giraffe-andorra.com\/es\/consultoria-andorra\/expertos-transformacion-digital\/\" \/>\n<meta property=\"og:site_name\" content=\"Giraffe Strategy\" \/>\n<meta property=\"article:modified_time\" content=\"2022-09-07T21:35:59+00:00\" \/>\n<meta name=\"twitter:card\" content=\"summary_large_image\" \/>\n<meta name=\"twitter:label1\" content=\"Tiempo de lectura\" \/>\n\t<meta name=\"twitter:data1\" content=\"2 minutos\" \/>\n<script type=\"application\/ld+json\" class=\"yoast-schema-graph\">{\"@context\":\"https:\/\/schema.org\",\"@graph\":[{\"@type\":\"WebPage\",\"@id\":\"https:\/\/www.giraffe-andorra.com\/es\/consultoria-andorra\/expertos-transformacion-digital\/\",\"url\":\"https:\/\/www.giraffe-andorra.com\/es\/consultoria-andorra\/expertos-transformacion-digital\/\",\"name\":\"Expertos en Transformaci\u00f3n Digital - Giraffe Strategy\",\"isPartOf\":{\"@id\":\"https:\/\/www.giraffe-andorra.com\/#website\"},\"datePublished\":\"2021-09-05T20:56:10+00:00\",\"dateModified\":\"2022-09-07T21:35:59+00:00\",\"description\":\"Expertos en Transformaci\u00f3n Digital de empresas. Somos un equipo de expertos que hemos trabajado en el Gobierno de Andorra\",\"breadcrumb\":{\"@id\":\"https:\/\/www.giraffe-andorra.com\/es\/consultoria-andorra\/expertos-transformacion-digital\/#breadcrumb\"},\"inLanguage\":\"es\",\"potentialAction\":[{\"@type\":\"ReadAction\",\"target\":[\"https:\/\/www.giraffe-andorra.com\/es\/consultoria-andorra\/expertos-transformacion-digital\/\"]}]},{\"@type\":\"BreadcrumbList\",\"@id\":\"https:\/\/www.giraffe-andorra.com\/es\/consultoria-andorra\/expertos-transformacion-digital\/#breadcrumb\",\"itemListElement\":[{\"@type\":\"ListItem\",\"position\":1,\"name\":\"Inici\",\"item\":\"https:\/\/www.giraffe-andorra.com\/es\/\"},{\"@type\":\"ListItem\",\"position\":2,\"name\":\"Giraffe Consultor\u00eda\",\"item\":\"https:\/\/www.giraffe-andorra.com\/es\/consultoria-andorra\/\"},{\"@type\":\"ListItem\",\"position\":3,\"name\":\"Expertos en Transformaci\u00f3n Digital\"}]},{\"@type\":\"WebSite\",\"@id\":\"https:\/\/www.giraffe-andorra.com\/#website\",\"url\":\"https:\/\/www.giraffe-andorra.com\/\",\"name\":\"Giraffe Strategy\",\"description\":\"Consultoria y gestoria en Andorra\",\"publisher\":{\"@id\":\"https:\/\/www.giraffe-andorra.com\/#organization\"},\"potentialAction\":[{\"@type\":\"SearchAction\",\"target\":{\"@type\":\"EntryPoint\",\"urlTemplate\":\"https:\/\/www.giraffe-andorra.com\/?s={search_term_string}\"},\"query-input\":\"required name=search_term_string\"}],\"inLanguage\":\"es\"},{\"@type\":\"Organization\",\"@id\":\"https:\/\/www.giraffe-andorra.com\/#organization\",\"name\":\"Giraffe Andorra\",\"url\":\"https:\/\/www.giraffe-andorra.com\/\",\"logo\":{\"@type\":\"ImageObject\",\"inLanguage\":\"es\",\"@id\":\"https:\/\/www.giraffe-andorra.com\/#\/schema\/logo\/image\/\",\"url\":\"https:\/\/www.giraffe-andorra.com\/wp-content\/uploads\/2021\/05\/GIRAFFE-STRATEGY-Andorra.png\",\"contentUrl\":\"https:\/\/www.giraffe-andorra.com\/wp-content\/uploads\/2021\/05\/GIRAFFE-STRATEGY-Andorra.png\",\"width\":500,\"height\":188,\"caption\":\"Giraffe Andorra\"},\"image\":{\"@id\":\"https:\/\/www.giraffe-andorra.com\/#\/schema\/logo\/image\/\"},\"sameAs\":[\"https:\/\/es.linkedin.com\/company\/giraffe-strategy\"]}]}<\/script>\n<!-- \/ Yoast SEO plugin. -->","yoast_head_json":{"title":"Expertos en Transformaci\u00f3n Digital - Giraffe Strategy","description":"Expertos en Transformaci\u00f3n Digital de empresas. Somos un equipo de expertos que hemos trabajado en el Gobierno de Andorra","robots":{"index":"index","follow":"follow","max-snippet":"max-snippet:-1","max-image-preview":"max-image-preview:large","max-video-preview":"max-video-preview:-1"},"canonical":"https:\/\/www.giraffe-andorra.com\/es\/consultoria-andorra\/expertos-transformacion-digital\/","og_locale":"es_ES","og_type":"article","og_title":"Expertos en Transformaci\u00f3n Digital - Giraffe Strategy","og_description":"Expertos en Transformaci\u00f3n Digital de empresas. Somos un equipo de expertos que hemos trabajado en el Gobierno de Andorra","og_url":"https:\/\/www.giraffe-andorra.com\/es\/consultoria-andorra\/expertos-transformacion-digital\/","og_site_name":"Giraffe Strategy","article_modified_time":"2022-09-07T21:35:59+00:00","twitter_card":"summary_large_image","twitter_misc":{"Tiempo de lectura":"2 minutos"},"schema":{"@context":"https:\/\/schema.org","@graph":[{"@type":"WebPage","@id":"https:\/\/www.giraffe-andorra.com\/es\/consultoria-andorra\/expertos-transformacion-digital\/","url":"https:\/\/www.giraffe-andorra.com\/es\/consultoria-andorra\/expertos-transformacion-digital\/","name":"Expertos en Transformaci\u00f3n Digital - Giraffe Strategy","isPartOf":{"@id":"https:\/\/www.giraffe-andorra.com\/#website"},"datePublished":"2021-09-05T20:56:10+00:00","dateModified":"2022-09-07T21:35:59+00:00","description":"Expertos en Transformaci\u00f3n Digital de empresas. Somos un equipo de expertos que hemos trabajado en el Gobierno de Andorra","breadcrumb":{"@id":"https:\/\/www.giraffe-andorra.com\/es\/consultoria-andorra\/expertos-transformacion-digital\/#breadcrumb"},"inLanguage":"es","potentialAction":[{"@type":"ReadAction","target":["https:\/\/www.giraffe-andorra.com\/es\/consultoria-andorra\/expertos-transformacion-digital\/"]}]},{"@type":"BreadcrumbList","@id":"https:\/\/www.giraffe-andorra.com\/es\/consultoria-andorra\/expertos-transformacion-digital\/#breadcrumb","itemListElement":[{"@type":"ListItem","position":1,"name":"Inici","item":"https:\/\/www.giraffe-andorra.com\/es\/"},{"@type":"ListItem","position":2,"name":"Giraffe Consultor\u00eda","item":"https:\/\/www.giraffe-andorra.com\/es\/consultoria-andorra\/"},{"@type":"ListItem","position":3,"name":"Expertos en Transformaci\u00f3n Digital"}]},{"@type":"WebSite","@id":"https:\/\/www.giraffe-andorra.com\/#website","url":"https:\/\/www.giraffe-andorra.com\/","name":"Giraffe Strategy","description":"Consultoria y gestoria en Andorra","publisher":{"@id":"https:\/\/www.giraffe-andorra.com\/#organization"},"potentialAction":[{"@type":"SearchAction","target":{"@type":"EntryPoint","urlTemplate":"https:\/\/www.giraffe-andorra.com\/?s={search_term_string}"},"query-input":"required name=search_term_string"}],"inLanguage":"es"},{"@type":"Organization","@id":"https:\/\/www.giraffe-andorra.com\/#organization","name":"Giraffe Andorra","url":"https:\/\/www.giraffe-andorra.com\/","logo":{"@type":"ImageObject","inLanguage":"es","@id":"https:\/\/www.giraffe-andorra.com\/#\/schema\/logo\/image\/","url":"https:\/\/www.giraffe-andorra.com\/wp-content\/uploads\/2021\/05\/GIRAFFE-STRATEGY-Andorra.png","contentUrl":"https:\/\/www.giraffe-andorra.com\/wp-content\/uploads\/2021\/05\/GIRAFFE-STRATEGY-Andorra.png","width":500,"height":188,"caption":"Giraffe Andorra"},"image":{"@id":"https:\/\/www.giraffe-andorra.com\/#\/schema\/logo\/image\/"},"sameAs":["https:\/\/es.linkedin.com\/company\/giraffe-strategy"]}]}},"_links":{"self":[{"href":"https:\/\/www.giraffe-andorra.com\/es\/wp-json\/wp\/v2\/pages\/88132"}],"collection":[{"href":"https:\/\/www.giraffe-andorra.com\/es\/wp-json\/wp\/v2\/pages"}],"about":[{"href":"https:\/\/www.giraffe-andorra.com\/es\/wp-json\/wp\/v2\/types\/page"}],"author":[{"embeddable":true,"href":"https:\/\/www.giraffe-andorra.com\/es\/wp-json\/wp\/v2\/users\/1"}],"replies":[{"embeddable":true,"href":"https:\/\/www.giraffe-andorra.com\/es\/wp-json\/wp\/v2\/comments?post=88132"}],"version-history":[{"count":18,"href":"https:\/\/www.giraffe-andorra.com\/es\/wp-json\/wp\/v2\/pages\/88132\/revisions"}],"predecessor-version":[{"id":89489,"href":"https:\/\/www.giraffe-andorra.com\/es\/wp-json\/wp\/v2\/pages\/88132\/revisions\/89489"}],"up":[{"embeddable":true,"href":"https:\/\/www.giraffe-andorra.com\/es\/wp-json\/wp\/v2\/pages\/57022"}],"wp:attachment":[{"href":"https:\/\/www.giraffe-andorra.com\/es\/wp-json\/wp\/v2\/media?parent=88132"}],"curies":[{"name":"wp","href":"https:\/\/api.w.org\/{rel}","templated":true}]}}