{"id":88173,"date":"2021-09-16T13:33:00","date_gmt":"2021-09-16T11:33:00","guid":{"rendered":"https:\/\/www.giraffe-andorra.com\/\/?page_id=88173"},"modified":"2022-03-03T00:22:20","modified_gmt":"2022-03-02T22:22:20","slug":"gestoria-andorra","status":"publish","type":"page","link":"https:\/\/www.giraffe-andorra.com\/es\/gestoria-andorra\/","title":{"rendered":"Giraffe Gestor\u00eda"},"content":{"rendered":"<div class=\"wpb-content-wrapper\"><p>[vc_row row_height_percent=\u00bb0&#8243; override_padding=\u00bbyes\u00bb h_padding=\u00bb2&#8243; top_padding=\u00bb0&#8243; bottom_padding=\u00bb0&#8243; overlay_alpha=\u00bb50&#8243; gutter_size=\u00bb3&#8243; column_width_percent=\u00bb100&#8243; shift_y=\u00bb0&#8243; z_index=\u00bb0&#8243;][vc_column column_width_use_pixel=\u00bbyes\u00bb gutter_size=\u00bb2&#8243; font_family=\u00bbfont-202503&#8243; overlay_alpha=\u00bb50&#8243; shift_x=\u00bb0&#8243; shift_y=\u00bb0&#8243; shift_y_down=\u00bb0&#8243; z_index=\u00bb0&#8243; medium_width=\u00bb0&#8243; align_mobile=\u00bbalign_center_mobile\u00bb mobile_width=\u00bb0&#8243; width=\u00bb1\/1&#8243; column_width_pixel=\u00bb800&#8243;][vc_empty_space empty_h=\u00bb2&#8243;][vc_single_image media=\u00bb88298&#8243; media_width_percent=\u00bb40&#8243; uncode_shortcode_id=\u00bb183178&#8243;][vc_custom_heading text_color=\u00bbcolor-106237&#8243; text_font=\u00bbfont-175345&#8243; text_size=\u00bbh1&#8243; text_weight=\u00bb200&#8243; text_space=\u00bbfontspace-781688&#8243; uncode_shortcode_id=\u00bb135554&#8243; text_color_type=\u00bbuncode-palette\u00bb]<span class=\"font-175345\">La idea de lanzar tu proyecto empresarial en Andorra suena muy, muy bien. Pero pensar en el tiempo y la burocracia que conlleva, no tanto. Nosotros estamos aqu\u00ed para acelerar y hacer m\u00e1s llevadera tu llegada.<\/span>[\/vc_custom_heading][vc_empty_space empty_h=\u00bb2&#8243;][\/vc_column][\/vc_row][vc_row][vc_column column_width_percent=\u00bb100&#8243; gutter_size=\u00bb3&#8243; overlay_alpha=\u00bb50&#8243; shift_x=\u00bb0&#8243; shift_y=\u00bb0&#8243; shift_y_down=\u00bb0&#8243; z_index=\u00bb0&#8243; medium_width=\u00bb0&#8243; mobile_width=\u00bb0&#8243; width=\u00bb1\/1&#8243; uncode_shortcode_id=\u00bb488341&#8243;][vc_column_text text_lead=\u00bbyes\u00bb text_color=\u00bbcolor-jevc\u00bb uncode_shortcode_id=\u00bb134168&#8243; text_color_type=\u00bbuncode-palette\u00bb]Con el m\u00ednimo de dolores de cabeza. Y el m\u00e1ximo de confianza e ilusi\u00f3n en el proceso. Tenemos m\u00e1s de 20 a\u00f1os de experiencia, sabemos mucho sobre las leyes y los procesos administrativos y legales de Andorra, y nos implicamos tanto en tu proyecto que no nos conformamos con decirte qu\u00e9 gestiones tienes que hacer, sino que te aconsejamos y te damos soporte en cada una de las fases del proceso, incluso despu\u00e9s de tu llegada. Nuestro servicio es integral.<\/p>\n<p>Aqu\u00ed encontrar\u00e1s, con m\u00e1s detalle, todo lo que podemos hacer por ti:[\/vc_column_text][\/vc_column][\/vc_row][vc_row row_height_percent=\u00bb0&#8243; override_padding=\u00bbyes\u00bb h_padding=\u00bb2&#8243; top_padding=\u00bb3&#8243; bottom_padding=\u00bb3&#8243; overlay_color=\u00bbcolor-106237&#8243; overlay_alpha=\u00bb21&#8243; equal_height=\u00bbyes\u00bb gutter_size=\u00bb3&#8243; column_width_percent=\u00bb100&#8243; shift_y=\u00bb0&#8243; z_index=\u00bb0&#8243; uncode_shortcode_id=\u00bb153532&#8243; overlay_color_type=\u00bbuncode-palette\u00bb][vc_column column_width_percent=\u00bb100&#8243; gutter_size=\u00bb3&#8243; font_family=\u00bbfont-377884&#8243; overlay_alpha=\u00bb26&#8243; shift_x=\u00bb0&#8243; shift_y=\u00bb0&#8243; shift_y_down=\u00bb0&#8243; z_index=\u00bb0&#8243; medium_width=\u00bb0&#8243; mobile_width=\u00bb0&#8243; width=\u00bb1\/3&#8243; uncode_shortcode_id=\u00bb152165&#8243;][vc_icon icon=\u00bbfa fa-copy\u00bb icon_color=\u00bbcolor-106237&#8243; size=\u00bbfa-3x\u00bb heading_semantic=\u00bbh4&#8243; text_font=\u00bbfont-175345&#8243; text_size=\u00bbh4&#8243; text_weight=\u00bb400&#8243; text_space=\u00bbfontspace-111509&#8243; text_lead=\u00bbsmall\u00bb title=\u00bbAsesoramiento a empresas y aut\u00f3nomos\u00bb uncode_shortcode_id=\u00bb643324&#8243; icon_color_type=\u00bbuncode-palette\u00bb link=\u00bburl:https%3A%2F%2Fwww.giraffe-andorra.com%2Fes%2Fgestoria-andorra%2Fasesoramiento-empresas-autonomos%2F|title:Asesoramiento%20a%20empresas%20y%20aut%C3%B3nomos\u00bb]Para aterrizar en Andorra hay que llegar preparado. Con un plan para maximizar la gesti\u00f3n financiera y tener todos los papeles en orden. Solo as\u00ed puedes estar seguro de que tu negocio funcionar\u00e1 bien.[\/vc_icon][vc_button button_color=\u00bbcolor-106237&#8243; border_width=\u00bb0&#8243; link=\u00bburl:https%3A%2F%2Fwww.giraffe-andorra.com%2Fes%2Fgestoria-andorra%2Fasesoramiento-empresas-autonomos%2F|title:Asesoramiento%20a%20empresas%20y%20aut%C3%B3nomos\u00bb button_color_type=\u00bbuncode-palette\u00bb uncode_shortcode_id=\u00bb661413&#8243;]Quiero saber m\u00e1s[\/vc_button][\/vc_column][vc_column column_width_percent=\u00bb100&#8243; gutter_size=\u00bb3&#8243; font_family=\u00bbfont-377884&#8243; overlay_alpha=\u00bb50&#8243; border_color=\u00bbcolor-gyho\u00bb border_style=\u00bbsolid\u00bb shift_x=\u00bb0&#8243; shift_y=\u00bb0&#8243; shift_y_down=\u00bb0&#8243; z_index=\u00bb0&#8243; medium_width=\u00bb0&#8243; mobile_width=\u00bb0&#8243; width=\u00bb1\/3&#8243; uncode_shortcode_id=\u00bb852793&#8243; border_color_type=\u00bbuncode-palette\u00bb][vc_icon icon=\u00bbfa fa-chart-bars\u00bb icon_color=\u00bbcolor-106237&#8243; size=\u00bbfa-3x\u00bb heading_semantic=\u00bbh4&#8243; text_font=\u00bbfont-175345&#8243; text_size=\u00bbh4&#8243; text_weight=\u00bb400&#8243; text_space=\u00bbfontspace-111509&#8243; text_lead=\u00bbsmall\u00bb title=\u00bbTramitaci\u00f3n de expedientes\u00bb uncode_shortcode_id=\u00bb251376&#8243; icon_color_type=\u00bbuncode-palette\u00bb link=\u00bburl:https%3A%2F%2Fwww.giraffe-andorra.com%2Fes%2Fgestoria-andorra%2Ftramitacion-expedientes%2F|title:Tramitaci%C3%B3n%20de%20expedientes\u00bb]Sabes que como empresa o aut\u00f3nomo tienes que entregar varios documentos a la administraci\u00f3n para poder instalarte en Andorra. Si no sabes cu\u00e1les y te encanta la idea de que las gestiones las lleve un equipo de expertos, escr\u00edbenos.[\/vc_icon][vc_button button_color=\u00bbcolor-106237&#8243; border_width=\u00bb0&#8243; link=\u00bburl:https%3A%2F%2Fwww.giraffe-andorra.com%2Fes%2Fgestoria-andorra%2Ftramitacion-expedientes%2F|title:Tramitaci%C3%B3n%20expedientes\u00bb button_color_type=\u00bbuncode-palette\u00bb uncode_shortcode_id=\u00bb197691&#8243;]Quiero saber m\u00e1s[\/vc_button][\/vc_column][vc_column column_width_percent=\u00bb100&#8243; gutter_size=\u00bb3&#8243; font_family=\u00bbfont-377884&#8243; overlay_alpha=\u00bb50&#8243; shift_x=\u00bb0&#8243; shift_y=\u00bb0&#8243; shift_y_down=\u00bb0&#8243; z_index=\u00bb0&#8243; medium_width=\u00bb0&#8243; mobile_width=\u00bb0&#8243; width=\u00bb1\/3&#8243; uncode_shortcode_id=\u00bb101224&#8243;][vc_icon icon=\u00bbfa fa-select\u00bb icon_color=\u00bbcolor-106237&#8243; size=\u00bbfa-3x\u00bb heading_semantic=\u00bbh4&#8243; text_font=\u00bbfont-175345&#8243; text_size=\u00bbh4&#8243; text_weight=\u00bb400&#8243; text_space=\u00bbfontspace-111509&#8243; text_lead=\u00bbsmall\u00bb title=\u00bbAdministraci\u00f3n\u00bb uncode_shortcode_id=\u00bb108971&#8243; icon_color_type=\u00bbuncode-palette\u00bb link=\u00bburl:https%3A%2F%2Fwww.giraffe-andorra.com%2Fes%2Fgestoria-andorra%2Fadministracion%2F|title:Administraci%C3%B3n\u00bb]Gestionar los impuestos, las n\u00f3minas o la contabilidad de tu empresa implica tener menos tiempo y recursos para centrarte en hacer crecer tu empresa. O no. Puedes contar con nosotros para todas las tareas de administraci\u00f3n.[\/vc_icon][vc_button button_color=\u00bbcolor-106237&#8243; border_width=\u00bb0&#8243; link=\u00bburl:https%3A%2F%2Fwww.giraffe-andorra.com%2Fes%2Fgestoria-andorra%2Fadministracion%2F|title:Administraci%C3%B3n\u00bb button_color_type=\u00bbuncode-palette\u00bb uncode_shortcode_id=\u00bb798538&#8243;]Quiero saber m\u00e1s[\/vc_button][\/vc_column][\/vc_row][vc_row row_height_percent=\u00bb0&#8243; override_padding=\u00bbyes\u00bb h_padding=\u00bb2&#8243; top_padding=\u00bb1&#8243; bottom_padding=\u00bb1&#8243; overlay_alpha=\u00bb50&#8243; equal_height=\u00bbyes\u00bb gutter_size=\u00bb0&#8243; column_width_percent=\u00bb100&#8243; shift_y=\u00bb0&#8243; z_index=\u00bb0&#8243; uncode_shortcode_id=\u00bb203255&#8243;][vc_column column_width_percent=\u00bb100&#8243; gutter_size=\u00bb3&#8243; override_padding=\u00bbyes\u00bb column_padding=\u00bb3&#8243; font_family=\u00bbfont-202503&#8243; overlay_alpha=\u00bb50&#8243; shift_x=\u00bb0&#8243; shift_y=\u00bb0&#8243; shift_y_down=\u00bb0&#8243; z_index=\u00bb0&#8243; medium_width=\u00bb3&#8243; mobile_width=\u00bb0&#8243; width=\u00bb2\/3&#8243; uncode_shortcode_id=\u00bb206499&#8243;][vc_custom_heading heading_semantic=\u00bbh1&#8243; text_font=\u00bbfont-175345&#8243; text_size=\u00bbh1&#8243; uncode_shortcode_id=\u00bb140895&#8243;]<\/p>\n<h2 style=\"text-align: center;\">\u00bfPor qu\u00e9 invertir en Andorra?<\/h2>\n<p>[\/vc_custom_heading][vc_column_text uncode_shortcode_id=\u00bb213415&#8243;]<\/p>\n<h4>Andorra es un lugar lleno de oportunidades para personas emprendedoras. Pero si todav\u00eda tienes dudas de si lanzar tu proyecto, aqu\u00ed encontrar\u00e1s razones suficientes para dar el paso.<\/h4>\n<p>[\/vc_column_text][\/vc_column][vc_column width=\u00bb1\/3&#8243;][\/vc_column][\/vc_row][vc_row row_height_percent=\u00bb0&#8243; override_padding=\u00bbyes\u00bb h_padding=\u00bb2&#8243; top_padding=\u00bb1&#8243; bottom_padding=\u00bb1&#8243; overlay_alpha=\u00bb50&#8243; equal_height=\u00bbyes\u00bb gutter_size=\u00bb0&#8243; column_width_percent=\u00bb100&#8243; shift_y=\u00bb0&#8243; z_index=\u00bb0&#8243; uncode_shortcode_id=\u00bb203255&#8243;][vc_column column_width_percent=\u00bb100&#8243; align_horizontal=\u00bbalign_center\u00bb gutter_size=\u00bb3&#8243; override_padding=\u00bbyes\u00bb column_padding=\u00bb3&#8243; font_family=\u00bbfont-202503&#8243; overlay_alpha=\u00bb50&#8243; shift_x=\u00bb0&#8243; shift_y=\u00bb0&#8243; shift_y_down=\u00bb0&#8243; z_index=\u00bb0&#8243; medium_width=\u00bb3&#8243; mobile_width=\u00bb0&#8243; width=\u00bb2\/3&#8243;][\/vc_column][vc_column width=\u00bb1\/3&#8243;][vc_button button_color=\u00bbcolor-106237&#8243; size=\u00bbbtn-link\u00bb icon_position=\u00bbright\u00bb link=\u00bburl:https%3A%2F%2Fwww.giraffe-andorra.com%2Fes%2Fgestoria-andorra%2Finvertir-andorra%2F|title:Invertir%20en%20Andorra\u00bb button_color_type=\u00bbuncode-palette\u00bb uncode_shortcode_id=\u00bb203070&#8243; icon=\u00bbfa fa-long-arrow-right\u00bb]Quiero saber m\u00e1s[\/vc_button][\/vc_column][\/vc_row]<\/p>\n<\/div>","protected":false},"excerpt":{"rendered":"<p>[vc_row row_height_percent=\u00bb0&#8243; override_padding=\u00bbyes\u00bb h_padding=\u00bb2&#8243; top_padding=\u00bb0&#8243; bottom_padding=\u00bb0&#8243; overlay_alpha=\u00bb50&#8243; gutter_size=\u00bb3&#8243; column_width_percent=\u00bb100&#8243; shift_y=\u00bb0&#8243; z_index=\u00bb0&#8243;][vc_column column_width_use_pixel=\u00bbyes\u00bb gutter_size=\u00bb2&#8243; font_family=\u00bbfont-202503&#8243; overlay_alpha=\u00bb50&#8243; shift_x=\u00bb0&#8243; shift_y=\u00bb0&#8243; shift_y_down=\u00bb0&#8243; z_index=\u00bb0&#8243; medium_width=\u00bb0&#8243; [&hellip;]<\/p>\n","protected":false},"author":1,"featured_media":0,"parent":0,"menu_order":0,"comment_status":"closed","ping_status":"closed","template":"","meta":{"footnotes":""},"yoast_head":"<!-- This site is optimized with the Yoast SEO plugin v22.3 - https:\/\/yoast.com\/wordpress\/plugins\/seo\/ -->\n<title>Gestor\u00eda Andorra Giraffe Strategy Tramitacion expedientes\/Asesoramiento<\/title>\n<meta name=\"description\" content=\"Gestor\u00eda Andorra - Giraffe Strategy - Tramitacion expedientes - Asesoramiento empresas - asesoramiento aut\u00f3nomos - invertir en Andorra\" \/>\n<meta name=\"robots\" content=\"index, follow, max-snippet:-1, max-image-preview:large, max-video-preview:-1\" \/>\n<link rel=\"canonical\" href=\"https:\/\/www.giraffe-andorra.com\/es\/gestoria-andorra\/\" \/>\n<meta property=\"og:locale\" content=\"es_ES\" \/>\n<meta property=\"og:type\" content=\"article\" \/>\n<meta property=\"og:title\" content=\"Gestor\u00eda Andorra Giraffe Strategy Tramitacion expedientes\/Asesoramiento\" \/>\n<meta property=\"og:description\" content=\"Gestor\u00eda Andorra - Giraffe Strategy - Tramitacion expedientes - Asesoramiento empresas - asesoramiento aut\u00f3nomos - invertir en Andorra\" \/>\n<meta property=\"og:url\" content=\"https:\/\/www.giraffe-andorra.com\/es\/gestoria-andorra\/\" \/>\n<meta property=\"og:site_name\" content=\"Giraffe Strategy\" \/>\n<meta property=\"article:modified_time\" content=\"2022-03-02T22:22:20+00:00\" \/>\n<meta name=\"twitter:card\" content=\"summary_large_image\" \/>\n<meta name=\"twitter:label1\" content=\"Tiempo de lectura\" \/>\n\t<meta name=\"twitter:data1\" content=\"3 minutos\" \/>\n<script type=\"application\/ld+json\" class=\"yoast-schema-graph\">{\"@context\":\"https:\/\/schema.org\",\"@graph\":[{\"@type\":\"WebPage\",\"@id\":\"https:\/\/www.giraffe-andorra.com\/es\/gestoria-andorra\/\",\"url\":\"https:\/\/www.giraffe-andorra.com\/es\/gestoria-andorra\/\",\"name\":\"Gestor\u00eda Andorra Giraffe Strategy Tramitacion expedientes\/Asesoramiento\",\"isPartOf\":{\"@id\":\"https:\/\/www.giraffe-andorra.com\/#website\"},\"datePublished\":\"2021-09-16T11:33:00+00:00\",\"dateModified\":\"2022-03-02T22:22:20+00:00\",\"description\":\"Gestor\u00eda Andorra - Giraffe Strategy - Tramitacion expedientes - Asesoramiento empresas - asesoramiento aut\u00f3nomos - invertir en Andorra\",\"breadcrumb\":{\"@id\":\"https:\/\/www.giraffe-andorra.com\/es\/gestoria-andorra\/#breadcrumb\"},\"inLanguage\":\"es\",\"potentialAction\":[{\"@type\":\"ReadAction\",\"target\":[\"https:\/\/www.giraffe-andorra.com\/es\/gestoria-andorra\/\"]}]},{\"@type\":\"BreadcrumbList\",\"@id\":\"https:\/\/www.giraffe-andorra.com\/es\/gestoria-andorra\/#breadcrumb\",\"itemListElement\":[{\"@type\":\"ListItem\",\"position\":1,\"name\":\"Inici\",\"item\":\"https:\/\/www.giraffe-andorra.com\/es\/\"},{\"@type\":\"ListItem\",\"position\":2,\"name\":\"Giraffe Gestor\u00eda\"}]},{\"@type\":\"WebSite\",\"@id\":\"https:\/\/www.giraffe-andorra.com\/#website\",\"url\":\"https:\/\/www.giraffe-andorra.com\/\",\"name\":\"Giraffe Strategy\",\"description\":\"Consultoria y gestoria en Andorra\",\"publisher\":{\"@id\":\"https:\/\/www.giraffe-andorra.com\/#organization\"},\"potentialAction\":[{\"@type\":\"SearchAction\",\"target\":{\"@type\":\"EntryPoint\",\"urlTemplate\":\"https:\/\/www.giraffe-andorra.com\/?s={search_term_string}\"},\"query-input\":\"required name=search_term_string\"}],\"inLanguage\":\"es\"},{\"@type\":\"Organization\",\"@id\":\"https:\/\/www.giraffe-andorra.com\/#organization\",\"name\":\"Giraffe Andorra\",\"url\":\"https:\/\/www.giraffe-andorra.com\/\",\"logo\":{\"@type\":\"ImageObject\",\"inLanguage\":\"es\",\"@id\":\"https:\/\/www.giraffe-andorra.com\/#\/schema\/logo\/image\/\",\"url\":\"https:\/\/www.giraffe-andorra.com\/wp-content\/uploads\/2021\/05\/GIRAFFE-STRATEGY-Andorra.png\",\"contentUrl\":\"https:\/\/www.giraffe-andorra.com\/wp-content\/uploads\/2021\/05\/GIRAFFE-STRATEGY-Andorra.png\",\"width\":500,\"height\":188,\"caption\":\"Giraffe Andorra\"},\"image\":{\"@id\":\"https:\/\/www.giraffe-andorra.com\/#\/schema\/logo\/image\/\"},\"sameAs\":[\"https:\/\/es.linkedin.com\/company\/giraffe-strategy\"]}]}<\/script>\n<!-- \/ Yoast SEO plugin. -->","yoast_head_json":{"title":"Gestor\u00eda Andorra Giraffe Strategy Tramitacion expedientes\/Asesoramiento","description":"Gestor\u00eda Andorra - Giraffe Strategy - Tramitacion expedientes - Asesoramiento empresas - asesoramiento aut\u00f3nomos - invertir en Andorra","robots":{"index":"index","follow":"follow","max-snippet":"max-snippet:-1","max-image-preview":"max-image-preview:large","max-video-preview":"max-video-preview:-1"},"canonical":"https:\/\/www.giraffe-andorra.com\/es\/gestoria-andorra\/","og_locale":"es_ES","og_type":"article","og_title":"Gestor\u00eda Andorra Giraffe Strategy Tramitacion expedientes\/Asesoramiento","og_description":"Gestor\u00eda Andorra - Giraffe Strategy - Tramitacion expedientes - Asesoramiento empresas - asesoramiento aut\u00f3nomos - invertir en Andorra","og_url":"https:\/\/www.giraffe-andorra.com\/es\/gestoria-andorra\/","og_site_name":"Giraffe Strategy","article_modified_time":"2022-03-02T22:22:20+00:00","twitter_card":"summary_large_image","twitter_misc":{"Tiempo de lectura":"3 minutos"},"schema":{"@context":"https:\/\/schema.org","@graph":[{"@type":"WebPage","@id":"https:\/\/www.giraffe-andorra.com\/es\/gestoria-andorra\/","url":"https:\/\/www.giraffe-andorra.com\/es\/gestoria-andorra\/","name":"Gestor\u00eda Andorra Giraffe Strategy Tramitacion expedientes\/Asesoramiento","isPartOf":{"@id":"https:\/\/www.giraffe-andorra.com\/#website"},"datePublished":"2021-09-16T11:33:00+00:00","dateModified":"2022-03-02T22:22:20+00:00","description":"Gestor\u00eda Andorra - Giraffe Strategy - Tramitacion expedientes - Asesoramiento empresas - asesoramiento aut\u00f3nomos - invertir en Andorra","breadcrumb":{"@id":"https:\/\/www.giraffe-andorra.com\/es\/gestoria-andorra\/#breadcrumb"},"inLanguage":"es","potentialAction":[{"@type":"ReadAction","target":["https:\/\/www.giraffe-andorra.com\/es\/gestoria-andorra\/"]}]},{"@type":"BreadcrumbList","@id":"https:\/\/www.giraffe-andorra.com\/es\/gestoria-andorra\/#breadcrumb","itemListElement":[{"@type":"ListItem","position":1,"name":"Inici","item":"https:\/\/www.giraffe-andorra.com\/es\/"},{"@type":"ListItem","position":2,"name":"Giraffe Gestor\u00eda"}]},{"@type":"WebSite","@id":"https:\/\/www.giraffe-andorra.com\/#website","url":"https:\/\/www.giraffe-andorra.com\/","name":"Giraffe Strategy","description":"Consultoria y gestoria en Andorra","publisher":{"@id":"https:\/\/www.giraffe-andorra.com\/#organization"},"potentialAction":[{"@type":"SearchAction","target":{"@type":"EntryPoint","urlTemplate":"https:\/\/www.giraffe-andorra.com\/?s={search_term_string}"},"query-input":"required name=search_term_string"}],"inLanguage":"es"},{"@type":"Organization","@id":"https:\/\/www.giraffe-andorra.com\/#organization","name":"Giraffe Andorra","url":"https:\/\/www.giraffe-andorra.com\/","logo":{"@type":"ImageObject","inLanguage":"es","@id":"https:\/\/www.giraffe-andorra.com\/#\/schema\/logo\/image\/","url":"https:\/\/www.giraffe-andorra.com\/wp-content\/uploads\/2021\/05\/GIRAFFE-STRATEGY-Andorra.png","contentUrl":"https:\/\/www.giraffe-andorra.com\/wp-content\/uploads\/2021\/05\/GIRAFFE-STRATEGY-Andorra.png","width":500,"height":188,"caption":"Giraffe Andorra"},"image":{"@id":"https:\/\/www.giraffe-andorra.com\/#\/schema\/logo\/image\/"},"sameAs":["https:\/\/es.linkedin.com\/company\/giraffe-strategy"]}]}},"_links":{"self":[{"href":"https:\/\/www.giraffe-andorra.com\/es\/wp-json\/wp\/v2\/pages\/88173"}],"collection":[{"href":"https:\/\/www.giraffe-andorra.com\/es\/wp-json\/wp\/v2\/pages"}],"about":[{"href":"https:\/\/www.giraffe-andorra.com\/es\/wp-json\/wp\/v2\/types\/page"}],"author":[{"embeddable":true,"href":"https:\/\/www.giraffe-andorra.com\/es\/wp-json\/wp\/v2\/users\/1"}],"replies":[{"embeddable":true,"href":"https:\/\/www.giraffe-andorra.com\/es\/wp-json\/wp\/v2\/comments?post=88173"}],"version-history":[{"count":30,"href":"https:\/\/www.giraffe-andorra.com\/es\/wp-json\/wp\/v2\/pages\/88173\/revisions"}],"predecessor-version":[{"id":89316,"href":"https:\/\/www.giraffe-andorra.com\/es\/wp-json\/wp\/v2\/pages\/88173\/revisions\/89316"}],"wp:attachment":[{"href":"https:\/\/www.giraffe-andorra.com\/es\/wp-json\/wp\/v2\/media?parent=88173"}],"curies":[{"name":"wp","href":"https:\/\/api.w.org\/{rel}","templated":true}]}}