{"id":88186,"date":"2021-09-27T11:48:09","date_gmt":"2021-09-27T09:48:09","guid":{"rendered":"https:\/\/www.giraffe-andorra.com\/\/?page_id=88186"},"modified":"2022-09-07T18:36:55","modified_gmt":"2022-09-07T16:36:55","slug":"asesoramiento-empresas-autonomos","status":"publish","type":"page","link":"https:\/\/www.giraffe-andorra.com\/es\/gestoria-andorra\/asesoramiento-empresas-autonomos\/","title":{"rendered":"Asesoramiento a empresas y aut\u00f3nomos"},"content":{"rendered":"<div class=\"wpb-content-wrapper\"><p>[vc_row row_height_percent=\u00bb0&#8243; override_padding=\u00bbyes\u00bb h_padding=\u00bb2&#8243; top_padding=\u00bb0&#8243; bottom_padding=\u00bb0&#8243; overlay_alpha=\u00bb50&#8243; gutter_size=\u00bb3&#8243; column_width_percent=\u00bb100&#8243; shift_y=\u00bb0&#8243; z_index=\u00bb0&#8243;][vc_column column_width_use_pixel=\u00bbyes\u00bb gutter_size=\u00bb2&#8243; font_family=\u00bbfont-202503&#8243; overlay_alpha=\u00bb50&#8243; shift_x=\u00bb0&#8243; shift_y=\u00bb0&#8243; shift_y_down=\u00bb0&#8243; z_index=\u00bb0&#8243; medium_width=\u00bb0&#8243; align_mobile=\u00bbalign_center_mobile\u00bb mobile_width=\u00bb0&#8243; width=\u00bb1\/1&#8243; column_width_pixel=\u00bb800&#8243;][vc_empty_space empty_h=\u00bb2&#8243;][vc_custom_heading text_color=\u00bbcolor-jevc\u00bb text_font=\u00bbfont-175345&#8243; text_size=\u00bbh1&#8243; text_weight=\u00bb200&#8243; text_space=\u00bbfontspace-781688&#8243; uncode_shortcode_id=\u00bb108254&#8243; text_color_type=\u00bbuncode-palette\u00bb]<strong>Asesoramiento a empresas y aut\u00f3nomos<\/strong>[\/vc_custom_heading][vc_empty_space empty_h=\u00bb2&#8243;][\/vc_column][\/vc_row][vc_row row_height_percent=\u00bb0&#8243; override_padding=\u00bbyes\u00bb h_padding=\u00bb2&#8243; top_padding=\u00bb0&#8243; bottom_padding=\u00bb0&#8243; overlay_alpha=\u00bb50&#8243; gutter_size=\u00bb3&#8243; column_width_percent=\u00bb100&#8243; shift_y=\u00bb0&#8243; z_index=\u00bb0&#8243;][vc_column column_width_use_pixel=\u00bbyes\u00bb gutter_size=\u00bb2&#8243; font_family=\u00bbfont-377884&#8243; overlay_alpha=\u00bb50&#8243; shift_x=\u00bb0&#8243; shift_y=\u00bb0&#8243; shift_y_down=\u00bb0&#8243; z_index=\u00bb0&#8243; medium_width=\u00bb0&#8243; align_mobile=\u00bbalign_center_mobile\u00bb mobile_width=\u00bb0&#8243; width=\u00bb1\/1&#8243; column_width_pixel=\u00bb800&#8243; uncode_shortcode_id=\u00bb870483&#8243;][vc_column_text text_lead=\u00bbyes\u00bb uncode_shortcode_id=\u00bb206602&#8243;]Para que tu proyecto empresarial tenga \u00e9xito en Andorra, tiene que cumplir con una serie de normativas fiscales, contables y mercantiles. Pero adem\u00e1s tienes que tener un plan para maximizar la gesti\u00f3n financiera y tesorer\u00eda de tu empresa.<\/p>\n<p>Nuestro conocimiento y experiencia nos permiten ayudarte en estas \u00e1reas:<\/p>\n<ul>\n<li><strong>Fiscal y contable<\/strong>: En el marco de la normativa tributaria, realizamos la planificaci\u00f3n fiscal que mejor se ajusta a sus necesidades.<\/li>\n<li><strong>Econ\u00f3mico y financiero:<\/strong> Analizamos datos como tu balance y cuenta de resultados para ayudarte a tomar decisiones estrat\u00e9gicas.<\/li>\n<li><strong>Mercantil<\/strong>: Planteamos soluciones a los conflictos derivados de las actividades empresariales.<\/li>\n<li><strong>Laboral<\/strong>: Te apoyamos en la redacci\u00f3n de contratos, altas, bajas, despidos y otros documentos relacionados con la gesti\u00f3n de personas.<\/li>\n<\/ul>\n<p>[\/vc_column_text][\/vc_column][\/vc_row][vc_row][vc_column column_width_percent=\u00bb100&#8243; align_horizontal=\u00bbalign_center\u00bb gutter_size=\u00bb3&#8243; overlay_alpha=\u00bb50&#8243; shift_x=\u00bb0&#8243; shift_y=\u00bb0&#8243; shift_y_down=\u00bb0&#8243; z_index=\u00bb0&#8243; medium_width=\u00bb0&#8243; mobile_width=\u00bb0&#8243; width=\u00bb1\/1&#8243; uncode_shortcode_id=\u00bb137378&#8243;][vc_empty_space empty_h=\u00bb1&#8243;][vc_button button_color=\u00bbcolor-106237&#8243; size=\u00bbbtn-lg\u00bb border_width=\u00bb0&#8243; link=\u00bburl:mailto%3Acontact%40giraffe-andorra.com\u00bb button_color_type=\u00bbuncode-palette\u00bb uncode_shortcode_id=\u00bb903947&#8243;]Cont\u00e1ctanos[\/vc_button][vc_empty_space empty_h=\u00bb1&#8243;][\/vc_column][\/vc_row][vc_row][vc_column column_width_percent=\u00bb100&#8243; gutter_size=\u00bb3&#8243; override_padding=\u00bbyes\u00bb column_padding=\u00bb3&#8243; font_family=\u00bbfont-202503&#8243; overlay_color=\u00bbcolor-106237&#8243; overlay_alpha=\u00bb7&#8243; shift_x=\u00bb0&#8243; shift_y=\u00bb0&#8243; shift_y_down=\u00bb0&#8243; z_index=\u00bb0&#8243; medium_width=\u00bb0&#8243; mobile_width=\u00bb0&#8243; width=\u00bb1\/2&#8243; uncode_shortcode_id=\u00bb138876&#8243; overlay_color_type=\u00bbuncode-palette\u00bb link_to=\u00bburl:https%3A%2F%2Fwww.giraffe-andorra.com%2Fes%2Fgiraffe-gestoria%2Ftramitacion-expedientes%2F|title:Tramitaci%C3%B3n%20de%20expedientes\u00bb][vc_column_text uncode_shortcode_id=\u00bb697946&#8243;]<\/p>\n<h2><span class=\"font-175345\">Tramitaci\u00f3n de expedientes<\/span><\/h2>\n<p>[\/vc_column_text][vc_button button_color=\u00bbcolor-106237&#8243; border_width=\u00bb0&#8243; uncode_shortcode_id=\u00bb170176&#8243; button_color_type=\u00bbuncode-palette\u00bb link=\u00bburl:https%3A%2F%2Fwww.giraffe-andorra.com%2Fes%2Fgestoria-andorra%2Ftramitacion-expedientes%2F|title:Tramitaci%C3%B3n%20de%20expedientes\u00bb]Leer m\u00e1s[\/vc_button][\/vc_column][vc_column column_width_percent=\u00bb100&#8243; gutter_size=\u00bb3&#8243; override_padding=\u00bbyes\u00bb column_padding=\u00bb3&#8243; overlay_color=\u00bbcolor-106237&#8243; overlay_alpha=\u00bb7&#8243; shift_x=\u00bb0&#8243; shift_y=\u00bb0&#8243; shift_y_down=\u00bb0&#8243; z_index=\u00bb0&#8243; medium_width=\u00bb0&#8243; mobile_width=\u00bb0&#8243; width=\u00bb1\/2&#8243; uncode_shortcode_id=\u00bb708060&#8243; overlay_color_type=\u00bbuncode-palette\u00bb link_to=\u00bburl:https%3A%2F%2Fwww.giraffe-andorra.com%2Fes%2Fgiraffe-gestoria%2Fadministracion%2F|title:Administraci%C3%B3n\u00bb][vc_column_text uncode_shortcode_id=\u00bb616202&#8243;]<\/p>\n<h2><span class=\"font-175345\">Administraci\u00f3n<\/span><\/h2>\n<p>[\/vc_column_text][vc_button button_color=\u00bbcolor-106237&#8243; border_width=\u00bb0&#8243; uncode_shortcode_id=\u00bb204402&#8243; button_color_type=\u00bbuncode-palette\u00bb link=\u00bburl:https%3A%2F%2Fwww.giraffe-andorra.com%2Fes%2Fgestoria-andorra%2Fadministracion%2F|title:Administraci%C3%B3n\u00bb]Leer m\u00e1s[\/vc_button][\/vc_column][\/vc_row][vc_row][vc_column width=\u00bb1\/1&#8243;][vc_empty_space empty_h=\u00bb2&#8243;][\/vc_column][\/vc_row]<\/p>\n<\/div>","protected":false},"excerpt":{"rendered":"<p>[vc_row row_height_percent=\u00bb0&#8243; override_padding=\u00bbyes\u00bb h_padding=\u00bb2&#8243; top_padding=\u00bb0&#8243; bottom_padding=\u00bb0&#8243; overlay_alpha=\u00bb50&#8243; gutter_size=\u00bb3&#8243; column_width_percent=\u00bb100&#8243; shift_y=\u00bb0&#8243; z_index=\u00bb0&#8243;][vc_column column_width_use_pixel=\u00bbyes\u00bb gutter_size=\u00bb2&#8243; font_family=\u00bbfont-202503&#8243; overlay_alpha=\u00bb50&#8243; shift_x=\u00bb0&#8243; shift_y=\u00bb0&#8243; shift_y_down=\u00bb0&#8243; z_index=\u00bb0&#8243; medium_width=\u00bb0&#8243; [&hellip;]<\/p>\n","protected":false},"author":1,"featured_media":0,"parent":88173,"menu_order":0,"comment_status":"closed","ping_status":"closed","template":"","meta":{"footnotes":""},"yoast_head":"<!-- This site is optimized with the Yoast SEO plugin v22.3 - https:\/\/yoast.com\/wordpress\/plugins\/seo\/ -->\n<title>Asesoramiento a empresas y aut\u00f3nomos - Giraffe Strategy<\/title>\n<meta name=\"description\" content=\"Asesoramiento a empresas y aut\u00f3nomos - Giraffe Strategy - Fiscal y contable- Econ\u00f3mico y financiero - Mercantil - Laboral\" \/>\n<meta name=\"robots\" content=\"index, follow, max-snippet:-1, max-image-preview:large, max-video-preview:-1\" \/>\n<link rel=\"canonical\" href=\"https:\/\/www.giraffe-andorra.com\/es\/gestoria-andorra\/asesoramiento-empresas-autonomos\/\" \/>\n<meta property=\"og:locale\" content=\"es_ES\" \/>\n<meta property=\"og:type\" content=\"article\" \/>\n<meta property=\"og:title\" content=\"Asesoramiento a empresas y aut\u00f3nomos - Giraffe Strategy\" \/>\n<meta property=\"og:description\" content=\"Asesoramiento a empresas y aut\u00f3nomos - Giraffe Strategy - Fiscal y contable- Econ\u00f3mico y financiero - Mercantil - Laboral\" \/>\n<meta property=\"og:url\" content=\"https:\/\/www.giraffe-andorra.com\/es\/gestoria-andorra\/asesoramiento-empresas-autonomos\/\" \/>\n<meta property=\"og:site_name\" content=\"Giraffe Strategy\" \/>\n<meta property=\"article:modified_time\" content=\"2022-09-07T16:36:55+00:00\" \/>\n<meta name=\"twitter:card\" content=\"summary_large_image\" \/>\n<meta name=\"twitter:label1\" content=\"Tiempo de lectura\" \/>\n\t<meta name=\"twitter:data1\" content=\"2 minutos\" \/>\n<script type=\"application\/ld+json\" class=\"yoast-schema-graph\">{\"@context\":\"https:\/\/schema.org\",\"@graph\":[{\"@type\":\"WebPage\",\"@id\":\"https:\/\/www.giraffe-andorra.com\/es\/gestoria-andorra\/asesoramiento-empresas-autonomos\/\",\"url\":\"https:\/\/www.giraffe-andorra.com\/es\/gestoria-andorra\/asesoramiento-empresas-autonomos\/\",\"name\":\"Asesoramiento a empresas y aut\u00f3nomos - Giraffe Strategy\",\"isPartOf\":{\"@id\":\"https:\/\/www.giraffe-andorra.com\/#website\"},\"datePublished\":\"2021-09-27T09:48:09+00:00\",\"dateModified\":\"2022-09-07T16:36:55+00:00\",\"description\":\"Asesoramiento a empresas y aut\u00f3nomos - Giraffe Strategy - Fiscal y contable- Econ\u00f3mico y financiero - Mercantil - Laboral\",\"breadcrumb\":{\"@id\":\"https:\/\/www.giraffe-andorra.com\/es\/gestoria-andorra\/asesoramiento-empresas-autonomos\/#breadcrumb\"},\"inLanguage\":\"es\",\"potentialAction\":[{\"@type\":\"ReadAction\",\"target\":[\"https:\/\/www.giraffe-andorra.com\/es\/gestoria-andorra\/asesoramiento-empresas-autonomos\/\"]}]},{\"@type\":\"BreadcrumbList\",\"@id\":\"https:\/\/www.giraffe-andorra.com\/es\/gestoria-andorra\/asesoramiento-empresas-autonomos\/#breadcrumb\",\"itemListElement\":[{\"@type\":\"ListItem\",\"position\":1,\"name\":\"Inici\",\"item\":\"https:\/\/www.giraffe-andorra.com\/es\/\"},{\"@type\":\"ListItem\",\"position\":2,\"name\":\"Giraffe Gestor\u00eda\",\"item\":\"https:\/\/www.giraffe-andorra.com\/es\/gestoria-andorra\/\"},{\"@type\":\"ListItem\",\"position\":3,\"name\":\"Asesoramiento a empresas y aut\u00f3nomos\"}]},{\"@type\":\"WebSite\",\"@id\":\"https:\/\/www.giraffe-andorra.com\/#website\",\"url\":\"https:\/\/www.giraffe-andorra.com\/\",\"name\":\"Giraffe Strategy\",\"description\":\"Consultoria y gestoria en Andorra\",\"publisher\":{\"@id\":\"https:\/\/www.giraffe-andorra.com\/#organization\"},\"potentialAction\":[{\"@type\":\"SearchAction\",\"target\":{\"@type\":\"EntryPoint\",\"urlTemplate\":\"https:\/\/www.giraffe-andorra.com\/?s={search_term_string}\"},\"query-input\":\"required name=search_term_string\"}],\"inLanguage\":\"es\"},{\"@type\":\"Organization\",\"@id\":\"https:\/\/www.giraffe-andorra.com\/#organization\",\"name\":\"Giraffe Andorra\",\"url\":\"https:\/\/www.giraffe-andorra.com\/\",\"logo\":{\"@type\":\"ImageObject\",\"inLanguage\":\"es\",\"@id\":\"https:\/\/www.giraffe-andorra.com\/#\/schema\/logo\/image\/\",\"url\":\"https:\/\/www.giraffe-andorra.com\/wp-content\/uploads\/2021\/05\/GIRAFFE-STRATEGY-Andorra.png\",\"contentUrl\":\"https:\/\/www.giraffe-andorra.com\/wp-content\/uploads\/2021\/05\/GIRAFFE-STRATEGY-Andorra.png\",\"width\":500,\"height\":188,\"caption\":\"Giraffe Andorra\"},\"image\":{\"@id\":\"https:\/\/www.giraffe-andorra.com\/#\/schema\/logo\/image\/\"},\"sameAs\":[\"https:\/\/es.linkedin.com\/company\/giraffe-strategy\"]}]}<\/script>\n<!-- \/ Yoast SEO plugin. -->","yoast_head_json":{"title":"Asesoramiento a empresas y aut\u00f3nomos - Giraffe Strategy","description":"Asesoramiento a empresas y aut\u00f3nomos - Giraffe Strategy - Fiscal y contable- Econ\u00f3mico y financiero - Mercantil - Laboral","robots":{"index":"index","follow":"follow","max-snippet":"max-snippet:-1","max-image-preview":"max-image-preview:large","max-video-preview":"max-video-preview:-1"},"canonical":"https:\/\/www.giraffe-andorra.com\/es\/gestoria-andorra\/asesoramiento-empresas-autonomos\/","og_locale":"es_ES","og_type":"article","og_title":"Asesoramiento a empresas y aut\u00f3nomos - Giraffe Strategy","og_description":"Asesoramiento a empresas y aut\u00f3nomos - Giraffe Strategy - Fiscal y contable- Econ\u00f3mico y financiero - Mercantil - Laboral","og_url":"https:\/\/www.giraffe-andorra.com\/es\/gestoria-andorra\/asesoramiento-empresas-autonomos\/","og_site_name":"Giraffe Strategy","article_modified_time":"2022-09-07T16:36:55+00:00","twitter_card":"summary_large_image","twitter_misc":{"Tiempo de lectura":"2 minutos"},"schema":{"@context":"https:\/\/schema.org","@graph":[{"@type":"WebPage","@id":"https:\/\/www.giraffe-andorra.com\/es\/gestoria-andorra\/asesoramiento-empresas-autonomos\/","url":"https:\/\/www.giraffe-andorra.com\/es\/gestoria-andorra\/asesoramiento-empresas-autonomos\/","name":"Asesoramiento a empresas y aut\u00f3nomos - Giraffe Strategy","isPartOf":{"@id":"https:\/\/www.giraffe-andorra.com\/#website"},"datePublished":"2021-09-27T09:48:09+00:00","dateModified":"2022-09-07T16:36:55+00:00","description":"Asesoramiento a empresas y aut\u00f3nomos - Giraffe Strategy - Fiscal y contable- Econ\u00f3mico y financiero - Mercantil - Laboral","breadcrumb":{"@id":"https:\/\/www.giraffe-andorra.com\/es\/gestoria-andorra\/asesoramiento-empresas-autonomos\/#breadcrumb"},"inLanguage":"es","potentialAction":[{"@type":"ReadAction","target":["https:\/\/www.giraffe-andorra.com\/es\/gestoria-andorra\/asesoramiento-empresas-autonomos\/"]}]},{"@type":"BreadcrumbList","@id":"https:\/\/www.giraffe-andorra.com\/es\/gestoria-andorra\/asesoramiento-empresas-autonomos\/#breadcrumb","itemListElement":[{"@type":"ListItem","position":1,"name":"Inici","item":"https:\/\/www.giraffe-andorra.com\/es\/"},{"@type":"ListItem","position":2,"name":"Giraffe Gestor\u00eda","item":"https:\/\/www.giraffe-andorra.com\/es\/gestoria-andorra\/"},{"@type":"ListItem","position":3,"name":"Asesoramiento a empresas y aut\u00f3nomos"}]},{"@type":"WebSite","@id":"https:\/\/www.giraffe-andorra.com\/#website","url":"https:\/\/www.giraffe-andorra.com\/","name":"Giraffe Strategy","description":"Consultoria y gestoria en Andorra","publisher":{"@id":"https:\/\/www.giraffe-andorra.com\/#organization"},"potentialAction":[{"@type":"SearchAction","target":{"@type":"EntryPoint","urlTemplate":"https:\/\/www.giraffe-andorra.com\/?s={search_term_string}"},"query-input":"required name=search_term_string"}],"inLanguage":"es"},{"@type":"Organization","@id":"https:\/\/www.giraffe-andorra.com\/#organization","name":"Giraffe Andorra","url":"https:\/\/www.giraffe-andorra.com\/","logo":{"@type":"ImageObject","inLanguage":"es","@id":"https:\/\/www.giraffe-andorra.com\/#\/schema\/logo\/image\/","url":"https:\/\/www.giraffe-andorra.com\/wp-content\/uploads\/2021\/05\/GIRAFFE-STRATEGY-Andorra.png","contentUrl":"https:\/\/www.giraffe-andorra.com\/wp-content\/uploads\/2021\/05\/GIRAFFE-STRATEGY-Andorra.png","width":500,"height":188,"caption":"Giraffe Andorra"},"image":{"@id":"https:\/\/www.giraffe-andorra.com\/#\/schema\/logo\/image\/"},"sameAs":["https:\/\/es.linkedin.com\/company\/giraffe-strategy"]}]}},"_links":{"self":[{"href":"https:\/\/www.giraffe-andorra.com\/es\/wp-json\/wp\/v2\/pages\/88186"}],"collection":[{"href":"https:\/\/www.giraffe-andorra.com\/es\/wp-json\/wp\/v2\/pages"}],"about":[{"href":"https:\/\/www.giraffe-andorra.com\/es\/wp-json\/wp\/v2\/types\/page"}],"author":[{"embeddable":true,"href":"https:\/\/www.giraffe-andorra.com\/es\/wp-json\/wp\/v2\/users\/1"}],"replies":[{"embeddable":true,"href":"https:\/\/www.giraffe-andorra.com\/es\/wp-json\/wp\/v2\/comments?post=88186"}],"version-history":[{"count":14,"href":"https:\/\/www.giraffe-andorra.com\/es\/wp-json\/wp\/v2\/pages\/88186\/revisions"}],"predecessor-version":[{"id":89459,"href":"https:\/\/www.giraffe-andorra.com\/es\/wp-json\/wp\/v2\/pages\/88186\/revisions\/89459"}],"up":[{"embeddable":true,"href":"https:\/\/www.giraffe-andorra.com\/es\/wp-json\/wp\/v2\/pages\/88173"}],"wp:attachment":[{"href":"https:\/\/www.giraffe-andorra.com\/es\/wp-json\/wp\/v2\/media?parent=88186"}],"curies":[{"name":"wp","href":"https:\/\/api.w.org\/{rel}","templated":true}]}}