{"id":88199,"date":"2021-09-27T13:00:45","date_gmt":"2021-09-27T11:00:45","guid":{"rendered":"https:\/\/www.giraffe-andorra.com\/\/?page_id=88199"},"modified":"2022-09-07T18:46:46","modified_gmt":"2022-09-07T16:46:46","slug":"invertir-andorra","status":"publish","type":"page","link":"https:\/\/www.giraffe-andorra.com\/es\/gestoria-andorra\/invertir-andorra\/","title":{"rendered":"Por qu\u00e9 invertir en Andorra"},"content":{"rendered":"<div class=\"wpb-content-wrapper\"><p>[vc_row row_height_percent=\u00bb0&#8243; override_padding=\u00bbyes\u00bb h_padding=\u00bb2&#8243; top_padding=\u00bb0&#8243; bottom_padding=\u00bb0&#8243; overlay_alpha=\u00bb50&#8243; gutter_size=\u00bb3&#8243; column_width_percent=\u00bb100&#8243; shift_y=\u00bb0&#8243; z_index=\u00bb0&#8243;][vc_column column_width_use_pixel=\u00bbyes\u00bb gutter_size=\u00bb2&#8243; font_family=\u00bbfont-202503&#8243; overlay_alpha=\u00bb50&#8243; shift_x=\u00bb0&#8243; shift_y=\u00bb0&#8243; shift_y_down=\u00bb0&#8243; z_index=\u00bb0&#8243; medium_width=\u00bb0&#8243; align_mobile=\u00bbalign_center_mobile\u00bb mobile_width=\u00bb0&#8243; width=\u00bb1\/1&#8243; column_width_pixel=\u00bb800&#8243;][vc_empty_space empty_h=\u00bb2&#8243;][vc_custom_heading text_color=\u00bbcolor-jevc\u00bb text_font=\u00bbfont-175345&#8243; text_size=\u00bbh1&#8243; text_weight=\u00bb200&#8243; text_space=\u00bbfontspace-781688&#8243; uncode_shortcode_id=\u00bb198089&#8243; text_color_type=\u00bbuncode-palette\u00bb]<strong>\u00bfPor qu\u00e9 invertir en Andorra?<\/strong>[\/vc_custom_heading][vc_empty_space empty_h=\u00bb2&#8243;][\/vc_column][\/vc_row][vc_row row_height_percent=\u00bb0&#8243; override_padding=\u00bbyes\u00bb h_padding=\u00bb2&#8243; top_padding=\u00bb0&#8243; bottom_padding=\u00bb0&#8243; overlay_alpha=\u00bb50&#8243; gutter_size=\u00bb3&#8243; column_width_percent=\u00bb100&#8243; shift_y=\u00bb0&#8243; z_index=\u00bb0&#8243;][vc_column column_width_use_pixel=\u00bbyes\u00bb gutter_size=\u00bb2&#8243; font_family=\u00bbfont-377884&#8243; overlay_alpha=\u00bb50&#8243; shift_x=\u00bb0&#8243; shift_y=\u00bb0&#8243; shift_y_down=\u00bb0&#8243; z_index=\u00bb0&#8243; medium_width=\u00bb0&#8243; align_mobile=\u00bbalign_center_mobile\u00bb mobile_width=\u00bb0&#8243; width=\u00bb1\/1&#8243; column_width_pixel=\u00bb800&#8243; uncode_shortcode_id=\u00bb870483&#8243;][vc_column_text text_lead=\u00bbyes\u00bb uncode_shortcode_id=\u00bb130259&#8243;]La econom\u00eda andorrana ha evolucionado mucho en los \u00faltimos 10 a\u00f1os. Su modelo econ\u00f3mico ha pasado por unos procesos de transparencia, homologaci\u00f3n y apertura internacional que hoy permiten al pa\u00eds dar la bienvenida a nuevos proyectos empresariales. De hecho, muchos emprendedores recomiendan Andorra como lugar para impulsar negocios.<\/p>\n<p>Pero si lo que te decimos todav\u00eda no te convence, te dejamos algunos datos que puede que lo hagan ;)[\/vc_column_text][vc_empty_space empty_h=\u00bb3&#8243;][\/vc_column][\/vc_row][vc_row unlock_row_content=\u00bbyes\u00bb row_height_percent=\u00bb0&#8243; override_padding=\u00bbyes\u00bb h_padding=\u00bb2&#8243; top_padding=\u00bb0&#8243; bottom_padding=\u00bb0&#8243; back_image=\u00bb88451&#8243; parallax=\u00bbyes\u00bb overlay_color=\u00bbcolor-106237&#8243; overlay_alpha=\u00bb79&#8243; gutter_size=\u00bb3&#8243; column_width_percent=\u00bb0&#8243; shift_y=\u00bb-1&#8243; z_index=\u00bb0&#8243; uncode_shortcode_id=\u00bb661419&#8243; overlay_color_type=\u00bbuncode-palette\u00bb][vc_column column_width_percent=\u00bb68&#8243; gutter_size=\u00bb2&#8243; font_family=\u00bbfont-377884&#8243; overlay_alpha=\u00bb50&#8243; shift_x=\u00bb0&#8243; shift_y=\u00bb0&#8243; shift_y_down=\u00bb0&#8243; z_index=\u00bb0&#8243; medium_width=\u00bb0&#8243; align_mobile=\u00bbalign_center_mobile\u00bb mobile_width=\u00bb0&#8243; width=\u00bb1\/1&#8243; uncode_shortcode_id=\u00bb402237&#8243;][vc_empty_space empty_h=\u00bb5&#8243;][vc_custom_heading text_color=\u00bbaccent\u00bb uncode_shortcode_id=\u00bb688758&#8243; text_color_type=\u00bbuncode-palette\u00bb]<\/p>\n<h2><span class=\"font-175345\" style=\"color: #ffffff;\">En los \u00faltimos a\u00f1os son muchas las empresas que han reconocido en Andorra una oportunidad para desarrollar proyectos empresariales.<\/span><\/h2>\n<p>[\/vc_custom_heading][vc_empty_space empty_h=\u00bb5&#8243;][\/vc_column][\/vc_row][vc_row row_height_percent=\u00bb0&#8243; override_padding=\u00bbyes\u00bb h_padding=\u00bb2&#8243; top_padding=\u00bb0&#8243; bottom_padding=\u00bb0&#8243; overlay_alpha=\u00bb50&#8243; gutter_size=\u00bb3&#8243; column_width_percent=\u00bb100&#8243; shift_y=\u00bb0&#8243; z_index=\u00bb0&#8243;][vc_column column_width_use_pixel=\u00bbyes\u00bb gutter_size=\u00bb2&#8243; font_family=\u00bbfont-377884&#8243; overlay_alpha=\u00bb50&#8243; shift_x=\u00bb0&#8243; shift_y=\u00bb0&#8243; shift_y_down=\u00bb0&#8243; z_index=\u00bb0&#8243; medium_width=\u00bb0&#8243; align_mobile=\u00bbalign_center_mobile\u00bb mobile_width=\u00bb0&#8243; width=\u00bb1\/1&#8243; column_width_pixel=\u00bb800&#8243; uncode_shortcode_id=\u00bb870483&#8243;][vc_empty_space empty_h=\u00bb2&#8243;][vc_column_text text_lead=\u00bbyes\u00bb uncode_shortcode_id=\u00bb213542&#8243;]<\/p>\n<h2><strong>Tenemos una alta calidad de vida<\/strong><\/h2>\n<p>As\u00ed lo indican los \u00edndices de seguridad, educaci\u00f3n, sanidad y calidad del entorno.<\/p>\n<ul>\n<li>Es un pa\u00eds seguro, el \u00edndice de criminalidad es bajo.<\/li>\n<li>El sistema educativo es p\u00fablico y gratuito. Adem\u00e1s, puedes elegir formarte en el sistema educativo que prefieras: el andorrano, franc\u00e9s o espa\u00f1ol.<\/li>\n<li>Andorra tiene uno de los mejores sistemas p\u00fablicos de sanidad del mundo. Su gasto alcanza el 4.7% sobre el PIB (un 18.4% est\u00e1 financiado por el gobierno).<\/li>\n<li>La calidad del aire es muy buena (89%) y los espacios protegidos representan el 36% del total del territorio.<\/li>\n<li>Todos los hogares tienen conexi\u00f3n a internet de \u00faltima generaci\u00f3n.<\/li>\n<\/ul>\n<p>[\/vc_column_text][vc_empty_space empty_h=\u00bb3&#8243;][\/vc_column][\/vc_row][vc_row unlock_row_content=\u00bbyes\u00bb row_height_percent=\u00bb0&#8243; override_padding=\u00bbyes\u00bb h_padding=\u00bb0&#8243; top_padding=\u00bb0&#8243; bottom_padding=\u00bb0&#8243; back_color=\u00bbcolor-106237&#8243; overlay_alpha=\u00bb20&#8243; gutter_size=\u00bb3&#8243; column_width_percent=\u00bb100&#8243; shift_y=\u00bb0&#8243; z_index=\u00bb0&#8243; uncode_shortcode_id=\u00bb117794&#8243; back_color_type=\u00bbuncode-palette\u00bb][vc_column column_width_use_pixel=\u00bbyes\u00bb gutter_size=\u00bb2&#8243; font_family=\u00bbfont-377884&#8243; overlay_color=\u00bbcolor-106237&#8243; overlay_alpha=\u00bb17&#8243; shift_x=\u00bb0&#8243; shift_y=\u00bb0&#8243; shift_y_down=\u00bb0&#8243; z_index=\u00bb0&#8243; medium_width=\u00bb0&#8243; align_mobile=\u00bbalign_center_mobile\u00bb mobile_width=\u00bb0&#8243; width=\u00bb1\/4&#8243; column_width_pixel=\u00bb800&#8243; uncode_shortcode_id=\u00bb143181&#8243; overlay_color_type=\u00bbuncode-palette\u00bb][\/vc_column][vc_column column_width_percent=\u00bb100&#8243; align_horizontal=\u00bbalign_center\u00bb gutter_size=\u00bb3&#8243; overlay_alpha=\u00bb50&#8243; shift_x=\u00bb0&#8243; shift_y=\u00bb0&#8243; shift_y_down=\u00bb0&#8243; z_index=\u00bb0&#8243; medium_width=\u00bb0&#8243; mobile_width=\u00bb0&#8243; width=\u00bb1\/2&#8243; uncode_shortcode_id=\u00bb189797&#8243;][vc_empty_space empty_h=\u00bb2&#8243;][vc_custom_heading text_color=\u00bbcolor-106237&#8243; heading_semantic=\u00bbh4&#8243; text_font=\u00bbfont-175345&#8243; text_size=\u00bbh4&#8243; uncode_shortcode_id=\u00bb320056&#8243; text_color_type=\u00bbuncode-palette\u00bb]<\/p>\n<h4><span class=\"font-175345\" style=\"color: #ffffff;\"><strong>Tenemos un sistema econ\u00f3mico s\u00f3lido<\/strong><\/span><\/h4>\n<p>[\/vc_custom_heading][vc_column_text text_lead=\u00bbsmall\u00bb text_color=\u00bbcolor-106237&#8243; uncode_shortcode_id=\u00bb110418&#8243; text_color_type=\u00bbuncode-palette\u00bb]<span style=\"color: #ffffff;\">El PIB per c\u00e1pita es 53.134 (2019)<\/span><\/p>\n<p><span style=\"color: #ffffff;\">Rating pa\u00eds Standard &amp; Poor\u2019s: BBB-\/A-2 (2019)<\/span><\/p>\n<p><span style=\"color: #ffffff;\">La deuda p\u00fablica total (% PIB) es del 35.4% (2019)<\/span>[\/vc_column_text][vc_empty_space empty_h=\u00bb3&#8243;][\/vc_column][vc_column width=\u00bb1\/4&#8243;][\/vc_column][\/vc_row][vc_row row_height_percent=\u00bb0&#8243; override_padding=\u00bbyes\u00bb h_padding=\u00bb2&#8243; top_padding=\u00bb0&#8243; bottom_padding=\u00bb0&#8243; overlay_alpha=\u00bb50&#8243; gutter_size=\u00bb3&#8243; column_width_percent=\u00bb100&#8243; shift_y=\u00bb0&#8243; z_index=\u00bb0&#8243;][vc_column column_width_use_pixel=\u00bbyes\u00bb gutter_size=\u00bb2&#8243; font_family=\u00bbfont-377884&#8243; overlay_alpha=\u00bb50&#8243; shift_x=\u00bb0&#8243; shift_y=\u00bb0&#8243; shift_y_down=\u00bb0&#8243; z_index=\u00bb0&#8243; medium_width=\u00bb0&#8243; align_mobile=\u00bbalign_center_mobile\u00bb mobile_width=\u00bb0&#8243; width=\u00bb1\/1&#8243; column_width_pixel=\u00bb800&#8243; uncode_shortcode_id=\u00bb870483&#8243;][vc_empty_space][vc_column_text text_lead=\u00bbyes\u00bb uncode_shortcode_id=\u00bb131360&#8243;]<\/p>\n<h2><strong>Nuestro territorio es pr\u00f3spero para<\/strong> <strong>los negocios <\/strong><\/h2>\n<ul>\n<li>Desde la aprobaci\u00f3n de la Ley 10\/2012 de inversi\u00f3n extranjera, cualquier empresario o empresaria puede crear una sociedad con 100% del capital extranjero.<\/li>\n<li>Se han firmado convenios con Espa\u00f1a, Portugal, Francia, Luxemburgo, Liechtenstein y Emiratos \u00c1rabes para evitar la doble imposici\u00f3n.<\/li>\n<li>El r\u00e9gimen fiscal es muy competitivo: Impuestos de sociedades (10%), Impuesto de la renda (10%), Impuesto general indirecto (4,5%) e Impuesto de sucesiones (0%).<\/li>\n<li>Actualmente Andorra est\u00e1 pendiente de firmar un acuerdo de asociaci\u00f3n con la UE.<\/li>\n<\/ul>\n<p>[\/vc_column_text][vc_empty_space empty_h=\u00bb3&#8243;][\/vc_column][\/vc_row][vc_row][vc_column column_width_percent=\u00bb100&#8243; align_horizontal=\u00bbalign_center\u00bb gutter_size=\u00bb3&#8243; overlay_alpha=\u00bb50&#8243; shift_x=\u00bb0&#8243; shift_y=\u00bb0&#8243; shift_y_down=\u00bb0&#8243; z_index=\u00bb0&#8243; medium_width=\u00bb0&#8243; mobile_width=\u00bb0&#8243; width=\u00bb1\/1&#8243; uncode_shortcode_id=\u00bb200816&#8243;][vc_button button_color=\u00bbcolor-106237&#8243; size=\u00bbbtn-lg\u00bb border_width=\u00bb0&#8243; link=\u00bburl:mailto%3Acontact%40giraffe-andorra.com\u00bb button_color_type=\u00bbuncode-palette\u00bb uncode_shortcode_id=\u00bb156129&#8243;]Cont\u00e1ctanos[\/vc_button][vc_empty_space empty_h=\u00bb2&#8243;][\/vc_column][\/vc_row][vc_row][vc_column column_width_percent=\u00bb100&#8243; gutter_size=\u00bb3&#8243; override_padding=\u00bbyes\u00bb column_padding=\u00bb3&#8243; font_family=\u00bbfont-202503&#8243; overlay_color=\u00bbcolor-106237&#8243; overlay_alpha=\u00bb7&#8243; shift_x=\u00bb0&#8243; shift_y=\u00bb0&#8243; shift_y_down=\u00bb0&#8243; z_index=\u00bb0&#8243; medium_width=\u00bb0&#8243; mobile_width=\u00bb0&#8243; width=\u00bb1\/2&#8243; uncode_shortcode_id=\u00bb936749&#8243; overlay_color_type=\u00bbuncode-palette\u00bb link_to=\u00bburl:https%3A%2F%2Fwww.giraffe-andorra.com%2Fes%2Fgiraffe-gestoria%2Ftramitacion-expedientes%2F|title:Tramitaci%C3%B3n%20de%20expedientes\u00bb][vc_column_text uncode_shortcode_id=\u00bb141635&#8243;]<\/p>\n<h2><span class=\"font-175345\">Tramitaci\u00f3n de expedientes<\/span><\/h2>\n<p>[\/vc_column_text][vc_button button_color=\u00bbcolor-106237&#8243; border_width=\u00bb0&#8243; uncode_shortcode_id=\u00bb125491&#8243; button_color_type=\u00bbuncode-palette\u00bb link=\u00bburl:https%3A%2F%2Fwww.giraffe-andorra.com%2Fes%2Fgiraffe-gestoria%2Ftramitacion-expedientes%2F|title:Tramitaci%C3%B3n%20de%20expedientes\u00bb]Leer m\u00e1s[\/vc_button][\/vc_column][vc_column column_width_percent=\u00bb100&#8243; gutter_size=\u00bb3&#8243; override_padding=\u00bbyes\u00bb column_padding=\u00bb3&#8243; overlay_color=\u00bbcolor-106237&#8243; overlay_alpha=\u00bb7&#8243; shift_x=\u00bb0&#8243; shift_y=\u00bb0&#8243; shift_y_down=\u00bb0&#8243; z_index=\u00bb0&#8243; medium_width=\u00bb0&#8243; mobile_width=\u00bb0&#8243; width=\u00bb1\/2&#8243; uncode_shortcode_id=\u00bb840995&#8243; overlay_color_type=\u00bbuncode-palette\u00bb link_to=\u00bburl:https%3A%2F%2Fwww.giraffe-andorra.com%2Fes%2Fgiraffe-gestoria%2Fadministracion%2F|title:Administraci%C3%B3n\u00bb][vc_column_text uncode_shortcode_id=\u00bb124643&#8243;]<\/p>\n<h2><span class=\"font-175345\">Administraci\u00f3n<\/span><\/h2>\n<p>[\/vc_column_text][vc_button button_color=\u00bbcolor-106237&#8243; border_width=\u00bb0&#8243; uncode_shortcode_id=\u00bb452412&#8243; button_color_type=\u00bbuncode-palette\u00bb link=\u00bburl:https%3A%2F%2Fwww.giraffe-andorra.com%2Fes%2Fgiraffe-gestoria%2Fadministracion%2F|title:Administraci%C3%B3n\u00bb]Leer m\u00e1s[\/vc_button][\/vc_column][\/vc_row][vc_row][vc_column width=\u00bb1\/1&#8243;][vc_empty_space empty_h=\u00bb2&#8243;][\/vc_column][\/vc_row]<\/p>\n<\/div>","protected":false},"excerpt":{"rendered":"<p>[vc_row row_height_percent=\u00bb0&#8243; override_padding=\u00bbyes\u00bb h_padding=\u00bb2&#8243; top_padding=\u00bb0&#8243; bottom_padding=\u00bb0&#8243; overlay_alpha=\u00bb50&#8243; gutter_size=\u00bb3&#8243; column_width_percent=\u00bb100&#8243; shift_y=\u00bb0&#8243; z_index=\u00bb0&#8243;][vc_column column_width_use_pixel=\u00bbyes\u00bb gutter_size=\u00bb2&#8243; font_family=\u00bbfont-202503&#8243; overlay_alpha=\u00bb50&#8243; shift_x=\u00bb0&#8243; shift_y=\u00bb0&#8243; shift_y_down=\u00bb0&#8243; z_index=\u00bb0&#8243; medium_width=\u00bb0&#8243; [&hellip;]<\/p>\n","protected":false},"author":1,"featured_media":0,"parent":88173,"menu_order":0,"comment_status":"closed","ping_status":"closed","template":"","meta":{"footnotes":""},"yoast_head":"<!-- This site is optimized with the Yoast SEO plugin v22.3 - https:\/\/yoast.com\/wordpress\/plugins\/seo\/ -->\n<title>Por qu\u00e9 invertir en Andorra - Giraffe Strategy<\/title>\n<meta name=\"description\" content=\"Por que invertir en Andorra? Giraffe Strategy te da las claves para traer tu empresa a Andorra y te ayuda en todo el proceso\" \/>\n<meta name=\"robots\" content=\"index, follow, max-snippet:-1, max-image-preview:large, max-video-preview:-1\" \/>\n<link rel=\"canonical\" href=\"https:\/\/www.giraffe-andorra.com\/es\/gestoria-andorra\/invertir-andorra\/\" \/>\n<meta property=\"og:locale\" content=\"es_ES\" \/>\n<meta property=\"og:type\" content=\"article\" \/>\n<meta property=\"og:title\" content=\"Por qu\u00e9 invertir en Andorra - Giraffe Strategy\" \/>\n<meta property=\"og:description\" content=\"Por que invertir en Andorra? Giraffe Strategy te da las claves para traer tu empresa a Andorra y te ayuda en todo el proceso\" \/>\n<meta property=\"og:url\" content=\"https:\/\/www.giraffe-andorra.com\/es\/gestoria-andorra\/invertir-andorra\/\" \/>\n<meta property=\"og:site_name\" content=\"Giraffe Strategy\" \/>\n<meta property=\"article:modified_time\" content=\"2022-09-07T16:46:46+00:00\" \/>\n<meta name=\"twitter:card\" content=\"summary_large_image\" \/>\n<meta name=\"twitter:label1\" content=\"Tiempo de lectura\" \/>\n\t<meta name=\"twitter:data1\" content=\"4 minutos\" \/>\n<script type=\"application\/ld+json\" class=\"yoast-schema-graph\">{\"@context\":\"https:\/\/schema.org\",\"@graph\":[{\"@type\":\"WebPage\",\"@id\":\"https:\/\/www.giraffe-andorra.com\/es\/gestoria-andorra\/invertir-andorra\/\",\"url\":\"https:\/\/www.giraffe-andorra.com\/es\/gestoria-andorra\/invertir-andorra\/\",\"name\":\"Por qu\u00e9 invertir en Andorra - Giraffe Strategy\",\"isPartOf\":{\"@id\":\"https:\/\/www.giraffe-andorra.com\/#website\"},\"datePublished\":\"2021-09-27T11:00:45+00:00\",\"dateModified\":\"2022-09-07T16:46:46+00:00\",\"description\":\"Por que invertir en Andorra? Giraffe Strategy te da las claves para traer tu empresa a Andorra y te ayuda en todo el proceso\",\"breadcrumb\":{\"@id\":\"https:\/\/www.giraffe-andorra.com\/es\/gestoria-andorra\/invertir-andorra\/#breadcrumb\"},\"inLanguage\":\"es\",\"potentialAction\":[{\"@type\":\"ReadAction\",\"target\":[\"https:\/\/www.giraffe-andorra.com\/es\/gestoria-andorra\/invertir-andorra\/\"]}]},{\"@type\":\"BreadcrumbList\",\"@id\":\"https:\/\/www.giraffe-andorra.com\/es\/gestoria-andorra\/invertir-andorra\/#breadcrumb\",\"itemListElement\":[{\"@type\":\"ListItem\",\"position\":1,\"name\":\"Inici\",\"item\":\"https:\/\/www.giraffe-andorra.com\/es\/\"},{\"@type\":\"ListItem\",\"position\":2,\"name\":\"Giraffe Gestor\u00eda\",\"item\":\"https:\/\/www.giraffe-andorra.com\/es\/gestoria-andorra\/\"},{\"@type\":\"ListItem\",\"position\":3,\"name\":\"Por qu\u00e9 invertir en Andorra\"}]},{\"@type\":\"WebSite\",\"@id\":\"https:\/\/www.giraffe-andorra.com\/#website\",\"url\":\"https:\/\/www.giraffe-andorra.com\/\",\"name\":\"Giraffe Strategy\",\"description\":\"Consultoria y gestoria en Andorra\",\"publisher\":{\"@id\":\"https:\/\/www.giraffe-andorra.com\/#organization\"},\"potentialAction\":[{\"@type\":\"SearchAction\",\"target\":{\"@type\":\"EntryPoint\",\"urlTemplate\":\"https:\/\/www.giraffe-andorra.com\/?s={search_term_string}\"},\"query-input\":\"required name=search_term_string\"}],\"inLanguage\":\"es\"},{\"@type\":\"Organization\",\"@id\":\"https:\/\/www.giraffe-andorra.com\/#organization\",\"name\":\"Giraffe Andorra\",\"url\":\"https:\/\/www.giraffe-andorra.com\/\",\"logo\":{\"@type\":\"ImageObject\",\"inLanguage\":\"es\",\"@id\":\"https:\/\/www.giraffe-andorra.com\/#\/schema\/logo\/image\/\",\"url\":\"https:\/\/www.giraffe-andorra.com\/wp-content\/uploads\/2021\/05\/GIRAFFE-STRATEGY-Andorra.png\",\"contentUrl\":\"https:\/\/www.giraffe-andorra.com\/wp-content\/uploads\/2021\/05\/GIRAFFE-STRATEGY-Andorra.png\",\"width\":500,\"height\":188,\"caption\":\"Giraffe Andorra\"},\"image\":{\"@id\":\"https:\/\/www.giraffe-andorra.com\/#\/schema\/logo\/image\/\"},\"sameAs\":[\"https:\/\/es.linkedin.com\/company\/giraffe-strategy\"]}]}<\/script>\n<!-- \/ Yoast SEO plugin. -->","yoast_head_json":{"title":"Por qu\u00e9 invertir en Andorra - Giraffe Strategy","description":"Por que invertir en Andorra? Giraffe Strategy te da las claves para traer tu empresa a Andorra y te ayuda en todo el proceso","robots":{"index":"index","follow":"follow","max-snippet":"max-snippet:-1","max-image-preview":"max-image-preview:large","max-video-preview":"max-video-preview:-1"},"canonical":"https:\/\/www.giraffe-andorra.com\/es\/gestoria-andorra\/invertir-andorra\/","og_locale":"es_ES","og_type":"article","og_title":"Por qu\u00e9 invertir en Andorra - Giraffe Strategy","og_description":"Por que invertir en Andorra? Giraffe Strategy te da las claves para traer tu empresa a Andorra y te ayuda en todo el proceso","og_url":"https:\/\/www.giraffe-andorra.com\/es\/gestoria-andorra\/invertir-andorra\/","og_site_name":"Giraffe Strategy","article_modified_time":"2022-09-07T16:46:46+00:00","twitter_card":"summary_large_image","twitter_misc":{"Tiempo de lectura":"4 minutos"},"schema":{"@context":"https:\/\/schema.org","@graph":[{"@type":"WebPage","@id":"https:\/\/www.giraffe-andorra.com\/es\/gestoria-andorra\/invertir-andorra\/","url":"https:\/\/www.giraffe-andorra.com\/es\/gestoria-andorra\/invertir-andorra\/","name":"Por qu\u00e9 invertir en Andorra - Giraffe Strategy","isPartOf":{"@id":"https:\/\/www.giraffe-andorra.com\/#website"},"datePublished":"2021-09-27T11:00:45+00:00","dateModified":"2022-09-07T16:46:46+00:00","description":"Por que invertir en Andorra? Giraffe Strategy te da las claves para traer tu empresa a Andorra y te ayuda en todo el proceso","breadcrumb":{"@id":"https:\/\/www.giraffe-andorra.com\/es\/gestoria-andorra\/invertir-andorra\/#breadcrumb"},"inLanguage":"es","potentialAction":[{"@type":"ReadAction","target":["https:\/\/www.giraffe-andorra.com\/es\/gestoria-andorra\/invertir-andorra\/"]}]},{"@type":"BreadcrumbList","@id":"https:\/\/www.giraffe-andorra.com\/es\/gestoria-andorra\/invertir-andorra\/#breadcrumb","itemListElement":[{"@type":"ListItem","position":1,"name":"Inici","item":"https:\/\/www.giraffe-andorra.com\/es\/"},{"@type":"ListItem","position":2,"name":"Giraffe Gestor\u00eda","item":"https:\/\/www.giraffe-andorra.com\/es\/gestoria-andorra\/"},{"@type":"ListItem","position":3,"name":"Por qu\u00e9 invertir en Andorra"}]},{"@type":"WebSite","@id":"https:\/\/www.giraffe-andorra.com\/#website","url":"https:\/\/www.giraffe-andorra.com\/","name":"Giraffe Strategy","description":"Consultoria y gestoria en Andorra","publisher":{"@id":"https:\/\/www.giraffe-andorra.com\/#organization"},"potentialAction":[{"@type":"SearchAction","target":{"@type":"EntryPoint","urlTemplate":"https:\/\/www.giraffe-andorra.com\/?s={search_term_string}"},"query-input":"required name=search_term_string"}],"inLanguage":"es"},{"@type":"Organization","@id":"https:\/\/www.giraffe-andorra.com\/#organization","name":"Giraffe Andorra","url":"https:\/\/www.giraffe-andorra.com\/","logo":{"@type":"ImageObject","inLanguage":"es","@id":"https:\/\/www.giraffe-andorra.com\/#\/schema\/logo\/image\/","url":"https:\/\/www.giraffe-andorra.com\/wp-content\/uploads\/2021\/05\/GIRAFFE-STRATEGY-Andorra.png","contentUrl":"https:\/\/www.giraffe-andorra.com\/wp-content\/uploads\/2021\/05\/GIRAFFE-STRATEGY-Andorra.png","width":500,"height":188,"caption":"Giraffe Andorra"},"image":{"@id":"https:\/\/www.giraffe-andorra.com\/#\/schema\/logo\/image\/"},"sameAs":["https:\/\/es.linkedin.com\/company\/giraffe-strategy"]}]}},"_links":{"self":[{"href":"https:\/\/www.giraffe-andorra.com\/es\/wp-json\/wp\/v2\/pages\/88199"}],"collection":[{"href":"https:\/\/www.giraffe-andorra.com\/es\/wp-json\/wp\/v2\/pages"}],"about":[{"href":"https:\/\/www.giraffe-andorra.com\/es\/wp-json\/wp\/v2\/types\/page"}],"author":[{"embeddable":true,"href":"https:\/\/www.giraffe-andorra.com\/es\/wp-json\/wp\/v2\/users\/1"}],"replies":[{"embeddable":true,"href":"https:\/\/www.giraffe-andorra.com\/es\/wp-json\/wp\/v2\/comments?post=88199"}],"version-history":[{"count":58,"href":"https:\/\/www.giraffe-andorra.com\/es\/wp-json\/wp\/v2\/pages\/88199\/revisions"}],"predecessor-version":[{"id":89473,"href":"https:\/\/www.giraffe-andorra.com\/es\/wp-json\/wp\/v2\/pages\/88199\/revisions\/89473"}],"up":[{"embeddable":true,"href":"https:\/\/www.giraffe-andorra.com\/es\/wp-json\/wp\/v2\/pages\/88173"}],"wp:attachment":[{"href":"https:\/\/www.giraffe-andorra.com\/es\/wp-json\/wp\/v2\/media?parent=88199"}],"curies":[{"name":"wp","href":"https:\/\/api.w.org\/{rel}","templated":true}]}}