{"id":89348,"date":"2022-03-03T02:37:29","date_gmt":"2022-03-03T00:37:29","guid":{"rendered":"https:\/\/www.giraffe-andorra.com\/?page_id=89348"},"modified":"2022-03-03T02:37:29","modified_gmt":"2022-03-03T00:37:29","slug":"aviso-legal","status":"publish","type":"page","link":"https:\/\/www.giraffe-andorra.com\/es\/aviso-legal\/","title":{"rendered":"Aviso legal"},"content":{"rendered":"<p><strong>GIRAFFE STRATEGY<\/strong>\u00a0es una marca de\u00a0<strong>GIRAFFE STRATEGY SL.<\/strong><\/p>\n<ol>\n<li><strong> INFORMACI\u00d3N GENERAL<\/strong><\/li>\n<\/ol>\n<p>El presente documento tiene por objetivo establecer las condiciones generales que ser\u00e1n de aplicaci\u00f3n al Sitio Web de GIRAFFE STRATEGY disponible en la url:\u00a0https:\/\/www.giraffe-andorra.com\/, en adelante el SITIO WEB, y tiene el valor de un Contrato entre GIRAFFE STRATEGY SL y el Usuario del SITIO WEB. A este documento en adelante se le denominar\u00e1 el AVISO LEGAL.<\/p>\n<p>En cumplimiento del deber de informaci\u00f3n establecido en el art\u00edculo 10 de la Ley 34\/2002, de 11 de julio, de la Sociedad de la Informaci\u00f3n y de Comercio Electr\u00f3nico (LSSICE), informamos de que\u00a0<strong>GIRAFFE STRATEGY SL<\/strong>, es la titular del SITIO WEB.<\/p>\n<p>Los datos identificativos de GIRAFFE STRATEGY son:<\/p>\n<ul>\n<li>Denominaci\u00f3n social:\u00a0<strong>GIRAFFE STRATEGY SL<\/strong><\/li>\n<li>R.T.: L-714201-Z<\/li>\n<li>Domicilio social: C. Bonaventura Armengol, 10 Edifici Monclar Escala 2 \u2013 6ena planta \u2013 Despatx 3<\/li>\n<li>Correo electr\u00f3nico:\u00a0 contact@giraffe-strategy.com<\/li>\n<\/ul>\n<p>El acceso a determinados contenidos ofrecidos a trav\u00e9s de este SITIO WEB puede encontrarse sometido a ciertas condiciones particulares propias que, seg\u00fan los casos, sustituyen, completan y\/o modifican estas condiciones generales. Igualmente, las condiciones comerciales aplicables a las compras realizadas en el SITIO WEB (condiciones de compra, modalidades de pago admitidas, pol\u00edtica de devoluciones, etc.) se encuentran recogidas en apartados habilitados a tal efecto.<\/p>\n<p>Se recomienda al Usuario que, con anterioridad al acceso y\/o utilizaci\u00f3n de dichos contenidos y servicios de comercio electr\u00f3nico, lea atentamente las correspondientes condiciones aplicables.<\/p>\n<p><strong>GIRAFFE STRATEGY SL<\/strong>, como responsable del sitio web, da conformidad con lo que dispone el Reglamento (UE) 2016\/679, de 27 de Abril, relativo a la protecci\u00f3n de les personas f\u00edsicas por lo que afecta al tratamiento de datos personales (abreviado como \u00abRGPD\u00bb), y la Ley 34\/2002, del 11 de Julio, de servicios de la sociedad de la informaci\u00f3n y del comercio electr\u00f3nico (LSSICE), les informamos que hemos implantado las medidas de seguridad necesarias, de \u00edndole t\u00e9cnica y organizativa, para garantizar y proteger la confidencialidad, la integridad y la disponibilidad de los datos introducidos en este sitio web.<\/p>\n<ol start=\"2\">\n<li><strong> USUARIOS<\/strong><\/li>\n<\/ol>\n<p>La utilizaci\u00f3n del SITIO WEB atribuye la condici\u00f3n de Usuario (en adelante, USUARIO), lo que implica la adhesi\u00f3n al presente AVISO LEGAL en la versi\u00f3n del mismo publicada en el momento en que se acceda al SITIO WEB.<strong>GIRAFFE STRATEGY SL<\/strong>\u00a0se reserva el derecho a modificar, en cualquier momento, la presentaci\u00f3n y la configuraci\u00f3n del SITIO WEB, as\u00ed como el presente AVISO LEGAL. Por ello,\u00a0<strong>GIRAFFE STRATEGY SL<\/strong>\u00a0recomienda al USUARIO revisar cuidadosamente el AVISO LEGAL cada vez que acceda al SITIO WEB.<\/p>\n<p>Con car\u00e1cter general, los servicios prestados por el SITIO WEB est\u00e1n dirigidos a mayores de edad, salvo que expresamente se indique lo contrario en las condiciones particulares aplicables a subapartados o funcionalidades espec\u00edficas del SITIO WEB (en cuyo caso,<strong>GIRAFFE STRATEGY SL<\/strong>\u00a0adoptar\u00e1 todas las medidas que legalmente correspondan). En todo caso, los USUARIOS menores de 14 a\u00f1os de edad deben utilizar el SITIO WEB en presencia de su padre, madre, tutor o representante legal, quienes aceptar\u00e1n el contenido de las presentes condiciones, supervisar\u00e1n en todo momento la utilizaci\u00f3n del SITIO WEB por parte de dichos menores y se responsabilizar\u00e1n de la navegaci\u00f3n que dichos menores realizan.\u00a0<strong>GIRAFFE STRATEGY SL\u00a0<\/strong>se reserva el derecho a solicitar documentos de autorizaci\u00f3n paterna verificables para la utilizaci\u00f3n del SITIO WEB por parte de menores de edad en los casos en los que lo considere oportuno para la salvaguarda de los derechos de las partes.<\/p>\n<ol start=\"3\">\n<li><strong> POL\u00cdTICA DE PRIVACIDAD Y PROTECCI\u00d3N DE DATOS PERSONALES<\/strong><\/li>\n<\/ol>\n<p>A continuaci\u00f3n, se expone la Pol\u00edtica de Privacidad y Protecci\u00f3n de Datos Personales aplicable al SITIO WEB sobre la informaci\u00f3n que el USUARIO puede facilitar cuando haga uso del mismo.<\/p>\n<ul>\n<li><strong>Pol\u00edtica de Privacidad<\/strong><\/li>\n<\/ul>\n<p>La Pol\u00edtica de Privacidad del Portal de Venta Online de\u00a0<strong>GIRAFFE STRATEGY SL<\/strong>\u00a0est\u00e1 presidida por el cumplimiento de la legislaci\u00f3n vigente en materia de Protecci\u00f3n de Datos de car\u00e1cter personal y la Ley de Servicios de la Sociedad de la Informaci\u00f3n y Comercio Electr\u00f3nico.<\/p>\n<p>En cumplimiento de lo establecido en el Reglamento Europeo UE 679\/2016 de 27 de abril de 2016,\u00a0Reglamento General de Protecci\u00f3n de Datos (en adelante, RGPD),\u00a0<strong>GIRAFFE STRATEGY SL\u00a0<\/strong>informa que los datos de car\u00e1cter personal proporcionados por el USUARIO, sigue la protecci\u00f3n de las personas f\u00edsicas\u00a0en lo que respecta al tratamiento de datos personales y a la libre circulaci\u00f3n de estos datos\u00a0y por el que se deroga la Directiva 95\/46\/CE (RGPD) no transmitiendo en ning\u00fan caso datos personales de personas f\u00edsicas y no usando con finalidades comerciales sin su consentimiento previo.<\/p>\n<ul>\n<li>En cumplimiento de lo establecido en la Ley Org\u00e1nica 15\/1999, de 13 de diciembre, de Protecci\u00f3n de Datos de Car\u00e1cter Personal (en adelante, LOPD),\u00a0<strong>GIRAFFE STRATEGY SL\u00a0<\/strong>informa de que los datos de car\u00e1cter personal proporcionados por el USUARIO, ser\u00e1n incorporados a un fichero automatizado titularidad de\u00a0<strong>GIRAFFE STRATEGY SL\u00a0<\/strong>y cuya finalidad es la de gestionar y administrar el acceso a los contenidos del SITIO WEB, prestar servicios de comercio electr\u00f3nico, elaborar estad\u00edsticas de uso, remitir boletines informativos y gestionar cualquier tipo de incidencia en los servicios.Los datos recabados por\u00a0<strong>GIRAFFE STRATEGY SL\u00a0<\/strong>no se comunicar\u00e1n a terceros, excepto en aquellos casos en que est\u00e9 permitido por el art\u00edculo 11 de la LOPD y sea necesario para la correcta prestaci\u00f3n de servicios y en supuestos expresamente autorizados por el USUARIO.\u00a0<strong>GIRAFFE STRATEGY SL<\/strong>ha adoptado los niveles de seguridad de protecci\u00f3n de los Datos Personales legalmente requeridos por la normativa vigente, y ha instalado todos los medios y medidas t\u00e9cnicas y organizativas a su alcance para evitar la p\u00e9rdida, mal uso, alteraci\u00f3n, acceso no autorizado y robo de los Datos Personales facilitados por el USUARIO. Los USUARIOS que hayan facilitado sus datos a\u00a0<strong>GIRAFFE STRATEGY SL\u00a0<\/strong>podr\u00e1n dirigirse a \u00e9ste, en su calidad de Responsable del fichero, con el fin de poder ejercitar gratuitamente sus derechos de acceso, rectificaci\u00f3n, cancelaci\u00f3n y oposici\u00f3n respecto de los datos incorporados en sus ficheros, mediante comunicaci\u00f3n v\u00eda email al correo electr\u00f3nico info@editorialelpirata.com o por correo postal en la siguiente direcci\u00f3n: A\/A: Departamento Legal, X, Calle La Costa, 7408023 \u2013 Barcelona, con la siguiente referencia en su carta: \u201cEjercicio de derechos ley \u201cLOPD\u201d\u201d (en esta modalidad de notificaci\u00f3n, mediante correo postal, el USUARIO deber\u00e1 acreditar su personalidad aportando fotocopia de su D.N.I.).<\/li>\n<\/ul>\n<p>&nbsp;<\/p>\n<ul>\n<li><strong>Protecci\u00f3n de Menores<\/strong><\/li>\n<\/ul>\n<p>Con car\u00e1cter general, los productos y servicios prestados a trav\u00e9s del SITIO WEB est\u00e1n dirigidos a mayores de edad, por lo que\u00a0<strong>GIRAFFE STRATEGY SL\u00a0<\/strong>no recopila deliberadamente datos personales de menores de edad.<\/p>\n<p>En aquellos casos en los que se ofrezcan productos o servicios dirigidos a menores de 14 a\u00f1os, se solicitar\u00e1 el registro de sus padres o representantes legales.<\/p>\n<p>En el supuesto de que subapartados o funcionalidades espec\u00edficas del SITIO WEB requieran datos personales de menores de 14 a\u00f1os,\u00a0<strong>GIRAFFE STRATEGY SL\u00a0<\/strong>solicitar\u00e1 el consentimiento de sus padres o representantes legales. Tal circunstancia se indicar\u00e1 en el documento de condiciones particulares aplicables a ese subapartado o funcionalidad y\u00a0<strong>GIRAFFE STRATEGY SL\u00a0<\/strong>adoptar\u00e1 las medidas que legalmente correspondan.<\/p>\n<p><strong>GIRAFFE STRATEGY SL\u00a0<\/strong>no responde de los datos de menores que sin poder conocer este hecho, se hayan facilitado sin consentimiento de padre, madre o tutor. En el caso de que\u00a0<strong>GIRAFFE STRATEGY SL\u00a0<\/strong>tenga conocimiento de haber recibido inadvertidamente a trav\u00e9s de los formularios de registro del SITIO WEB datos personales de menores de 14 a\u00f1os, proceder\u00e1 a suprimir dichos datos de sus registros.<\/p>\n<p><strong>\u00a0<\/strong><\/p>\n<ol start=\"4\">\n<li><strong> COMUNICACI\u00d3N<\/strong><\/li>\n<\/ol>\n<p><strong>GIRAFFE STRATEGY SL\u00a0<\/strong>pone a disposici\u00f3n del USUARIO un canal de contacto directo, v\u00eda correo electr\u00f3nico, tel\u00e9fono y chat Tidio, que puede utilizar para comunicarse con\u00a0<strong>GIRAFFE STRATEGY SL\u00a0<\/strong>claramente visibles en el SITIO WEB.<\/p>\n<ol start=\"5\">\n<li><strong> DERECHOS DE PROPIEDAD INTELECTUAL E INDUSTRIAL<\/strong><\/li>\n<\/ol>\n<p>Todos los contenidos del SITIO WEB, tales como textos, gr\u00e1ficos, fotograf\u00edas, logotipos, iconos, im\u00e1genes, as\u00ed como el dise\u00f1o gr\u00e1fico, c\u00f3digo fuente y software, son de la exclusiva propiedad de\u00a0<strong>GIRAFFE STRATEGY SL\u00a0<\/strong>o de terceros, cuyos derechos reconoce\u00a0<strong>GIRAFFE STRATEGY SL<\/strong>, y est\u00e1n sujetos a derechos de propiedad intelectual e industrial protegidos por la legislaci\u00f3n nacional e internacional vigente en cada momento. Est\u00e1 prohibida la utilizaci\u00f3n de estos elementos sin la previa autorizaci\u00f3n escrita de\u00a0<strong>GIRAFFE STRATEGY SL<\/strong>\u00a0o de sus respectivos titulares.<\/p>\n<p>El USUARIO se obliga a usar los contenidos de forma diligente, correcta y l\u00edcita y, en particular, se compromete a abstenerse de:<\/p>\n<ul>\n<li>Utilizar los contenidos de forma, con fines o efectos contrarios a la ley, a la moral y a las buenas costumbres generalmente aceptadas o al orden p\u00fablico;<\/li>\n<li>Reproducir o copiar, distribuir, permitir el acceso del p\u00fablico a trav\u00e9s de cualquier modalidad de comunicaci\u00f3n p\u00fablica, transformar o modificar los contenidos, a menos que se cuente con la autorizaci\u00f3n del titular de los correspondientes derechos o ello resulte legalmente permitido;<\/li>\n<li>Vulnerar derechos de propiedad intelectual o industrial pertenecientes a\u00a0<strong>GIRAFFE STRATEGY SL<\/strong>o a terceros;<\/li>\n<li>Emplear los contenidos y, en particular, la informaci\u00f3n de cualquier clase obtenida a trav\u00e9s del SITIO WEB para remitir publicidad, comunicaciones con fines de venta directa o con cualquier otra clase de finalidad comercial, mensajes no solicitados dirigidos a una pluralidad de personas con independencia de su finalidad, as\u00ed como de comercializar o divulgar de cualquier modo dicha informaci\u00f3n.<\/li>\n<\/ul>\n<p>El USUARIO responder\u00e1 de los da\u00f1os y perjuicios de toda naturaleza que\u00a0<strong>GIRAFFE STRATEGY SL<\/strong>\u00a0pueda sufrir, directa o indirectamente, como consecuencia del incumplimiento de cualquiera de las obligaciones derivadas de las Condiciones Generales o de la ley en relaci\u00f3n con la utilizaci\u00f3n del SITIO WEB.<\/p>\n<p><strong>GIRAFFE STRATEGY SL\u00a0<\/strong>velar\u00e1 en todo momento por el respeto del ordenamiento jur\u00eddico vigente, y estar\u00e1 legitimada para interrumpir y\/o eliminar, a su entera discreci\u00f3n, los contenidos o excluir al USUARIO del SITIO WEB en caso de presunta comisi\u00f3n, completa o incompleta, de alguno de los delitos o faltas tipificados por el C\u00f3digo Penal vigente, o en caso de observar cualesquiera conductas que a juicio de\u00a0<strong>GIRAFFE STRATEGY SL\u00a0<\/strong>resulten contrarias a la moral, el orden, las buenas costumbres o las reglas internas de\u00a0<strong>GIRAFFE STRATEGY SL\u00a0<\/strong>o sus colaboradores, o puedan perturbar el buen funcionamiento, imagen, credibilidad y\/o prestigio de\u00a0<strong>GIRAFFE STRATEGY SL\u00a0<\/strong>o sus colaboradores.<\/p>\n<p>La infracci\u00f3n de cualquiera de los derechos anteriormente citados puede constituir una vulneraci\u00f3n de las presentes disposiciones, as\u00ed como un delito castigado de acuerdo con los art\u00edculos 270 y siguientes del C\u00f3digo Penal. El incumplimiento por parte del USUARIO de cualquiera de las condiciones facultar\u00e1 a\u00a0<strong>GIRAFFE STRATEGY SL\u00a0<\/strong>desde ese mismo momento para inhabilitar sus claves de acceso al SITIO WEB.<\/p>\n<ol start=\"6\">\n<li><strong>6<\/strong><strong>. EXCLUSI\u00d3N DE GARANT\u00cdAS Y RESPONSABILIDAD<\/strong><\/li>\n<\/ol>\n<p><strong>GIRAFFE STRATEGY SL\u00a0<\/strong>se reserva el derecho a interrumpir el acceso al SITIO WEB, as\u00ed como la prestaci\u00f3n de cualquiera o de todos los servicios que se prestan a trav\u00e9s del mismo en cualquier momento y sin previo aviso, ya sea por motivos t\u00e9cnicos, de seguridad, de control, de mantenimiento, por fallos de suministro el\u00e9ctrico o por cualquier otra causa.<\/p>\n<p>En consecuencia,\u00a0<strong>GIRAFFE STRATEGY SL\u00a0<\/strong>no garantiza la fiabilidad, la disponibilidad ni la continuidad del SITIO WEB ni de sus contenidos, por lo que la utilizaci\u00f3n de los mismos por parte del USUARIO se lleva a cabo por su propia cuenta y riesgo, sin que, en ning\u00fan momento, puedan exigirse responsabilidades a\u00a0<strong>GIRAFFE STRATEGY SL\u00a0<\/strong>en este sentido.<\/p>\n<p><strong>GIRAFFE STRATEGY SL\u00a0<\/strong>no ser\u00e1 responsable en caso de que existan interrupciones del servicio, demoras, errores, mal funcionamiento del mismo y, en general, dem\u00e1s inconvenientes que tengan su origen en causas que escapan del control de\u00a0<strong>GIRAFFE STRATEGY SL<\/strong>, y\/o debida a una actuaci\u00f3n dolosa o culposa del USUARIO y\/o tenga por origen causas de Fuerza Mayor. En cualquier caso, sea cual fuere su causa,\u00a0<strong>GIRAFFE STRATEGY SL\u00a0<\/strong>no asumir\u00e1 responsabilidad alguna ya sea por da\u00f1os directos o indirectos, da\u00f1o emergente y\/o por lucro cesante.\u00a0<strong>GIRAFFE STRATEGY SL\u00a0<\/strong>tendr\u00e1 derecho, sin que exista indemnizaci\u00f3n alguna al USUARIO por estos conceptos, a suspender temporalmente los servicios y contenidos del SITIO WEB para efectuar operaciones de mantenimiento, mejora o reparaci\u00f3n de los mismos.<\/p>\n<ol start=\"7\">\n<li><strong> LEGISLACI\u00d3N APLICABLE Y JURISDICCI\u00d3N<\/strong><\/li>\n<\/ol>\n<p>El presente Aviso Legal, as\u00ed como las relaciones establecidas entre\u00a0<strong>GIRAFFE STRATEGY SL<\/strong>\u00a0y el USUARIO se regir\u00e1 por la legislaci\u00f3n andorrana vigente.<\/p>\n<p>El cauce natural para resoluci\u00f3n de las incidencias que puedan surgir entre el USUARIO y\u00a0<strong>GIRAFFE STRATEGY SL\u00a0<\/strong>en la ejecuci\u00f3n e interpretaci\u00f3n de los servicios prestados, es, en primer lugar, el de las conversaciones directas y personales. S\u00f3lo en caso de ineficacia de las mismas y salvo disposici\u00f3n expresa en contrario de la vigente legislaci\u00f3n de enjuiciamiento civil, cualquier controversia que pueda surgir entre\u00a0<strong>GIRAFFE STRATEGY SL\u00a0<\/strong>y el USUARIO se someter\u00e1 a los Juzgados y Tribunales del domicilio del consumidor.<\/p>\n<p>&nbsp;<\/p>\n","protected":false},"excerpt":{"rendered":"<p>GIRAFFE STRATEGY\u00a0es una marca de\u00a0GIRAFFE STRATEGY SL. INFORMACI\u00d3N GENERAL El presente documento tiene por objetivo establecer las condiciones generales que [&hellip;]<\/p>\n","protected":false},"author":1,"featured_media":0,"parent":0,"menu_order":0,"comment_status":"closed","ping_status":"closed","template":"","meta":{"footnotes":""},"yoast_head":"<!-- This site is optimized with the Yoast SEO plugin v22.3 - https:\/\/yoast.com\/wordpress\/plugins\/seo\/ -->\n<title>Aviso legal - Giraffe Strategy<\/title>\n<meta name=\"robots\" content=\"index, follow, max-snippet:-1, max-image-preview:large, max-video-preview:-1\" \/>\n<link rel=\"canonical\" href=\"https:\/\/www.giraffe-andorra.com\/es\/aviso-legal\/\" \/>\n<meta property=\"og:locale\" content=\"es_ES\" \/>\n<meta property=\"og:type\" content=\"article\" \/>\n<meta property=\"og:title\" content=\"Aviso legal - Giraffe Strategy\" \/>\n<meta property=\"og:description\" content=\"GIRAFFE STRATEGY\u00a0es una marca de\u00a0GIRAFFE STRATEGY SL. INFORMACI\u00d3N GENERAL El presente documento tiene por objetivo establecer las condiciones generales que [&hellip;]\" \/>\n<meta property=\"og:url\" content=\"https:\/\/www.giraffe-andorra.com\/es\/aviso-legal\/\" \/>\n<meta property=\"og:site_name\" content=\"Giraffe Strategy\" \/>\n<meta name=\"twitter:card\" content=\"summary_large_image\" \/>\n<meta name=\"twitter:label1\" content=\"Tiempo de lectura\" \/>\n\t<meta name=\"twitter:data1\" content=\"11 minutos\" \/>\n<script type=\"application\/ld+json\" class=\"yoast-schema-graph\">{\"@context\":\"https:\/\/schema.org\",\"@graph\":[{\"@type\":\"WebPage\",\"@id\":\"https:\/\/www.giraffe-andorra.com\/es\/aviso-legal\/\",\"url\":\"https:\/\/www.giraffe-andorra.com\/es\/aviso-legal\/\",\"name\":\"Aviso legal - Giraffe Strategy\",\"isPartOf\":{\"@id\":\"https:\/\/www.giraffe-andorra.com\/#website\"},\"datePublished\":\"2022-03-03T00:37:29+00:00\",\"dateModified\":\"2022-03-03T00:37:29+00:00\",\"breadcrumb\":{\"@id\":\"https:\/\/www.giraffe-andorra.com\/es\/aviso-legal\/#breadcrumb\"},\"inLanguage\":\"es\",\"potentialAction\":[{\"@type\":\"ReadAction\",\"target\":[\"https:\/\/www.giraffe-andorra.com\/es\/aviso-legal\/\"]}]},{\"@type\":\"BreadcrumbList\",\"@id\":\"https:\/\/www.giraffe-andorra.com\/es\/aviso-legal\/#breadcrumb\",\"itemListElement\":[{\"@type\":\"ListItem\",\"position\":1,\"name\":\"Inici\",\"item\":\"https:\/\/www.giraffe-andorra.com\/es\/\"},{\"@type\":\"ListItem\",\"position\":2,\"name\":\"Aviso legal\"}]},{\"@type\":\"WebSite\",\"@id\":\"https:\/\/www.giraffe-andorra.com\/#website\",\"url\":\"https:\/\/www.giraffe-andorra.com\/\",\"name\":\"Giraffe Strategy\",\"description\":\"Consultoria y gestoria en Andorra\",\"publisher\":{\"@id\":\"https:\/\/www.giraffe-andorra.com\/#organization\"},\"potentialAction\":[{\"@type\":\"SearchAction\",\"target\":{\"@type\":\"EntryPoint\",\"urlTemplate\":\"https:\/\/www.giraffe-andorra.com\/?s={search_term_string}\"},\"query-input\":\"required name=search_term_string\"}],\"inLanguage\":\"es\"},{\"@type\":\"Organization\",\"@id\":\"https:\/\/www.giraffe-andorra.com\/#organization\",\"name\":\"Giraffe Andorra\",\"url\":\"https:\/\/www.giraffe-andorra.com\/\",\"logo\":{\"@type\":\"ImageObject\",\"inLanguage\":\"es\",\"@id\":\"https:\/\/www.giraffe-andorra.com\/#\/schema\/logo\/image\/\",\"url\":\"https:\/\/www.giraffe-andorra.com\/wp-content\/uploads\/2021\/05\/GIRAFFE-STRATEGY-Andorra.png\",\"contentUrl\":\"https:\/\/www.giraffe-andorra.com\/wp-content\/uploads\/2021\/05\/GIRAFFE-STRATEGY-Andorra.png\",\"width\":500,\"height\":188,\"caption\":\"Giraffe Andorra\"},\"image\":{\"@id\":\"https:\/\/www.giraffe-andorra.com\/#\/schema\/logo\/image\/\"},\"sameAs\":[\"https:\/\/es.linkedin.com\/company\/giraffe-strategy\"]}]}<\/script>\n<!-- \/ Yoast SEO plugin. -->","yoast_head_json":{"title":"Aviso legal - Giraffe Strategy","robots":{"index":"index","follow":"follow","max-snippet":"max-snippet:-1","max-image-preview":"max-image-preview:large","max-video-preview":"max-video-preview:-1"},"canonical":"https:\/\/www.giraffe-andorra.com\/es\/aviso-legal\/","og_locale":"es_ES","og_type":"article","og_title":"Aviso legal - Giraffe Strategy","og_description":"GIRAFFE STRATEGY\u00a0es una marca de\u00a0GIRAFFE STRATEGY SL. INFORMACI\u00d3N GENERAL El presente documento tiene por objetivo establecer las condiciones generales que [&hellip;]","og_url":"https:\/\/www.giraffe-andorra.com\/es\/aviso-legal\/","og_site_name":"Giraffe Strategy","twitter_card":"summary_large_image","twitter_misc":{"Tiempo de lectura":"11 minutos"},"schema":{"@context":"https:\/\/schema.org","@graph":[{"@type":"WebPage","@id":"https:\/\/www.giraffe-andorra.com\/es\/aviso-legal\/","url":"https:\/\/www.giraffe-andorra.com\/es\/aviso-legal\/","name":"Aviso legal - Giraffe Strategy","isPartOf":{"@id":"https:\/\/www.giraffe-andorra.com\/#website"},"datePublished":"2022-03-03T00:37:29+00:00","dateModified":"2022-03-03T00:37:29+00:00","breadcrumb":{"@id":"https:\/\/www.giraffe-andorra.com\/es\/aviso-legal\/#breadcrumb"},"inLanguage":"es","potentialAction":[{"@type":"ReadAction","target":["https:\/\/www.giraffe-andorra.com\/es\/aviso-legal\/"]}]},{"@type":"BreadcrumbList","@id":"https:\/\/www.giraffe-andorra.com\/es\/aviso-legal\/#breadcrumb","itemListElement":[{"@type":"ListItem","position":1,"name":"Inici","item":"https:\/\/www.giraffe-andorra.com\/es\/"},{"@type":"ListItem","position":2,"name":"Aviso legal"}]},{"@type":"WebSite","@id":"https:\/\/www.giraffe-andorra.com\/#website","url":"https:\/\/www.giraffe-andorra.com\/","name":"Giraffe Strategy","description":"Consultoria y gestoria en Andorra","publisher":{"@id":"https:\/\/www.giraffe-andorra.com\/#organization"},"potentialAction":[{"@type":"SearchAction","target":{"@type":"EntryPoint","urlTemplate":"https:\/\/www.giraffe-andorra.com\/?s={search_term_string}"},"query-input":"required name=search_term_string"}],"inLanguage":"es"},{"@type":"Organization","@id":"https:\/\/www.giraffe-andorra.com\/#organization","name":"Giraffe Andorra","url":"https:\/\/www.giraffe-andorra.com\/","logo":{"@type":"ImageObject","inLanguage":"es","@id":"https:\/\/www.giraffe-andorra.com\/#\/schema\/logo\/image\/","url":"https:\/\/www.giraffe-andorra.com\/wp-content\/uploads\/2021\/05\/GIRAFFE-STRATEGY-Andorra.png","contentUrl":"https:\/\/www.giraffe-andorra.com\/wp-content\/uploads\/2021\/05\/GIRAFFE-STRATEGY-Andorra.png","width":500,"height":188,"caption":"Giraffe Andorra"},"image":{"@id":"https:\/\/www.giraffe-andorra.com\/#\/schema\/logo\/image\/"},"sameAs":["https:\/\/es.linkedin.com\/company\/giraffe-strategy"]}]}},"_links":{"self":[{"href":"https:\/\/www.giraffe-andorra.com\/es\/wp-json\/wp\/v2\/pages\/89348"}],"collection":[{"href":"https:\/\/www.giraffe-andorra.com\/es\/wp-json\/wp\/v2\/pages"}],"about":[{"href":"https:\/\/www.giraffe-andorra.com\/es\/wp-json\/wp\/v2\/types\/page"}],"author":[{"embeddable":true,"href":"https:\/\/www.giraffe-andorra.com\/es\/wp-json\/wp\/v2\/users\/1"}],"replies":[{"embeddable":true,"href":"https:\/\/www.giraffe-andorra.com\/es\/wp-json\/wp\/v2\/comments?post=89348"}],"version-history":[{"count":1,"href":"https:\/\/www.giraffe-andorra.com\/es\/wp-json\/wp\/v2\/pages\/89348\/revisions"}],"predecessor-version":[{"id":89349,"href":"https:\/\/www.giraffe-andorra.com\/es\/wp-json\/wp\/v2\/pages\/89348\/revisions\/89349"}],"wp:attachment":[{"href":"https:\/\/www.giraffe-andorra.com\/es\/wp-json\/wp\/v2\/media?parent=89348"}],"curies":[{"name":"wp","href":"https:\/\/api.w.org\/{rel}","templated":true}]}}